{"id":3713,"date":"2022-08-02T07:09:34","date_gmt":"2022-08-02T07:09:34","guid":{"rendered":"https:\/\/godinci.org\/dumnezeu\/"},"modified":"2024-07-26T05:59:05","modified_gmt":"2024-07-26T05:59:05","slug":"dumnezeu","status":"publish","type":"page","link":"https:\/\/godinci.org\/ro\/dumnezeu\/","title":{"rendered":"DUMNEZEU"},"content":{"rendered":"<p>[et_pb_section fb_built=&#8221;1&#8243; disabled_on=&#8221;off|off|on&#8221; admin_label=&#8221;section&#8221; _builder_version=&#8221;4.18.0&#8243; width=&#8221;100%&#8221; max_width=&#8221;100%&#8221; custom_margin=&#8221;0px|0px||0px|false|true&#8221; custom_padding=&#8221;0px|0px|0px|0px|false|true&#8221; global_colors_info=&#8221;{}&#8221;][et_pb_row admin_label=&#8221;row&#8221; _builder_version=&#8221;4.18.0&#8243; background_size=&#8221;initial&#8221; background_position=&#8221;top_left&#8221; background_repeat=&#8221;repeat&#8221; width=&#8221;100%&#8221; max_width=&#8221;100%&#8221; custom_margin=&#8221;0px||||false|false&#8221; custom_padding=&#8221;15px|15px|0px|15px|false|true&#8221; global_colors_info=&#8221;{}&#8221;][et_pb_column type=&#8221;4_4&#8243; _builder_version=&#8221;4.18.0&#8243; custom_padding=&#8221;||||false|false&#8221; global_colors_info=&#8221;{}&#8221; custom_padding__hover=&#8221;|||&#8221;][et_pb_text module_class=&#8221;citat&#8221; _builder_version=&#8221;4.18.0&#8243; _module_preset=&#8221;default&#8221; text_font=&#8221;Kalam||||||||&#8221; text_text_color=&#8221;#660101&#8243; text_font_size=&#8221;13px&#8221; text_line_height=&#8221;1.5em&#8221; link_text_color=&#8221;#660101&#8243; text_orientation=&#8221;right&#8221; custom_margin=&#8221;||||false|false&#8221; custom_padding=&#8221;10px||10px|90px|true|false&#8221; global_colors_info=&#8221;{}&#8221;]<\/p>\n<p>\u201cTrupul nostru depinde de Cer si Cerul de Spirit .&#8221;<br \/>(Leonardo Da Vinci)<\/p>\n<p>[\/et_pb_text][\/et_pb_column][\/et_pb_row][\/et_pb_section][et_pb_section fb_built=&#8221;1&#8243; disabled_on=&#8221;off|off|off&#8221; admin_label=&#8221;Desktop good page&#8221; _builder_version=&#8221;4.18.0&#8243; _module_preset=&#8221;default&#8221; background_enable_color=&#8221;off&#8221; background_enable_image=&#8221;off&#8221; background_position=&#8221;top_right&#8221; background_horizontal_offset=&#8221;0%&#8221; z_index=&#8221;10000&#8243; height=&#8221;100%&#8221; custom_margin=&#8221;0px||0px|0px|false|false&#8221; custom_padding=&#8221;0px||0px|0px|false|false&#8221; global_colors_info=&#8221;{}&#8221;][et_pb_row disabled_on=&#8221;on|on|off&#8221; _builder_version=&#8221;4.18.0&#8243; _module_preset=&#8221;default&#8221; positioning=&#8221;fixed&#8221; z_index=&#8221;999999999&#8243; global_colors_info=&#8221;{}&#8221;][et_pb_column type=&#8221;4_4&#8243; _builder_version=&#8221;4.18.0&#8243; _module_preset=&#8221;default&#8221; global_colors_info=&#8221;{}&#8221;][et_pb_menu menu_id=&#8221;38&#8243; menu_style=&#8221;centered&#8221; active_link_color=&#8221;#FFFFFF&#8221; dropdown_menu_bg_color=&#8221;RGBA(255,255,255,0)&#8221; dropdown_menu_text_color=&#8221;#FFFFFF&#8221; dropdown_menu_active_link_color=&#8221;#FFFFFF&#8221; mobile_menu_bg_color=&#8221;#606062&#8243; mobile_menu_text_color=&#8221;#FFFFFF&#8221; menu_icon_font_size=&#8221;48px&#8221; disabled_on=&#8221;on|on|off&#8221; module_class=&#8221;hambdesk&#8221; _builder_version=&#8221;4.18.0&#8243; _module_preset=&#8221;default&#8221; menu_font_size=&#8221;18px&#8221; background_color=&#8221;#4b4b4d&#8221; positioning=&#8221;absolute&#8221; vertical_offset=&#8221;67px&#8221; z_index=&#8221;9999999999&#8243; background_layout=&#8221;dark&#8221; width=&#8221;100%&#8221; height=&#8221;80px&#8221; max_height=&#8221;80px&#8221; custom_margin=&#8221;-74px|||37.2vw|false|false&#8221; custom_padding=&#8221;20px|14px|14px|15px|false|false&#8221; sticky_position=&#8221;top&#8221; custom_css_main_element=&#8221;display: flex;||width: 80px;&#8221; border_radii=&#8221;on|50%|50%|50%|50%&#8221; border_width_all=&#8221;1px&#8221; border_color_all=&#8221;#FFFFFF&#8221; global_colors_info=&#8221;{}&#8221; dropdown_menu_bg_color__sticky_enabled=&#8221;off|desktop&#8221; dropdown_menu_bg_color__hover_enabled=&#8221;off|desktop&#8221; background__hover_enabled=&#8221;on|hover&#8221; background_color__hover=&#8221;#aa0022&#8243; background_enable_color__hover=&#8221;on&#8221;][\/et_pb_menu][\/et_pb_column][\/et_pb_row][et_pb_row column_structure=&#8221;2_5,3_5&#8243; use_custom_gutter=&#8221;on&#8221; make_equal=&#8221;on&#8221; disabled_on=&#8221;off|off|off&#8221; admin_label=&#8221;Row&#8221; module_class=&#8221;patru-col&#8221; _builder_version=&#8221;4.18.0&#8243; _module_preset=&#8221;default&#8221; background_enable_image=&#8221;off&#8221; positioning=&#8221;none&#8221; horizontal_offset=&#8221;12%&#8221; width=&#8221;100%&#8221; max_width=&#8221;100%&#8221; module_alignment=&#8221;center&#8221; overflow-y=&#8221;visible&#8221; custom_margin=&#8221;0px||0px|0px|false|false&#8221; custom_padding=&#8221;0px||0px|0px|false|false&#8221; custom_css_main_element=&#8221;height: 100%&#8221; global_colors_info=&#8221;{}&#8221; background__hover_enabled=&#8221;on|desktop&#8221;][et_pb_column type=&#8221;2_5&#8243; module_class=&#8221;col1&#8243; disabled_on=&#8221;on|on|off&#8221; _builder_version=&#8221;4.18.0&#8243; _module_preset=&#8221;default&#8221; background_enable_color=&#8221;off&#8221; background_image=&#8221;https:\/\/godinci.org\/wp-content\/uploads\/2022\/10\/god1veryshort-scaled.jpg&#8221; background_position=&#8221;top_left&#8221; positioning=&#8221;fixed&#8221; custom_padding=&#8221;40px||||false|false&#8221; global_colors_info=&#8221;{}&#8221; background__hover_enabled=&#8221;on|hover&#8221; background_image__hover=&#8221;https:\/\/godinci.org\/wp-content\/uploads\/2022\/10\/god2veryshort-scaled.jpg&#8221; background_enable_image__hover=&#8221;on&#8221; background_position__hover=&#8221;top_left&#8221;][et_pb_text disabled_on=&#8221;on|on|off&#8221; _builder_version=&#8221;4.18.0&#8243; _module_preset=&#8221;default&#8221; header_font=&#8221;Roboto|700|||||||&#8221; header_text_align=&#8221;center&#8221; header_text_color=&#8221;#FFFFFF&#8221; header_font_size=&#8221;36px&#8221; z_index=&#8221;99999&#8243; custom_margin=&#8221;-20px||||false|false&#8221; custom_padding=&#8221;0px||7vh||false|false&#8221; global_colors_info=&#8221;{}&#8221;]<\/p>\n<h1 style=\"text-align: center;\">DUMNEZEU<\/h1>\n<p>[\/et_pb_text][et_pb_blurb alt=&#8221;Godinci&#8221; image_icon_width=&#8221;100%&#8221; icon_alignment=&#8221;left&#8221; content_max_width=&#8221;30vw&#8221; disabled_on=&#8221;on|on|off&#8221; _builder_version=&#8221;4.18.0&#8243; _module_preset=&#8221;default&#8221; background_color=&#8221;RGBA(255,255,255,0)&#8221; background_enable_image=&#8221;off&#8221; positioning=&#8221;absolute&#8221; z_index=&#8221;99000&#8243; width=&#8221;30vw&#8221; min_height=&#8221;30vw&#8221; height=&#8221;30vw&#8221; max_height=&#8221;30vw&#8221; custom_margin=&#8221;10vw|||4vw|false|false&#8221; custom_padding=&#8221;0px|0px|20px|0px|false|true&#8221; animation=&#8221;off&#8221; hover_transition_duration=&#8221;0ms&#8221; border_radii=&#8221;on|50%|50%|50%|50%&#8221; border_color_all=&#8221;RGBA(255,255,255,0)&#8221; global_colors_info=&#8221;{}&#8221; background__hover_enabled=&#8221;on|hover&#8221; background_image__hover=&#8221;https:\/\/godinci.org\/wp-content\/uploads\/2022\/10\/god3veryshort-scaled.jpg&#8221; background_enable_image__hover=&#8221;on&#8221; background_color__hover=&#8221;&#8221; background_enable_color__hover=&#8221;off&#8221; custom_css_main_element__hover_enabled=&#8221;on|hover&#8221; custom_css_main_element__hover=&#8221;border-radius: 0px;||margin: 0px;||height: 100%;||width: 100%;&#8221; background_position__hover=&#8221;top_left&#8221; custom_margin__hover_enabled=&#8221;on|hover&#8221; custom_margin__hover=&#8221;0px|||0px|false|false&#8221; min_height__hover_enabled=&#8221;on|hover&#8221; min_height__hover=&#8221;100%&#8221; height__hover_enabled=&#8221;on|hover&#8221; height__hover=&#8221;100%&#8221; max_height__hover_enabled=&#8221;on|hover&#8221; max_height__hover=&#8221;100%&#8221; background_size__hover=&#8221;cover&#8221; image__hover_enabled=&#8221;on|hover&#8221; image__hover=&#8221;&#8221; transform_styles__hover_enabled=&#8221;on|hover&#8221; transform_scale__hover_enabled=&#8221;on|hover&#8221; transform_translate__hover_enabled=&#8221;on|hover&#8221; transform_rotate__hover_enabled=&#8221;on|hover&#8221; transform_skew__hover_enabled=&#8221;on|hover&#8221; transform_origin__hover_enabled=&#8221;on|hover&#8221; content_max_width__hover_enabled=&#8221;on|hover&#8221; content_max_width__hover=&#8221;100%&#8221; width__hover_enabled=&#8221;on|hover&#8221; width__hover=&#8221;100%&#8221; max_width__hover_enabled=&#8221;on|hover&#8221; max_width__hover=&#8221;100%&#8221;][\/et_pb_blurb][et_pb_text disabled_on=&#8221;off|off|off&#8221; module_class=&#8221;quo&#8221; _builder_version=&#8221;4.18.0&#8243; _module_preset=&#8221;default&#8221; text_font=&#8221;Kalam||||||||&#8221; text_text_color=&#8221;#FFFFFF&#8221; text_font_size=&#8221;19px&#8221; text_line_height=&#8221;1.3em&#8221; positioning=&#8221;absolute&#8221; position_origin_a=&#8221;bottom_center&#8221; vertical_offset=&#8221;50px&#8221; z_index=&#8221;99999&#8243; text_orientation=&#8221;center&#8221; background_layout=&#8221;dark&#8221; width=&#8221;80%&#8221; custom_margin=&#8221;||||false|false&#8221; custom_padding=&#8221;||0px||false|true&#8221; global_colors_info=&#8221;{}&#8221;]<\/p>\n<p style=\"text-align: center;\">\u201cTrupul nostru depinde de Cer si Cerul de Spirit .&#8221;<\/p>\n<p>[\/et_pb_text][et_pb_text disabled_on=&#8221;off|off|off&#8221; module_class=&#8221;quo&#8221; _builder_version=&#8221;4.18.0&#8243; _module_preset=&#8221;default&#8221; text_font=&#8221;Kalam||||||||&#8221; text_text_color=&#8221;#FFFFFF&#8221; text_font_size=&#8221;19px&#8221; text_line_height=&#8221;1.3em&#8221; positioning=&#8221;absolute&#8221; position_origin_a=&#8221;bottom_center&#8221; vertical_offset=&#8221;0px&#8221; z_index=&#8221;99999&#8243; text_orientation=&#8221;center&#8221; background_layout=&#8221;dark&#8221; width=&#8221;80%&#8221; custom_margin=&#8221;||||false|false&#8221; custom_padding=&#8221;||0px||false|true&#8221; global_colors_info=&#8221;{}&#8221;]<\/p>\n<p style=\"text-align: right;\">(Leonardo Da Vinci)<\/p>\n<p>[\/et_pb_text][\/et_pb_column][et_pb_column type=&#8221;3_5&#8243; module_class=&#8221;col2&#8243; admin_label=&#8221;Column&#8221; _builder_version=&#8221;4.18.0&#8243; _module_preset=&#8221;default&#8221; background_enable_image=&#8221;off&#8221; background_size=&#8221;initial&#8221; background_position=&#8221;top_left&#8221; z_index=&#8221;99999&#8243; overflow-y=&#8221;auto&#8221; custom_padding=&#8221;6vh|||0px|false|false&#8221; custom_padding_tablet=&#8221;0vh||||false|false&#8221; custom_padding_phone=&#8221;0vh||||false|false&#8221; custom_padding_last_edited=&#8221;on|phone&#8221; global_colors_info=&#8221;{}&#8221;][et_pb_text ol_position=&#8221;outside&#8221; ol_item_indent=&#8221;30px&#8221; admin_label=&#8221;Main text &#8211; here you can edit&#8221; module_class=&#8221;maintext&#8221; _builder_version=&#8221;4.18.0&#8243; ul_text_align=&#8221;left&#8221; ol_text_align=&#8221;left&#8221; header_text_color=&#8221;#660101&#8243; header_2_text_color=&#8221;#660101&#8243; background_size=&#8221;initial&#8221; background_position=&#8221;top_left&#8221; background_repeat=&#8221;repeat&#8221; custom_margin=&#8221;160px||||false|false&#8221; custom_margin_tablet=&#8221;0px||||false|false&#8221; custom_margin_phone=&#8221;0px||||false|false&#8221; custom_margin_last_edited=&#8221;on|tablet&#8221; custom_padding=&#8221;||60px||false|false&#8221; custom_padding_tablet=&#8221;15px|15px|15px|15px|true|true&#8221; custom_padding_phone=&#8221;15px|15px|15px|15px|true|true&#8221; custom_padding_last_edited=&#8221;on|phone&#8221; global_colors_info=&#8221;{}&#8221;]<\/p>\n<p style=\"text-align: right;\"><strong><u>Demistificarea Cunosc\u0103torului cognoscibil<br \/><\/u><\/strong><\/p>\n<h2>Punerea in ordine a lucrurilor<\/h2>\n<p>V\u0103 auzim g\u00e2ndind: de ce includem subiectul lui DUMNEZEU pe site-ul nostru, dac\u0103 nu suntem motiva\u021bi religios?<\/p>\n<p>Ei bine, religia \u0219i DUMNEZEU sunt dou\u0103 subiecte diferite, deoarece cineva poate crede \u00een DUMNEZEU f\u0103r\u0103 a fi religios sau poate fi religios f\u0103r\u0103 a crede \u00een DUMNEZEU.<br \/>Exist\u0103 mult\u0103 confuzie cu privire la conceptul de DUMNEZEU, deoarece lui DUMNEZEU i-au fost date numeroase semnifica\u021bii \u0219i atribute, iar aceste atribute, cum ar fi puterile, ocupa\u021biile \u0219i afilierile Lui, nu doar c\u0103 variaz\u0103 foarte mult de la o cultur\u0103 la alta, dar sunt adesea \u00een dezacord unele cu altele, f\u0103c\u00e2nd consensul planetar o utopie.<\/p>\n<p><img loading=\"lazy\" decoding=\"async\" class=\"\" src=\"https:\/\/external-content.duckduckgo.com\/iu\/?u=http%3A%2F%2F38.media.tumblr.com%2F37bc48c8f8ff19f76fdef6d22896dbbe%2Ftumblr_mwzse5o4qm1rqkjmno1_500.gif&amp;f=1&amp;nofb=1&amp;ipt=2c7dcb9ce1747cabc6c48d7d6fc826d2dfb8521bc5ba38c3a9fffa9977707b2d&amp;ipo=images\" alt=\"tumblr_mwzse5o4qm1rqkjmno1_500.gif\" width=\"300\" height=\"300\" \/><\/p>\n<h2>Ce este \u00een el pentru noi?<\/h2>\n<p>Cu toate acestea, dac\u0103 DUMNEZEU este real \u0219i are, dup\u0103 cum a ajuns s\u0103 \u00een\u021beleag\u0103 Godinci, <strong>atribute rela\u021bionale<\/strong> cu Natura, atunci investigarea lui DUMNEZEU este similar\u0103 cu investigarea Naturii, cu excep\u021bia c\u0103 DUMNEZEU este imaterial.<\/p>\n<p><a href=\"https:\/\/godinci.org\/ro\/godinciologie\/\">Godinciologia<\/a> ne permite s\u0103 investig\u0103m neobservabilul prin intermediul observabilului, deci se preteaz\u0103 perfect pentru aceast\u0103 sarcin\u0103.<\/p>\n<p>De aceea, vedem ca parte integrant\u0103 a misiunii noastre de a contura \u0219i de a demonstra tuturor c\u0103ut\u0103torilor de adev\u0103r cum fiecare, \u00een conformitate cu propria capacitate mental\u0103 \u0219i prin utilizarea Godinciologiei, poate ajunge la o perspectiva <strong>veridic\u0103<\/strong> asupra lui DUMNEZEU \u0219i a rela\u021biei Sale cu Natura \u0219i Sinele.<\/p>\n<p>[\/et_pb_text][et_pb_divider color=&#8221;#960101&#8243; divider_position=&#8221;center&#8221; divider_weight=&#8221;3px&#8221; _builder_version=&#8221;4.18.0&#8243; _module_preset=&#8221;default&#8221; width=&#8221;30%&#8221; max_width=&#8221;30%&#8221; custom_margin=&#8221;-40px||20px||false|false&#8221; custom_margin_tablet=&#8221;0px||||false|false&#8221; custom_margin_phone=&#8221;0px||||false|false&#8221; custom_margin_last_edited=&#8221;on|phone&#8221; custom_padding=&#8221;0px|||0px|false|false&#8221; custom_padding_tablet=&#8221;|||10px|false|false&#8221; custom_padding_phone=&#8221;|||10px|false|false&#8221; custom_padding_last_edited=&#8221;on|phone&#8221; global_colors_info=&#8221;{}&#8221;][\/et_pb_divider][\/et_pb_column][\/et_pb_row][et_pb_row column_structure=&#8221;1_5,1_5,1_5,1_5,1_5&#8243; use_custom_gutter=&#8221;on&#8221; make_equal=&#8221;on&#8221; disabled_on=&#8221;on|on|off&#8221; admin_label=&#8221;Row&#8221; module_class=&#8221;patru-col&#8221; _builder_version=&#8221;4.18.0&#8243; _module_preset=&#8221;default&#8221; background_enable_image=&#8221;off&#8221; positioning=&#8221;fixed&#8221; position_origin_f=&#8221;bottom_left&#8221; z_index=&#8221;99999&#8243; width=&#8221;100%&#8221; max_width=&#8221;100%&#8221; overflow-y=&#8221;visible&#8221; custom_margin=&#8221;0px|auto|0px|auto|false|false&#8221; custom_padding=&#8221;0px||0px||false|false&#8221; global_module=&#8221;14144&#8243; global_colors_info=&#8221;{}&#8221; background__hover_enabled=&#8221;on|desktop&#8221;][et_pb_column type=&#8221;1_5&#8243; _builder_version=&#8221;4.18.0&#8243; _module_preset=&#8221;default&#8221; background_enable_color=&#8221;off&#8221; background_enable_image=&#8221;off&#8221; background_position=&#8221;top_left&#8221; custom_padding=&#8221;40px||||false|false&#8221; custom_css_main_element=&#8221;width: 40% !important;&#8221; global_colors_info=&#8221;{}&#8221; background__hover_enabled=&#8221;on|hover&#8221; background_image__hover=&#8221;&#8221; background_enable_image__hover=&#8221;off&#8221; background_position__hover=&#8221;top_left&#8221;][\/et_pb_column][et_pb_column type=&#8221;1_5&#8243; module_id=&#8221;brain&#8221; admin_label=&#8221;Column&#8221; _builder_version=&#8221;4.18.0&#8243; _module_preset=&#8221;default&#8221; background_enable_image=&#8221;off&#8221; background_size=&#8221;initial&#8221; background_position=&#8221;top_left&#8221; z_index=&#8221;99999&#8243; custom_padding=&#8221;6vh|||0px|false|false&#8221; custom_css_main_element=&#8221;width: 12% !important;&#8221; global_colors_info=&#8221;{}&#8221;][et_pb_image src=&#8221;https:\/\/godinci.org\/wp-content\/uploads\/2022\/08\/godinci-logo-1-300&#215;99.png&#8221; title_text=&#8221;godinci&#8221; url=&#8221;\/ro\/&#8221; _builder_version=&#8221;4.18.1&#8243; _module_preset=&#8221;default&#8221; background_color=&#8221;#606062&#8243; module_alignment=&#8221;center&#8221; height=&#8221;50px&#8221; max_height=&#8221;50px&#8221; custom_margin=&#8221;||||false|false&#8221; custom_padding=&#8221;0px|||26px|false|false&#8221; global_colors_info=&#8221;{}&#8221;][\/et_pb_image][et_pb_button button_url=&#8221;https:\/\/godinci.org\/ro\/contact\/&#8221; button_text=&#8221; @&#8221; button_alignment=&#8221;center&#8221; disabled_on=&#8221;off|off|off&#8221; admin_label=&#8221;Button&#8221; _builder_version=&#8221;4.18.0&#8243; _module_preset=&#8221;default&#8221; custom_button=&#8221;on&#8221; button_text_size=&#8221;28px&#8221; button_text_color=&#8221;#FFFFFF&#8221; button_bg_color=&#8221;#4b4b4d&#8221; button_bg_enable_image=&#8221;off&#8221; button_border_width=&#8221;1px&#8221; button_border_color=&#8221;#FFFFFF&#8221; button_border_radius=&#8221;42px&#8221; button_use_icon=&#8221;off&#8221; positioning=&#8221;absolute&#8221; position_origin_a=&#8221;bottom_left&#8221; vertical_offset=&#8221;25px&#8221; horizontal_offset=&#8221;-24px&#8221; z_index=&#8221;99999999&#8243; background_layout=&#8221;dark&#8221; custom_margin=&#8221;-42px|||0px|false|false&#8221; custom_padding=&#8221;0px||2px|12px|false|false&#8221; custom_css_main_element=&#8221;width: 50px;||max-width: 50px;&#8221; global_colors_info=&#8221;{}&#8221; button_text__hover_enabled=&#8221;on|desktop&#8221; button_text__hover=&#8221;C O N T A C T @&#8221;][\/et_pb_button][\/et_pb_column][et_pb_column type=&#8221;1_5&#8243; module_id=&#8221;brain&#8221; _builder_version=&#8221;4.18.0&#8243; _module_preset=&#8221;default&#8221; background_enable_image=&#8221;off&#8221; background_position=&#8221;top_center&#8221; custom_padding=&#8221;6vh|||0px|false|false&#8221; custom_css_main_element=&#8221;width: 28% !important;&#8221; global_colors_info=&#8221;{}&#8221;][et_pb_text disabled_on=&#8221;off|off|off&#8221; _builder_version=&#8221;4.25.2&#8243; _module_preset=&#8221;default&#8221; background_color=&#8221;#606062&#8243; positioning=&#8221;absolute&#8221; position_origin_a=&#8221;bottom_center&#8221; z_index=&#8221;99999&#8243; text_orientation=&#8221;center&#8221; background_layout=&#8221;dark&#8221; width=&#8221;120%&#8221; height=&#8221;50px&#8221; overflow-x=&#8221;visible&#8221; custom_margin=&#8221;0px||||false|false&#8221; custom_padding=&#8221;12px||||false|false&#8221; global_colors_info=&#8221;{}&#8221;]<\/p>\n<p>Copyright \u00a9 Godinci 2024 All Rights Reserved<\/p>\n<p>[\/et_pb_text][\/et_pb_column][et_pb_column type=&#8221;1_5&#8243; module_id=&#8221;brain&#8221; _builder_version=&#8221;4.18.0&#8243; _module_preset=&#8221;default&#8221; background_enable_image=&#8221;off&#8221; background_position=&#8221;top_center&#8221; custom_padding=&#8221;6vh|||0px|false|false&#8221; custom_css_main_element=&#8221;width: 10% !important;&#8221; global_colors_info=&#8221;{}&#8221;][et_pb_text disabled_on=&#8221;off|off|off&#8221; _builder_version=&#8221;4.27.0&#8243; _module_preset=&#8221;default&#8221; text_font=&#8221;||||on||||&#8221; link_text_color=&#8221;#FFFFFF&#8221; background_color=&#8221;#606062&#8243; positioning=&#8221;absolute&#8221; position_origin_a=&#8221;bottom_center&#8221; z_index=&#8221;99999&#8243; text_orientation=&#8221;center&#8221; background_layout=&#8221;dark&#8221; width=&#8221;100%&#8221; height=&#8221;50px&#8221; max_height=&#8221;50px&#8221; overflow-x=&#8221;visible&#8221; custom_margin=&#8221;0px||||false|false&#8221; custom_padding=&#8221;12px||||false|false&#8221; hover_enabled=&#8221;0&#8243; border_color_all=&#8221;RGBA(255,255,255,0)&#8221; global_colors_info=&#8221;{}&#8221; link_text_color__hover_enabled=&#8221;on|hover&#8221; link_text_color__hover=&#8221;#660101&#8243; sticky_enabled=&#8221;0&#8243;]<\/p>\n<p><a href=\"https:\/\/godinci.org\/ro\/copyright\/\">Copyright<\/a><\/p>\n<p>[\/et_pb_text][\/et_pb_column][et_pb_column type=&#8221;1_5&#8243; module_id=&#8221;brain&#8221; _builder_version=&#8221;4.18.0&#8243; _module_preset=&#8221;default&#8221; background_enable_image=&#8221;off&#8221; background_position=&#8221;top_center&#8221; custom_padding=&#8221;6vh|||0px|false|false&#8221; custom_css_main_element=&#8221;width: 10% !important;&#8221; global_colors_info=&#8221;{}&#8221;][et_pb_menu menu_id=&#8221;36&#8243; menu_style=&#8221;centered&#8221; submenu_direction=&#8221;upwards&#8221; active_link_color=&#8221;#E09900&#8243; dropdown_menu_bg_color=&#8221;#4b4b4d&#8221; dropdown_menu_line_color=&#8221;RGBA(255,255,255,0)&#8221; dropdown_menu_text_color=&#8221;#FFFFFF&#8221; dropdown_menu_active_link_color=&#8221;#660101&#8243; mobile_menu_bg_color=&#8221;RGBA(255,255,255,0)&#8221; mobile_menu_text_color=&#8221;#FFFFFF&#8221; menu_icon_color=&#8221;RGBA(255,255,255,0)&#8221; disabled_on=&#8221;off|off|off&#8221; module_class=&#8221;desk&#8221; _builder_version=&#8221;4.18.0&#8243; _module_preset=&#8221;default&#8221; menu_text_color=&#8221;RGBA(255,255,255,0)&#8221; background_color=&#8221;#4b4b4d&#8221; positioning=&#8221;absolute&#8221; position_origin_a=&#8221;bottom_right&#8221; vertical_offset=&#8221;25px&#8221; horizontal_offset=&#8221;14px&#8221; z_index=&#8221;9999999&#8243; background_layout=&#8221;dark&#8221; width=&#8221;46px&#8221; max_width=&#8221;46px&#8221; custom_margin=&#8221;||||false|false&#8221; custom_padding=&#8221;3px|6px|7px|6px|false|true&#8221; custom_css_dropdown_container=&#8221;max-width: 46px !important;&#8221; custom_css_dropdown_links=&#8221;max-width: 102px !important;||margin-left: 0px !important;&#8221; border_radii=&#8221;on|22px|22px|22px|22px&#8221; border_width_all=&#8221;1px&#8221; border_color_all=&#8221;#FFFFFF&#8221; global_colors_info=&#8221;{}&#8221; menu_text_color__hover_enabled=&#8221;on|hover&#8221; menu_text_color__hover=&#8221;RGBA(255,255,255,0)&#8221;][\/et_pb_menu][et_pb_text disabled_on=&#8221;off|off|off&#8221; _builder_version=&#8221;4.27.0&#8243; _module_preset=&#8221;default&#8221; link_font=&#8221;||||on||||&#8221; link_text_color=&#8221;#FFFFFF&#8221; background_color=&#8221;#606062&#8243; positioning=&#8221;absolute&#8221; position_origin_a=&#8221;bottom_center&#8221; z_index=&#8221;99999&#8243; text_orientation=&#8221;center&#8221; background_layout=&#8221;dark&#8221; width=&#8221;100%&#8221; max_width=&#8221;100%&#8221; height=&#8221;50px&#8221; max_height=&#8221;50px&#8221; custom_margin=&#8221;0px||||false|false&#8221; custom_padding=&#8221;12px||||false|false&#8221; hover_enabled=&#8221;0&#8243; global_colors_info=&#8221;{}&#8221; link_text_color__hover_enabled=&#8221;on|hover&#8221; link_text_color__hover=&#8221;#660101&#8243; sticky_enabled=&#8221;0&#8243;]<\/p>\n<p><a href=\"https:\/\/godinci.org\/ro\/privacy-policy\/\">Policy<\/a><\/p>\n<p>[\/et_pb_text][\/et_pb_column][\/et_pb_row][\/et_pb_section]<\/p>\n","protected":false},"excerpt":{"rendered":"<p>\u201cTrupul nostru depinde de Cer si Cerul de Spirit .&#8221;(Leonardo Da Vinci)DUMNEZEU\u201cTrupul nostru depinde de Cer si Cerul de Spirit .&#8221;(Leonardo Da Vinci)Demistificarea Cunosc\u0103torului cognoscibil Punerea in ordine a lucrurilor V\u0103 auzim g\u00e2ndind: de ce includem subiectul lui DUMNEZEU pe site-ul nostru, dac\u0103 nu suntem motiva\u021bi religios? Ei bine, religia \u0219i DUMNEZEU sunt dou\u0103 subiecte [&hellip;]<\/p>\n","protected":false},"author":1,"featured_media":0,"parent":0,"menu_order":0,"comment_status":"closed","ping_status":"closed","template":"","meta":{"_et_pb_use_builder":"on","_et_pb_old_content":"","_et_gb_content_width":"","footnotes":""},"class_list":["post-3713","page","type-page","status-publish","hentry"],"_links":{"self":[{"href":"https:\/\/godinci.org\/ro\/wp-json\/wp\/v2\/pages\/3713","targetHints":{"allow":["GET"]}}],"collection":[{"href":"https:\/\/godinci.org\/ro\/wp-json\/wp\/v2\/pages"}],"about":[{"href":"https:\/\/godinci.org\/ro\/wp-json\/wp\/v2\/types\/page"}],"author":[{"embeddable":true,"href":"https:\/\/godinci.org\/ro\/wp-json\/wp\/v2\/users\/1"}],"replies":[{"embeddable":true,"href":"https:\/\/godinci.org\/ro\/wp-json\/wp\/v2\/comments?post=3713"}],"version-history":[{"count":43,"href":"https:\/\/godinci.org\/ro\/wp-json\/wp\/v2\/pages\/3713\/revisions"}],"predecessor-version":[{"id":16479,"href":"https:\/\/godinci.org\/ro\/wp-json\/wp\/v2\/pages\/3713\/revisions\/16479"}],"wp:attachment":[{"href":"https:\/\/godinci.org\/ro\/wp-json\/wp\/v2\/media?parent=3713"}],"curies":[{"name":"wp","href":"https:\/\/api.w.org\/{rel}","templated":true}]}}