{"id":3653,"date":"2022-08-02T07:09:49","date_gmt":"2022-08-02T07:09:49","guid":{"rendered":"https:\/\/godinci.org\/baranerie\/"},"modified":"2022-11-01T11:35:48","modified_gmt":"2022-11-01T11:35:48","slug":"baranerie","status":"publish","type":"page","link":"https:\/\/godinci.org\/ro\/baranerie\/","title":{"rendered":"Baranerie"},"content":{"rendered":"<p>[et_pb_section fb_built=&#8221;1&#8243; disabled_on=&#8221;off|off|on&#8221; admin_label=&#8221;mobile top quote&#8221; _builder_version=&#8221;4.18.0&#8243; width=&#8221;100%&#8221; max_width=&#8221;100%&#8221; custom_margin=&#8221;0px|0px||0px|false|true&#8221; custom_padding=&#8221;0px|0px|0px|0px|false|true&#8221; global_colors_info=&#8221;{}&#8221;][et_pb_row disabled_on=&#8221;off|off|on&#8221; admin_label=&#8221;row&#8221; _builder_version=&#8221;4.18.0&#8243; background_size=&#8221;initial&#8221; background_position=&#8221;top_left&#8221; background_repeat=&#8221;repeat&#8221; width=&#8221;100%&#8221; max_width=&#8221;100%&#8221; custom_margin=&#8221;0px||||false|false&#8221; custom_padding=&#8221;15px|15px|0px|15px|false|true&#8221; global_colors_info=&#8221;{}&#8221;][et_pb_column type=&#8221;4_4&#8243; _builder_version=&#8221;4.18.0&#8243; custom_padding=&#8221;||||false|false&#8221; global_colors_info=&#8221;{}&#8221; custom_padding__hover=&#8221;|||&#8221;][et_pb_text admin_label=&#8221;Text&#8221; module_class=&#8221;citat&#8221; _builder_version=&#8221;4.18.0&#8243; _module_preset=&#8221;default&#8221; text_font=&#8221;Kalam||||||||&#8221; text_text_color=&#8221;#660101&#8243; text_font_size=&#8221;13px&#8221; text_line_height=&#8221;1.5em&#8221; link_text_color=&#8221;#660101&#8243; text_orientation=&#8221;right&#8221; custom_margin=&#8221;||||false|false&#8221; custom_padding=&#8221;10px||10px|90px|true|false&#8221; global_colors_info=&#8221;{}&#8221;]<\/p>\n<p>\u201cAm fost impresionat de urgen\u021ba de a ac\u021biona. Cunoa\u0219terea nu este suficient\u0103; trebuie sa o aplicam. A fi dispus nu este suficient; trebuie s\u0103 trecem la fapte.\u201d<br \/>(Leonardo Da Vinci)<\/p>\n<p>[\/et_pb_text][\/et_pb_column][\/et_pb_row][\/et_pb_section][et_pb_section fb_built=&#8221;1&#8243; disabled_on=&#8221;off|off|off&#8221; admin_label=&#8221;Desktop good page&#8221; _builder_version=&#8221;4.18.0&#8243; _module_preset=&#8221;default&#8221; background_enable_color=&#8221;off&#8221; background_enable_image=&#8221;off&#8221; background_position=&#8221;top_right&#8221; background_horizontal_offset=&#8221;0%&#8221; z_index=&#8221;10000&#8243; height=&#8221;100%&#8221; custom_margin=&#8221;0px||0px|0px|false|false&#8221; custom_padding=&#8221;0px||0px|0px|false|false&#8221; global_colors_info=&#8221;{}&#8221;][et_pb_row disabled_on=&#8221;on|on|off&#8221; _builder_version=&#8221;4.18.0&#8243; _module_preset=&#8221;default&#8221; positioning=&#8221;fixed&#8221; z_index=&#8221;999999999&#8243; global_colors_info=&#8221;{}&#8221;][et_pb_column type=&#8221;4_4&#8243; _builder_version=&#8221;4.18.0&#8243; _module_preset=&#8221;default&#8221; global_colors_info=&#8221;{}&#8221;][et_pb_menu menu_id=&#8221;38&#8243; menu_style=&#8221;centered&#8221; active_link_color=&#8221;#FFFFFF&#8221; dropdown_menu_bg_color=&#8221;RGBA(255,255,255,0)&#8221; dropdown_menu_text_color=&#8221;#FFFFFF&#8221; dropdown_menu_active_link_color=&#8221;#FFFFFF&#8221; mobile_menu_bg_color=&#8221;#606062&#8243; mobile_menu_text_color=&#8221;#FFFFFF&#8221; menu_icon_font_size=&#8221;48px&#8221; disabled_on=&#8221;on|on|off&#8221; module_class=&#8221;hambdesk&#8221; _builder_version=&#8221;4.18.0&#8243; _module_preset=&#8221;default&#8221; menu_font_size=&#8221;18px&#8221; background_color=&#8221;#4b4b4d&#8221; positioning=&#8221;absolute&#8221; vertical_offset=&#8221;67px&#8221; z_index=&#8221;9999999999&#8243; background_layout=&#8221;dark&#8221; width=&#8221;100%&#8221; height=&#8221;80px&#8221; max_height=&#8221;80px&#8221; custom_margin=&#8221;-74px|||37.2vw|false|false&#8221; custom_padding=&#8221;20px|14px|14px|15px|false|false&#8221; sticky_position=&#8221;top&#8221; custom_css_main_element=&#8221;display: flex;||width: 80px;&#8221; border_radii=&#8221;on|50%|50%|50%|50%&#8221; border_width_all=&#8221;1px&#8221; border_color_all=&#8221;#FFFFFF&#8221; global_colors_info=&#8221;{}&#8221; dropdown_menu_bg_color__sticky_enabled=&#8221;off|desktop&#8221; dropdown_menu_bg_color__hover_enabled=&#8221;off|desktop&#8221; background__hover_enabled=&#8221;on|hover&#8221; background_color__hover=&#8221;#aa0022&#8243; background_enable_color__hover=&#8221;on&#8221;][\/et_pb_menu][\/et_pb_column][\/et_pb_row][et_pb_row column_structure=&#8221;2_5,3_5&#8243; use_custom_gutter=&#8221;on&#8221; make_equal=&#8221;on&#8221; disabled_on=&#8221;off|off|off&#8221; admin_label=&#8221;Row&#8221; module_class=&#8221;patru-col&#8221; _builder_version=&#8221;4.18.0&#8243; _module_preset=&#8221;default&#8221; background_enable_image=&#8221;off&#8221; positioning=&#8221;none&#8221; horizontal_offset=&#8221;12%&#8221; width=&#8221;100%&#8221; max_width=&#8221;100%&#8221; module_alignment=&#8221;center&#8221; overflow-y=&#8221;visible&#8221; custom_margin=&#8221;0px||0px|0px|false|false&#8221; custom_padding=&#8221;0px||0px|0px|false|false&#8221; custom_css_main_element=&#8221;height: 100%&#8221; global_colors_info=&#8221;{}&#8221; background__hover_enabled=&#8221;on|desktop&#8221;][et_pb_column type=&#8221;2_5&#8243; module_class=&#8221;col1&#8243; disabled_on=&#8221;on|on|off&#8221; _builder_version=&#8221;4.18.0&#8243; _module_preset=&#8221;default&#8221; background_enable_color=&#8221;off&#8221; background_image=&#8221;https:\/\/godinci.org\/wp-content\/uploads\/2022\/10\/bara1veryshort-scaled.jpg&#8221; background_position=&#8221;top_left&#8221; positioning=&#8221;fixed&#8221; custom_padding=&#8221;40px||||false|false&#8221; global_colors_info=&#8221;{}&#8221; background__hover_enabled=&#8221;on|hover&#8221; background_image__hover=&#8221;https:\/\/godinci.org\/wp-content\/uploads\/2022\/10\/bara2veryshort-scaled.jpg&#8221; background_enable_image__hover=&#8221;on&#8221; background_position__hover=&#8221;top_left&#8221;][et_pb_text disabled_on=&#8221;on|on|off&#8221; _builder_version=&#8221;4.18.0&#8243; _module_preset=&#8221;default&#8221; header_font=&#8221;Roboto|700|||||||&#8221; header_text_align=&#8221;center&#8221; header_text_color=&#8221;#FFFFFF&#8221; header_font_size=&#8221;36px&#8221; z_index=&#8221;99999&#8243; custom_margin=&#8221;-20px||||false|false&#8221; custom_padding=&#8221;0px||7vh||false|false&#8221; global_colors_info=&#8221;{}&#8221;]<\/p>\n<h1 style=\"text-align: center;\">Baranerie<\/h1>\n<p>[\/et_pb_text][et_pb_blurb alt=&#8221;Godinci&#8221; image_icon_width=&#8221;100%&#8221; icon_alignment=&#8221;left&#8221; content_max_width=&#8221;30vw&#8221; disabled_on=&#8221;on|on|off&#8221; _builder_version=&#8221;4.18.0&#8243; _module_preset=&#8221;default&#8221; background_color=&#8221;RGBA(255,255,255,0)&#8221; background_enable_image=&#8221;off&#8221; positioning=&#8221;absolute&#8221; z_index=&#8221;99000&#8243; width=&#8221;30vw&#8221; min_height=&#8221;30vw&#8221; height=&#8221;30vw&#8221; max_height=&#8221;30vw&#8221; custom_margin=&#8221;10vw|||4vw|false|false&#8221; custom_padding=&#8221;0px|0px|20px|0px|false|true&#8221; animation=&#8221;off&#8221; hover_transition_duration=&#8221;0ms&#8221; border_radii=&#8221;on|50%|50%|50%|50%&#8221; border_color_all=&#8221;RGBA(255,255,255,0)&#8221; global_colors_info=&#8221;{}&#8221; background__hover_enabled=&#8221;on|hover&#8221; background_image__hover=&#8221;https:\/\/godinci.org\/wp-content\/uploads\/2022\/10\/bara3veryshort-scaled.jpg&#8221; background_enable_image__hover=&#8221;on&#8221; background_color__hover=&#8221;&#8221; background_enable_color__hover=&#8221;off&#8221; custom_css_main_element__hover_enabled=&#8221;on|hover&#8221; custom_css_main_element__hover=&#8221;border-radius: 0px;||margin: 0px;||height: 100%;||width: 100%;&#8221; background_position__hover=&#8221;top_left&#8221; custom_margin__hover_enabled=&#8221;on|hover&#8221; custom_margin__hover=&#8221;0px|||0px|false|false&#8221; min_height__hover_enabled=&#8221;on|hover&#8221; min_height__hover=&#8221;100%&#8221; height__hover_enabled=&#8221;on|hover&#8221; height__hover=&#8221;100%&#8221; max_height__hover_enabled=&#8221;on|hover&#8221; max_height__hover=&#8221;100%&#8221; background_size__hover=&#8221;cover&#8221; image__hover_enabled=&#8221;on|hover&#8221; image__hover=&#8221;&#8221; transform_styles__hover_enabled=&#8221;on|hover&#8221; transform_scale__hover_enabled=&#8221;on|hover&#8221; transform_translate__hover_enabled=&#8221;on|hover&#8221; transform_rotate__hover_enabled=&#8221;on|hover&#8221; transform_skew__hover_enabled=&#8221;on|hover&#8221; transform_origin__hover_enabled=&#8221;on|hover&#8221; content_max_width__hover_enabled=&#8221;on|hover&#8221; content_max_width__hover=&#8221;100%&#8221; width__hover_enabled=&#8221;on|hover&#8221; width__hover=&#8221;100%&#8221; max_width__hover_enabled=&#8221;on|hover&#8221; max_width__hover=&#8221;100%&#8221;][\/et_pb_blurb][et_pb_text disabled_on=&#8221;off|off|off&#8221; module_class=&#8221;quo&#8221; _builder_version=&#8221;4.18.0&#8243; _module_preset=&#8221;default&#8221; text_font=&#8221;Kalam||||||||&#8221; text_text_color=&#8221;#FFFFFF&#8221; text_font_size=&#8221;19px&#8221; text_line_height=&#8221;1.3em&#8221; positioning=&#8221;absolute&#8221; position_origin_a=&#8221;bottom_center&#8221; vertical_offset=&#8221;50px&#8221; z_index=&#8221;99999&#8243; text_orientation=&#8221;center&#8221; background_layout=&#8221;dark&#8221; width=&#8221;80%&#8221; custom_margin=&#8221;||||false|false&#8221; custom_padding=&#8221;||0px||false|true&#8221; global_colors_info=&#8221;{}&#8221;]<\/p>\n<p>\u201cAm fost impresionat de urgen\u021ba de a ac\u021biona. Cunoa\u0219terea nu este suficient\u0103; trebuie sa o aplicam. A fi dispus nu este suficient; trebuie s\u0103 trecem la fapte.\u201d<\/p>\n<p>[\/et_pb_text][et_pb_text disabled_on=&#8221;off|off|off&#8221; module_class=&#8221;quo&#8221; _builder_version=&#8221;4.18.0&#8243; _module_preset=&#8221;default&#8221; text_font=&#8221;Kalam||||||||&#8221; text_text_color=&#8221;#FFFFFF&#8221; text_font_size=&#8221;19px&#8221; text_line_height=&#8221;1.3em&#8221; positioning=&#8221;absolute&#8221; position_origin_a=&#8221;bottom_center&#8221; vertical_offset=&#8221;0px&#8221; z_index=&#8221;99999&#8243; text_orientation=&#8221;center&#8221; background_layout=&#8221;dark&#8221; width=&#8221;80%&#8221; custom_margin=&#8221;||||false|false&#8221; custom_padding=&#8221;||0px||false|true&#8221; global_colors_info=&#8221;{}&#8221;]<\/p>\n<p style=\"text-align: right;\">(Leonardo Da Vinci)<\/p>\n<p>[\/et_pb_text][\/et_pb_column][et_pb_column type=&#8221;3_5&#8243; module_class=&#8221;col2&#8243; admin_label=&#8221;Column&#8221; _builder_version=&#8221;4.18.0&#8243; _module_preset=&#8221;default&#8221; background_enable_image=&#8221;off&#8221; background_size=&#8221;initial&#8221; background_position=&#8221;top_left&#8221; z_index=&#8221;99999&#8243; overflow-y=&#8221;auto&#8221; custom_padding=&#8221;6vh|||0px|false|false&#8221; custom_padding_tablet=&#8221;0vh||||false|false&#8221; custom_padding_phone=&#8221;0vh||||false|false&#8221; custom_padding_last_edited=&#8221;on|phone&#8221; global_colors_info=&#8221;{}&#8221;][et_pb_text ol_position=&#8221;outside&#8221; ol_item_indent=&#8221;30px&#8221; admin_label=&#8221;Main text &#8211; here you can edit&#8221; module_class=&#8221;maintext&#8221; _builder_version=&#8221;4.18.1&#8243; ul_text_align=&#8221;left&#8221; ol_text_align=&#8221;left&#8221; header_text_color=&#8221;#660101&#8243; header_2_text_color=&#8221;#660101&#8243; background_size=&#8221;initial&#8221; background_position=&#8221;top_left&#8221; background_repeat=&#8221;repeat&#8221; custom_margin=&#8221;160px||||false|false&#8221; custom_margin_tablet=&#8221;0px||||false|false&#8221; custom_margin_phone=&#8221;0px||||false|false&#8221; custom_margin_last_edited=&#8221;on|tablet&#8221; custom_padding=&#8221;||60px||false|false&#8221; custom_padding_tablet=&#8221;15px|15px|15px|15px|true|true&#8221; custom_padding_phone=&#8221;15px|15px|15px|15px|true|true&#8221; custom_padding_last_edited=&#8221;on|phone&#8221; hover_enabled=&#8221;0&#8243; global_colors_info=&#8221;{}&#8221; sticky_enabled=&#8221;0&#8243;]<\/p>\n<p style=\"text-align: right;\"><strong><u>Construim pentru progresul Omenirii<br \/><\/u><\/strong><\/p>\n<h2>Despre ce e vorba?<\/h2>\n<p>Evolu\u021bia noastr\u0103, spre deosebire de cea a animalelor, este \u00een principal un proces mental.<br \/>No\u021biunea noastr\u0103 despre Lume este cea care cultiv\u0103 modele comportamentale \u00een noi \u0219i ne \u00eempinge c\u0103tre anumite \u00eenclina\u021bii. <br \/>\u00cen consecin\u021b\u0103, o \u00een\u021belegere gre\u0219it\u0103 a Naturii \u0219i a Sinelui hr\u0103ne\u0219te fiara din interior, potolindu-ne nevoi gre\u0219ite.<\/p>\n<p>Pentru a evita acest lucru, trebuie s\u0103 evalu\u0103m, s\u0103 \u00een\u021belegem \u0219i s\u0103 definim ce probleme trebuie lini\u0219tite \u0219i care nevoi satisf\u0103cute.<\/p>\n<p>De\u0219i <a href=\"https:\/\/godinci.org\/ro\/godinciologie\/\">Godincilogia<\/a> ne permite s\u0103 ajungem la perspective veridice despre Natur\u0103 \u0219i Sine, pentru a cre\u0219te cu adev\u0103rat \u00een conformitate cu esen\u021ba noastr\u0103, trebuie s\u0103 transform\u0103m cuno\u0219tin\u021bele dob\u00e2ndite \u00een toate mijloacele tangibile care ne permit o astfel de cre\u0219tere.<\/p>\n<p>Tehnologia este foarte util\u0103 \u00een acest sens datorit\u0103 rela\u021biei sale <a href=\"http:\/\/dictionary.reference.com\/browse\/synergism\">sinergetice<\/a> cu societatea, deoarece poate facilita obiectivele socio-politice.<br \/>Cu toate acestea, pentru a evita degenerarea social\u0103, catalizat\u0103 de prostitu\u021bia tehnologic\u0103, trebuie s\u0103 dezvolt\u0103m \u0219i s\u0103 folosim mijloacele tangibile potrivite care s\u0103 permit\u0103 cre\u0219terea noastr\u0103 \u201eadev\u0103rat\u0103\u201d.<\/p>\n<p>Aici intr\u0103 \u00een joc <strong>Baraneria<\/strong>.<\/p>\n<h2>La obiect<\/h2>\n<p>Mai simplu, <strong>Baraneria<\/strong> este pentru <a href=\"https:\/\/godinci.org\/ro\/godinciologie\/\">Godincilogie<\/a> ce Ingineria este pentru \u0218tiin\u021b\u0103, cu alte cuvinte, <strong>Baraneria<\/strong> este forma aplicat\u0103 a <strong>Godincilogiei<\/strong>.<\/p>\n<p>Prin urmare, noi, cei de la <a href=\"https:\/\/godinci.org\/ro\/despre-noi\/\">Godinci,<\/a> suntem dornici s\u0103 v\u0103 ajut\u0103m s\u0103 deveni\u021bi o a doua genera\u021bie de Leonardo Da Vinci, ar\u0103t\u00e2ndu-v\u0103 cum s\u0103 transforma\u021bi cuno\u0219tin\u021bele dob\u00e2ndite \u00een elemente tangibile \u0219i aplica\u021bii care pot netezi \u0219i accelera evolutia individual\u0103 \u0219i colectiv\u0103 c\u0103tre scopul nostru cosmic.<\/p>\n<p><img loading=\"lazy\" decoding=\"async\" class=\"alignnone\" src=\"https:\/\/external-content.duckduckgo.com\/iu\/?u=https%3A%2F%2Fvignette.wikia.nocookie.net%2Fepicrapbattlesofhistory%2Fimages%2F7%2F7d%2FLeonardo_da_Vinci_Title_Card.gif%2Frevision%2Flatest%3Fcb%3D20150818073147&amp;f=1&amp;nofb=1&amp;ipt=ec8cb1eeaddd99ebc90f4c2bacdf767345f726c1301c43d37fe9bb0d5dd59022&amp;ipo=images\" alt=\"Image - Leonardo da Vinci Title Card.gif | Epic Rap Battles of History ...\" width=\"300\" height=\"169\" \/><\/p>\n<p>A\u0219a c\u0103 fiecare dintre noi, \u00een conformitate cu propriile abilit\u0103\u021bi \u0219i capacit\u0103\u021bi mentale, s\u0103 poat\u0103 fi un participant activ \u00een planificarea, dezvoltarea, \u00eembun\u0103t\u0103\u021birea \u0219i conservarea <a href=\"https:\/\/godinci.org\/ro\/glossary\/\">Baracra\u021biei,<\/a> prin generarea \u0219i implementarea tuturor minunilor care faciliteaz\u0103 adev\u0103rata noastr\u0103 cre\u0219tere.<\/p>\n<p>[\/et_pb_text][et_pb_divider color=&#8221;#960101&#8243; divider_position=&#8221;center&#8221; divider_weight=&#8221;3px&#8221; _builder_version=&#8221;4.18.0&#8243; _module_preset=&#8221;default&#8221; width=&#8221;30%&#8221; max_width=&#8221;30%&#8221; custom_margin=&#8221;-40px||20px||false|false&#8221; custom_margin_tablet=&#8221;0px||||false|false&#8221; custom_margin_phone=&#8221;0px||||false|false&#8221; custom_margin_last_edited=&#8221;on|phone&#8221; custom_padding=&#8221;0px|||0px|false|false&#8221; custom_padding_tablet=&#8221;|||10px|false|false&#8221; custom_padding_phone=&#8221;|||10px|false|false&#8221; custom_padding_last_edited=&#8221;on|phone&#8221; global_colors_info=&#8221;{}&#8221;][\/et_pb_divider][\/et_pb_column][\/et_pb_row][et_pb_row column_structure=&#8221;1_5,1_5,1_5,1_5,1_5&#8243; use_custom_gutter=&#8221;on&#8221; make_equal=&#8221;on&#8221; disabled_on=&#8221;on|on|off&#8221; admin_label=&#8221;Row&#8221; module_class=&#8221;patru-col&#8221; _builder_version=&#8221;4.18.0&#8243; _module_preset=&#8221;default&#8221; background_enable_image=&#8221;off&#8221; positioning=&#8221;fixed&#8221; position_origin_f=&#8221;bottom_left&#8221; z_index=&#8221;99999&#8243; width=&#8221;100%&#8221; max_width=&#8221;100%&#8221; overflow-y=&#8221;visible&#8221; custom_margin=&#8221;0px|auto|0px|auto|false|false&#8221; custom_padding=&#8221;0px||0px||false|false&#8221; global_module=&#8221;14144&#8243; global_colors_info=&#8221;{}&#8221; background__hover_enabled=&#8221;on|desktop&#8221;][et_pb_column type=&#8221;1_5&#8243; _builder_version=&#8221;4.18.0&#8243; _module_preset=&#8221;default&#8221; background_enable_color=&#8221;off&#8221; background_enable_image=&#8221;off&#8221; background_position=&#8221;top_left&#8221; custom_padding=&#8221;40px||||false|false&#8221; custom_css_main_element=&#8221;width: 40% !important;&#8221; global_colors_info=&#8221;{}&#8221; background__hover_enabled=&#8221;on|hover&#8221; background_image__hover=&#8221;&#8221; background_enable_image__hover=&#8221;off&#8221; background_position__hover=&#8221;top_left&#8221;][\/et_pb_column][et_pb_column type=&#8221;1_5&#8243; module_id=&#8221;brain&#8221; admin_label=&#8221;Column&#8221; _builder_version=&#8221;4.18.0&#8243; _module_preset=&#8221;default&#8221; background_enable_image=&#8221;off&#8221; background_size=&#8221;initial&#8221; background_position=&#8221;top_left&#8221; z_index=&#8221;99999&#8243; custom_padding=&#8221;6vh|||0px|false|false&#8221; custom_css_main_element=&#8221;width: 12% !important;&#8221; global_colors_info=&#8221;{}&#8221;][et_pb_image src=&#8221;https:\/\/godinci.org\/wp-content\/uploads\/2022\/08\/godinci-logo-1-300&#215;99.png&#8221; title_text=&#8221;godinci&#8221; url=&#8221;\/ro\/&#8221; _builder_version=&#8221;4.18.1&#8243; _module_preset=&#8221;default&#8221; background_color=&#8221;#606062&#8243; module_alignment=&#8221;center&#8221; height=&#8221;50px&#8221; max_height=&#8221;50px&#8221; custom_margin=&#8221;||||false|false&#8221; custom_padding=&#8221;0px|||26px|false|false&#8221; global_colors_info=&#8221;{}&#8221;][\/et_pb_image][et_pb_button button_url=&#8221;https:\/\/godinci.org\/ro\/contact\/&#8221; button_text=&#8221; @&#8221; button_alignment=&#8221;center&#8221; disabled_on=&#8221;off|off|off&#8221; admin_label=&#8221;Button&#8221; _builder_version=&#8221;4.18.0&#8243; _module_preset=&#8221;default&#8221; custom_button=&#8221;on&#8221; button_text_size=&#8221;28px&#8221; button_text_color=&#8221;#FFFFFF&#8221; button_bg_color=&#8221;#4b4b4d&#8221; button_bg_enable_image=&#8221;off&#8221; button_border_width=&#8221;1px&#8221; button_border_color=&#8221;#FFFFFF&#8221; button_border_radius=&#8221;42px&#8221; button_use_icon=&#8221;off&#8221; positioning=&#8221;absolute&#8221; position_origin_a=&#8221;bottom_left&#8221; vertical_offset=&#8221;25px&#8221; horizontal_offset=&#8221;-24px&#8221; z_index=&#8221;99999999&#8243; background_layout=&#8221;dark&#8221; custom_margin=&#8221;-42px|||0px|false|false&#8221; custom_padding=&#8221;0px||2px|12px|false|false&#8221; custom_css_main_element=&#8221;width: 50px;||max-width: 50px;&#8221; global_colors_info=&#8221;{}&#8221; button_text__hover_enabled=&#8221;on|desktop&#8221; button_text__hover=&#8221;C O N T A C T @&#8221;][\/et_pb_button][\/et_pb_column][et_pb_column type=&#8221;1_5&#8243; module_id=&#8221;brain&#8221; _builder_version=&#8221;4.18.0&#8243; _module_preset=&#8221;default&#8221; background_enable_image=&#8221;off&#8221; background_position=&#8221;top_center&#8221; custom_padding=&#8221;6vh|||0px|false|false&#8221; custom_css_main_element=&#8221;width: 28% !important;&#8221; global_colors_info=&#8221;{}&#8221;][et_pb_text disabled_on=&#8221;off|off|off&#8221; _builder_version=&#8221;4.18.0&#8243; _module_preset=&#8221;default&#8221; background_color=&#8221;#606062&#8243; positioning=&#8221;absolute&#8221; position_origin_a=&#8221;bottom_center&#8221; z_index=&#8221;99999&#8243; text_orientation=&#8221;center&#8221; background_layout=&#8221;dark&#8221; width=&#8221;120%&#8221; height=&#8221;50px&#8221; overflow-x=&#8221;visible&#8221; custom_margin=&#8221;0px||||false|false&#8221; custom_padding=&#8221;12px||||false|false&#8221; global_colors_info=&#8221;{}&#8221;]Copyright \u00a9 Godinci 2022 All Rights Reserved[\/et_pb_text][\/et_pb_column][et_pb_column type=&#8221;1_5&#8243; module_id=&#8221;brain&#8221; _builder_version=&#8221;4.18.0&#8243; _module_preset=&#8221;default&#8221; background_enable_image=&#8221;off&#8221; background_position=&#8221;top_center&#8221; custom_padding=&#8221;6vh|||0px|false|false&#8221; custom_css_main_element=&#8221;width: 10% !important;&#8221; global_colors_info=&#8221;{}&#8221;][et_pb_text disabled_on=&#8221;off|off|off&#8221; _builder_version=&#8221;4.18.0&#8243; _module_preset=&#8221;default&#8221; text_font=&#8221;||||on||||&#8221; link_text_color=&#8221;#FFFFFF&#8221; background_color=&#8221;#606062&#8243; positioning=&#8221;absolute&#8221; position_origin_a=&#8221;bottom_center&#8221; z_index=&#8221;99999&#8243; text_orientation=&#8221;center&#8221; background_layout=&#8221;dark&#8221; width=&#8221;100%&#8221; height=&#8221;50px&#8221; max_height=&#8221;50px&#8221; overflow-x=&#8221;visible&#8221; custom_margin=&#8221;0px||||false|false&#8221; custom_padding=&#8221;12px||||false|false&#8221; border_color_all=&#8221;RGBA(255,255,255,0)&#8221; global_colors_info=&#8221;{}&#8221; link_text_color__hover_enabled=&#8221;on|hover&#8221; link_text_color__hover=&#8221;#660101&#8243;]<a href=\"ro\/copyright\/\">Copyright<\/a>[\/et_pb_text][\/et_pb_column][et_pb_column type=&#8221;1_5&#8243; module_id=&#8221;brain&#8221; _builder_version=&#8221;4.18.0&#8243; _module_preset=&#8221;default&#8221; background_enable_image=&#8221;off&#8221; background_position=&#8221;top_center&#8221; custom_padding=&#8221;6vh|||0px|false|false&#8221; custom_css_main_element=&#8221;width: 10% !important;&#8221; global_colors_info=&#8221;{}&#8221;][et_pb_menu menu_id=&#8221;36&#8243; menu_style=&#8221;centered&#8221; submenu_direction=&#8221;upwards&#8221; active_link_color=&#8221;#E09900&#8243; dropdown_menu_bg_color=&#8221;#4b4b4d&#8221; dropdown_menu_line_color=&#8221;RGBA(255,255,255,0)&#8221; dropdown_menu_text_color=&#8221;#FFFFFF&#8221; dropdown_menu_active_link_color=&#8221;#660101&#8243; mobile_menu_bg_color=&#8221;RGBA(255,255,255,0)&#8221; mobile_menu_text_color=&#8221;#FFFFFF&#8221; menu_icon_color=&#8221;RGBA(255,255,255,0)&#8221; disabled_on=&#8221;off|off|off&#8221; module_class=&#8221;desk&#8221; _builder_version=&#8221;4.18.0&#8243; _module_preset=&#8221;default&#8221; menu_text_color=&#8221;RGBA(255,255,255,0)&#8221; background_color=&#8221;#4b4b4d&#8221; positioning=&#8221;absolute&#8221; position_origin_a=&#8221;bottom_right&#8221; vertical_offset=&#8221;25px&#8221; horizontal_offset=&#8221;14px&#8221; z_index=&#8221;9999999&#8243; background_layout=&#8221;dark&#8221; width=&#8221;46px&#8221; max_width=&#8221;46px&#8221; custom_margin=&#8221;||||false|false&#8221; custom_padding=&#8221;3px|6px|7px|6px|false|true&#8221; custom_css_dropdown_container=&#8221;max-width: 46px !important;&#8221; custom_css_dropdown_links=&#8221;max-width: 102px !important;||margin-left: 0px !important;&#8221; border_radii=&#8221;on|22px|22px|22px|22px&#8221; border_width_all=&#8221;1px&#8221; border_color_all=&#8221;#FFFFFF&#8221; global_colors_info=&#8221;{}&#8221; menu_text_color__hover_enabled=&#8221;on|hover&#8221; menu_text_color__hover=&#8221;RGBA(255,255,255,0)&#8221;][\/et_pb_menu][et_pb_text disabled_on=&#8221;off|off|off&#8221; _builder_version=&#8221;4.18.0&#8243; _module_preset=&#8221;default&#8221; link_font=&#8221;||||on||||&#8221; link_text_color=&#8221;#FFFFFF&#8221; background_color=&#8221;#606062&#8243; positioning=&#8221;absolute&#8221; position_origin_a=&#8221;bottom_center&#8221; z_index=&#8221;99999&#8243; text_orientation=&#8221;center&#8221; background_layout=&#8221;dark&#8221; width=&#8221;100%&#8221; max_width=&#8221;100%&#8221; height=&#8221;50px&#8221; max_height=&#8221;50px&#8221; custom_margin=&#8221;0px||||false|false&#8221; custom_padding=&#8221;12px||||false|false&#8221; global_colors_info=&#8221;{}&#8221; link_text_color__hover_enabled=&#8221;on|hover&#8221; link_text_color__hover=&#8221;#660101&#8243;]<a href=\"https:\/\/godinci.org\/ro\/privacy-policy\/\">Policy<\/a>[\/et_pb_text][\/et_pb_column][\/et_pb_row][\/et_pb_section]<\/p>\n","protected":false},"excerpt":{"rendered":"<p>\u201cAm fost impresionat de urgen\u021ba de a ac\u021biona. Cunoa\u0219terea nu este suficient\u0103; trebuie sa o aplicam. A fi dispus nu este suficient; trebuie s\u0103 trecem la fapte.\u201d(Leonardo Da Vinci)Baranerie\u201cAm fost impresionat de urgen\u021ba de a ac\u021biona. Cunoa\u0219terea nu este suficient\u0103; trebuie sa o aplicam. A fi dispus nu este suficient; trebuie s\u0103 trecem la fapte.\u201d(Leonardo [&hellip;]<\/p>\n","protected":false},"author":1,"featured_media":0,"parent":0,"menu_order":0,"comment_status":"closed","ping_status":"closed","template":"","meta":{"_et_pb_use_builder":"on","_et_pb_old_content":"","_et_gb_content_width":"","footnotes":""},"class_list":["post-3653","page","type-page","status-publish","hentry"],"_links":{"self":[{"href":"https:\/\/godinci.org\/ro\/wp-json\/wp\/v2\/pages\/3653","targetHints":{"allow":["GET"]}}],"collection":[{"href":"https:\/\/godinci.org\/ro\/wp-json\/wp\/v2\/pages"}],"about":[{"href":"https:\/\/godinci.org\/ro\/wp-json\/wp\/v2\/types\/page"}],"author":[{"embeddable":true,"href":"https:\/\/godinci.org\/ro\/wp-json\/wp\/v2\/users\/1"}],"replies":[{"embeddable":true,"href":"https:\/\/godinci.org\/ro\/wp-json\/wp\/v2\/comments?post=3653"}],"version-history":[{"count":54,"href":"https:\/\/godinci.org\/ro\/wp-json\/wp\/v2\/pages\/3653\/revisions"}],"predecessor-version":[{"id":15847,"href":"https:\/\/godinci.org\/ro\/wp-json\/wp\/v2\/pages\/3653\/revisions\/15847"}],"wp:attachment":[{"href":"https:\/\/godinci.org\/ro\/wp-json\/wp\/v2\/media?parent=3653"}],"curies":[{"name":"wp","href":"https:\/\/api.w.org\/{rel}","templated":true}]}}