{"id":3509,"date":"2022-09-05T11:53:44","date_gmt":"2022-09-05T11:53:44","guid":{"rendered":"https:\/\/godinci.org\/despre-noi\/"},"modified":"2026-01-05T08:26:53","modified_gmt":"2026-01-05T08:26:53","slug":"despre-noi","status":"publish","type":"page","link":"https:\/\/godinci.org\/ro\/despre-noi\/","title":{"rendered":"Despre Noi"},"content":{"rendered":"<p>[et_pb_section fb_built=&#8221;1&#8243; disabled_on=&#8221;off|off|on&#8221; admin_label=&#8221;section&#8221; _builder_version=&#8221;4.18.0&#8243; width=&#8221;100%&#8221; max_width=&#8221;100%&#8221; custom_margin=&#8221;0px|0px||0px|false|true&#8221; custom_padding=&#8221;0px|0px|0px|0px|true|true&#8221; global_colors_info=&#8221;{}&#8221;][et_pb_row admin_label=&#8221;row&#8221; _builder_version=&#8221;4.18.0&#8243; background_size=&#8221;initial&#8221; background_position=&#8221;top_left&#8221; background_repeat=&#8221;repeat&#8221; width=&#8221;100%&#8221; max_width=&#8221;100%&#8221; custom_margin=&#8221;0px||||false|false&#8221; custom_padding=&#8221;15px|15px||15px|false|true&#8221; global_colors_info=&#8221;{}&#8221;][et_pb_column type=&#8221;4_4&#8243; _builder_version=&#8221;4.18.0&#8243; custom_padding=&#8221;||||false|false&#8221; global_colors_info=&#8221;{}&#8221; custom_padding__hover=&#8221;|||&#8221;][et_pb_text module_class=&#8221;citat&#8221; _builder_version=&#8221;4.18.0&#8243; _module_preset=&#8221;default&#8221; text_font=&#8221;Kalam||||||||&#8221; text_text_color=&#8221;#660101&#8243; text_font_size=&#8221;13px&#8221; text_line_height=&#8221;1.5em&#8221; link_text_color=&#8221;#660101&#8243; text_orientation=&#8221;right&#8221; custom_margin=&#8221;||||false|false&#8221; custom_padding=&#8221;10px||10px|90px|true|false&#8221; global_colors_info=&#8221;{}&#8221;]<\/p>\n<p>\u201c<a href=\"https:\/\/www.azquotes.com\/quote\/1223545\">Creierul t\u0103u poate mult mai mult dec\u00e2t crezi; doar folose\u0219te-l!<\/a>\u201d<br \/>(Leonardo Da Vinci)<\/p>\n<p>[\/et_pb_text][\/et_pb_column][\/et_pb_row][\/et_pb_section][et_pb_section fb_built=&#8221;1&#8243; disabled_on=&#8221;off|off|off&#8221; admin_label=&#8221;Desktop good page&#8221; _builder_version=&#8221;4.18.0&#8243; _module_preset=&#8221;default&#8221; background_enable_color=&#8221;off&#8221; background_enable_image=&#8221;off&#8221; background_position=&#8221;top_right&#8221; background_horizontal_offset=&#8221;0%&#8221; z_index=&#8221;10000&#8243; height=&#8221;100%&#8221; custom_margin=&#8221;0px||0px|0px|false|false&#8221; custom_padding=&#8221;0px||0px|0px|false|false&#8221; saved_tabs=&#8221;all&#8221; global_colors_info=&#8221;{}&#8221;][et_pb_row disabled_on=&#8221;on|on|off&#8221; _builder_version=&#8221;4.18.0&#8243; _module_preset=&#8221;default&#8221; positioning=&#8221;fixed&#8221; z_index=&#8221;999999999&#8243; global_colors_info=&#8221;{}&#8221;][et_pb_column type=&#8221;4_4&#8243; _builder_version=&#8221;4.18.0&#8243; _module_preset=&#8221;default&#8221; global_colors_info=&#8221;{}&#8221;][et_pb_menu menu_id=&#8221;38&#8243; menu_style=&#8221;centered&#8221; active_link_color=&#8221;#FFFFFF&#8221; dropdown_menu_bg_color=&#8221;RGBA(255,255,255,0)&#8221; dropdown_menu_text_color=&#8221;#FFFFFF&#8221; dropdown_menu_active_link_color=&#8221;#FFFFFF&#8221; mobile_menu_bg_color=&#8221;#606062&#8243; mobile_menu_text_color=&#8221;#FFFFFF&#8221; menu_icon_font_size=&#8221;48px&#8221; disabled_on=&#8221;on|on|off&#8221; module_class=&#8221;hambdesk&#8221; _builder_version=&#8221;4.18.0&#8243; _module_preset=&#8221;default&#8221; menu_font_size=&#8221;18px&#8221; background_color=&#8221;#4b4b4d&#8221; positioning=&#8221;absolute&#8221; vertical_offset=&#8221;67px&#8221; z_index=&#8221;9999999999&#8243; background_layout=&#8221;dark&#8221; width=&#8221;100%&#8221; height=&#8221;80px&#8221; max_height=&#8221;80px&#8221; custom_margin=&#8221;-74px|||37.2vw|false|false&#8221; custom_padding=&#8221;20px|14px|14px|15px|false|false&#8221; sticky_position=&#8221;top&#8221; custom_css_main_element=&#8221;display: flex;||width: 80px;&#8221; border_radii=&#8221;on|50%|50%|50%|50%&#8221; border_width_all=&#8221;1px&#8221; border_color_all=&#8221;#FFFFFF&#8221; global_colors_info=&#8221;{}&#8221; dropdown_menu_bg_color__sticky_enabled=&#8221;off|desktop&#8221; dropdown_menu_bg_color__hover_enabled=&#8221;off|desktop&#8221; background__hover_enabled=&#8221;on|hover&#8221; background_color__hover=&#8221;#aa0022&#8243; background_enable_color__hover=&#8221;on&#8221;][\/et_pb_menu][\/et_pb_column][\/et_pb_row][et_pb_row column_structure=&#8221;2_5,3_5&#8243; use_custom_gutter=&#8221;on&#8221; make_equal=&#8221;on&#8221; disabled_on=&#8221;off|off|off&#8221; admin_label=&#8221;Row&#8221; module_class=&#8221;patru-col&#8221; _builder_version=&#8221;4.18.0&#8243; _module_preset=&#8221;default&#8221; background_enable_image=&#8221;off&#8221; positioning=&#8221;none&#8221; horizontal_offset=&#8221;12%&#8221; width=&#8221;100%&#8221; max_width=&#8221;100%&#8221; module_alignment=&#8221;center&#8221; overflow-y=&#8221;visible&#8221; custom_margin=&#8221;0px||0px|0px|false|false&#8221; custom_padding=&#8221;0px||0px|0px|false|false&#8221; custom_css_main_element=&#8221;height: 100%&#8221; global_colors_info=&#8221;{}&#8221; background__hover_enabled=&#8221;on|desktop&#8221;][et_pb_column type=&#8221;2_5&#8243; module_class=&#8221;col1&#8243; disabled_on=&#8221;on|on|off&#8221; _builder_version=&#8221;4.18.0&#8243; _module_preset=&#8221;default&#8221; background_enable_color=&#8221;off&#8221; background_image=&#8221;https:\/\/godinci.org\/wp-content\/uploads\/2022\/10\/aboutus1veryshort-scaled.jpg&#8221; background_position=&#8221;top_left&#8221; positioning=&#8221;fixed&#8221; custom_padding=&#8221;40px||||false|false&#8221; global_colors_info=&#8221;{}&#8221; background__hover_enabled=&#8221;on|hover&#8221; background_image__hover=&#8221;https:\/\/godinci.org\/wp-content\/uploads\/2022\/10\/aboutus2veryshort-scaled.jpg&#8221; background_enable_image__hover=&#8221;on&#8221; background_position__hover=&#8221;top_left&#8221;][et_pb_text disabled_on=&#8221;on|on|off&#8221; _builder_version=&#8221;4.18.0&#8243; _module_preset=&#8221;default&#8221; header_font=&#8221;Roboto|700|||||||&#8221; header_text_align=&#8221;center&#8221; header_text_color=&#8221;#FFFFFF&#8221; header_font_size=&#8221;36px&#8221; z_index=&#8221;99999&#8243; custom_margin=&#8221;-20px||||false|false&#8221; custom_padding=&#8221;0px||7vh||false|false&#8221; global_colors_info=&#8221;{}&#8221;]<\/p>\n<h1 style=\"text-align: center;\">Despre noi<\/h1>\n<p>[\/et_pb_text][et_pb_blurb alt=&#8221;Godinci&#8221; image_icon_width=&#8221;100%&#8221; icon_alignment=&#8221;left&#8221; content_max_width=&#8221;30vw&#8221; disabled_on=&#8221;on|on|off&#8221; _builder_version=&#8221;4.18.0&#8243; _module_preset=&#8221;default&#8221; background_color=&#8221;RGBA(255,255,255,0)&#8221; background_enable_image=&#8221;off&#8221; positioning=&#8221;absolute&#8221; z_index=&#8221;99000&#8243; width=&#8221;30vw&#8221; min_height=&#8221;30vw&#8221; height=&#8221;30vw&#8221; max_height=&#8221;30vw&#8221; custom_margin=&#8221;10vw|||4vw|false|false&#8221; custom_padding=&#8221;0px|0px|20px|0px|false|true&#8221; animation=&#8221;off&#8221; hover_transition_duration=&#8221;0ms&#8221; border_radii=&#8221;on|50%|50%|50%|50%&#8221; border_color_all=&#8221;RGBA(255,255,255,0)&#8221; global_colors_info=&#8221;{}&#8221; background__hover_enabled=&#8221;on|hover&#8221; background_image__hover=&#8221;https:\/\/godinci.org\/wp-content\/uploads\/2022\/10\/aboutus3veryshort-scaled.jpg&#8221; background_enable_image__hover=&#8221;on&#8221; background_color__hover=&#8221;&#8221; background_enable_color__hover=&#8221;off&#8221; custom_css_main_element__hover_enabled=&#8221;on|hover&#8221; custom_css_main_element__hover=&#8221;border-radius: 0px;||margin: 0px;||height: 100%;||width: 100%;&#8221; background_position__hover=&#8221;top_left&#8221; custom_margin__hover_enabled=&#8221;on|hover&#8221; custom_margin__hover=&#8221;0px|||0px|false|false&#8221; min_height__hover_enabled=&#8221;on|hover&#8221; min_height__hover=&#8221;100%&#8221; height__hover_enabled=&#8221;on|hover&#8221; height__hover=&#8221;100%&#8221; max_height__hover_enabled=&#8221;on|hover&#8221; max_height__hover=&#8221;100%&#8221; background_size__hover=&#8221;cover&#8221; image__hover_enabled=&#8221;on|hover&#8221; image__hover=&#8221;&#8221; transform_styles__hover_enabled=&#8221;on|hover&#8221; transform_scale__hover_enabled=&#8221;on|hover&#8221; transform_translate__hover_enabled=&#8221;on|hover&#8221; transform_rotate__hover_enabled=&#8221;on|hover&#8221; transform_skew__hover_enabled=&#8221;on|hover&#8221; transform_origin__hover_enabled=&#8221;on|hover&#8221; content_max_width__hover_enabled=&#8221;on|hover&#8221; content_max_width__hover=&#8221;100%&#8221; width__hover_enabled=&#8221;on|hover&#8221; width__hover=&#8221;100%&#8221; max_width__hover_enabled=&#8221;on|hover&#8221; max_width__hover=&#8221;100%&#8221;][\/et_pb_blurb][et_pb_text disabled_on=&#8221;off|off|off&#8221; module_class=&#8221;quo&#8221; _builder_version=&#8221;4.18.0&#8243; _module_preset=&#8221;default&#8221; text_font=&#8221;Kalam||||||||&#8221; text_text_color=&#8221;#FFFFFF&#8221; text_font_size=&#8221;19px&#8221; text_line_height=&#8221;1.3em&#8221; positioning=&#8221;absolute&#8221; position_origin_a=&#8221;bottom_center&#8221; vertical_offset=&#8221;50px&#8221; z_index=&#8221;99999&#8243; text_orientation=&#8221;center&#8221; background_layout=&#8221;dark&#8221; width=&#8221;80%&#8221; custom_margin=&#8221;||||false|false&#8221; custom_padding=&#8221;||0px||false|true&#8221; global_colors_info=&#8221;{}&#8221;]<\/p>\n<p style=\"text-align: center;\">\u201cCreierul t\u0103u poate mult mai mult dec\u00e2t crezi; doar folose\u0219te-l!\u201d<\/p>\n<p>[\/et_pb_text][et_pb_text disabled_on=&#8221;off|off|off&#8221; module_class=&#8221;quo&#8221; _builder_version=&#8221;4.18.0&#8243; _module_preset=&#8221;default&#8221; text_font=&#8221;Kalam||||||||&#8221; text_text_color=&#8221;#FFFFFF&#8221; text_font_size=&#8221;19px&#8221; text_line_height=&#8221;1.3em&#8221; positioning=&#8221;absolute&#8221; position_origin_a=&#8221;bottom_center&#8221; vertical_offset=&#8221;0px&#8221; z_index=&#8221;99999&#8243; text_orientation=&#8221;center&#8221; background_layout=&#8221;dark&#8221; width=&#8221;80%&#8221; custom_margin=&#8221;||||false|false&#8221; custom_padding=&#8221;||0px||false|true&#8221; global_colors_info=&#8221;{}&#8221;]<\/p>\n<p style=\"text-align: right;\">(Leonardo Da Vinci)<\/p>\n<p>[\/et_pb_text][\/et_pb_column][et_pb_column type=&#8221;3_5&#8243; module_class=&#8221;col2&#8243; admin_label=&#8221;Column&#8221; _builder_version=&#8221;4.18.0&#8243; _module_preset=&#8221;default&#8221; background_enable_image=&#8221;off&#8221; background_size=&#8221;initial&#8221; background_position=&#8221;top_left&#8221; z_index=&#8221;99999&#8243; overflow-y=&#8221;auto&#8221; custom_padding=&#8221;6vh|||0px|false|false&#8221; custom_padding_tablet=&#8221;0vh||||false|false&#8221; custom_padding_phone=&#8221;0vh||||false|false&#8221; custom_padding_last_edited=&#8221;on|phone&#8221; global_colors_info=&#8221;{}&#8221;][et_pb_text ol_position=&#8221;outside&#8221; ol_item_indent=&#8221;30px&#8221; admin_label=&#8221;Main text &#8211; here you can edit&#8221; module_class=&#8221;maintext&#8221; _builder_version=&#8221;4.18.1&#8243; ul_text_align=&#8221;left&#8221; ol_text_align=&#8221;left&#8221; header_text_color=&#8221;#660101&#8243; header_2_text_color=&#8221;#660101&#8243; background_size=&#8221;initial&#8221; background_position=&#8221;top_left&#8221; background_repeat=&#8221;repeat&#8221; custom_margin=&#8221;160px||||false|false&#8221; custom_margin_tablet=&#8221;0px||||false|false&#8221; custom_margin_phone=&#8221;0px||||false|false&#8221; custom_margin_last_edited=&#8221;on|tablet&#8221; custom_padding=&#8221;||60px||false|false&#8221; custom_padding_tablet=&#8221;15px|15px|15px|15px|true|true&#8221; custom_padding_phone=&#8221;15px|15px|15px|15px|true|true&#8221; custom_padding_last_edited=&#8221;on|phone&#8221; global_colors_info=&#8221;{}&#8221;]<\/p>\n<p style=\"text-align: right;\"><strong><u>O perspectiv\u0103 asupra holismului<br \/><\/u><\/strong><\/p>\n<h2>Cine suntem?<\/h2>\n<p><strong>Godinci<\/strong> este o organiza\u021bie independent\u0103 care nu are motiva\u021bii politice, comerciale sau religioase, dar se str\u0103duie\u0219te s\u0103 stabileasc\u0103 directia pentru o <strong>Baracra\u021bie<\/strong> care s\u0103 ne permit\u0103 s\u0103 cre\u0219tem \u00een conformitate cu \u201eadev\u0103rata\u201d noastr\u0103 esen\u021b\u0103.<\/p>\n<p>Misiunea noastr\u0103 este <strong>tripl\u0103<\/strong>:<\/p>\n<ol>\n<li>Refacerea unei imagini holistice veridice a Naturii \u0219i Sinelui, care s\u0103 cultive \u00een noi capacitatea de a clarifica incertitudinea cu privire la:<br \/>Esen\u021b\u0103 \u0219i Fiin\u021b\u0103, Devenire \u0219i Scop, Bara \u0219i Evolu\u021bie, Concepte \u0219i Fapte, DUMNEZEU \u0219i Natura\u2026 \u0218tiin\u021b\u0103 \u0219i fic\u021biune. <a href=\"https:\/\/godinci.org\/ro\/godinciologie\/\">(Godinciologie)<\/a><\/li>\n<li>Dezvoltarea \u0219i implementarea tuturor mijloacelor tangibile pentru a facilita \u0219i maximiza evolutia c\u0103tre scopul nostru cosmic. <a href=\"https:\/\/godinci.org\/ro\/baranerie\/\">(Baranerie)<\/a><\/li>\n<li>Transferarea cuno\u0219tin\u021belor dob\u00e2ndite c\u0103tre societate, ar\u0103tandu-le oamenilor din toate sferele sociale cum pot deveni actori participativi, fiecare \u00een conformitate cu propriile abilit\u0103\u021bi \u0219i capacit\u0103\u021bi mentale, la construirea \u0219i conservarea <a href=\"https:\/\/godinci.org\/ro\/glossary\/\"><strong>Baracra\u021biei<\/strong>.<\/a> <a href=\"https:\/\/godinci.org\/ro\/carti\/\">(Media)<\/a><\/li>\n<\/ol>\n<p>Pe acest site ve\u021bi g\u0103si informa\u021bii de baz\u0103 despre fiecare dintre urm\u0103toarele subiecte.<\/p>\n<p>[\/et_pb_text][et_pb_divider color=&#8221;#960101&#8243; divider_position=&#8221;center&#8221; divider_weight=&#8221;3px&#8221; _builder_version=&#8221;4.18.0&#8243; _module_preset=&#8221;default&#8221; width=&#8221;30%&#8221; max_width=&#8221;30%&#8221; custom_margin=&#8221;-40px||20px||false|false&#8221; custom_margin_tablet=&#8221;0px||||false|false&#8221; custom_margin_phone=&#8221;0px||||false|false&#8221; custom_margin_last_edited=&#8221;on|phone&#8221; custom_padding=&#8221;0px|||0px|false|false&#8221; custom_padding_tablet=&#8221;|||10px|false|false&#8221; custom_padding_phone=&#8221;|||10px|false|false&#8221; custom_padding_last_edited=&#8221;on|phone&#8221; global_colors_info=&#8221;{}&#8221;][\/et_pb_divider][\/et_pb_column][\/et_pb_row][et_pb_row column_structure=&#8221;1_5,1_5,1_5,1_5,1_5&#8243; use_custom_gutter=&#8221;on&#8221; make_equal=&#8221;on&#8221; disabled_on=&#8221;on|on|off&#8221; admin_label=&#8221;Row&#8221; module_class=&#8221;patru-col&#8221; _builder_version=&#8221;4.18.0&#8243; _module_preset=&#8221;default&#8221; background_enable_image=&#8221;off&#8221; positioning=&#8221;fixed&#8221; position_origin_f=&#8221;bottom_left&#8221; z_index=&#8221;99999&#8243; width=&#8221;100%&#8221; max_width=&#8221;100%&#8221; overflow-y=&#8221;visible&#8221; custom_margin=&#8221;0px|auto|0px|auto|false|false&#8221; custom_padding=&#8221;0px||0px||false|false&#8221; global_colors_info=&#8221;{}&#8221; background__hover_enabled=&#8221;on|desktop&#8221;][et_pb_column type=&#8221;1_5&#8243; _builder_version=&#8221;4.18.0&#8243; _module_preset=&#8221;default&#8221; background_enable_color=&#8221;off&#8221; background_enable_image=&#8221;off&#8221; background_position=&#8221;top_left&#8221; custom_padding=&#8221;40px||||false|false&#8221; custom_css_main_element=&#8221;width: 40% !important;&#8221; global_colors_info=&#8221;{}&#8221; background__hover_enabled=&#8221;on|hover&#8221; background_image__hover=&#8221;&#8221; background_enable_image__hover=&#8221;off&#8221; background_position__hover=&#8221;top_left&#8221;][\/et_pb_column][et_pb_column type=&#8221;1_5&#8243; module_id=&#8221;brain&#8221; admin_label=&#8221;Column&#8221; _builder_version=&#8221;4.18.0&#8243; _module_preset=&#8221;default&#8221; background_enable_image=&#8221;off&#8221; background_size=&#8221;initial&#8221; background_position=&#8221;top_left&#8221; z_index=&#8221;99999&#8243; custom_padding=&#8221;6vh|||0px|false|false&#8221; custom_css_main_element=&#8221;width: 12% !important;&#8221; global_colors_info=&#8221;{}&#8221;][et_pb_image src=&#8221;https:\/\/godinci.org\/wp-content\/uploads\/2022\/08\/godinci-logo-1-300&#215;99.png&#8221; title_text=&#8221;godinci&#8221; url=&#8221;\/&#8221; _builder_version=&#8221;4.18.0&#8243; _module_preset=&#8221;default&#8221; background_color=&#8221;#606062&#8243; module_alignment=&#8221;center&#8221; height=&#8221;50px&#8221; max_height=&#8221;50px&#8221; custom_margin=&#8221;||||false|false&#8221; custom_padding=&#8221;0px|||26px|false|false&#8221; global_colors_info=&#8221;{}&#8221;][\/et_pb_image][et_pb_button button_url=&#8221;https:\/\/godinci.org\/ro\/contact\/&#8221; button_text=&#8221; @&#8221; button_alignment=&#8221;center&#8221; disabled_on=&#8221;off|off|off&#8221; admin_label=&#8221;Button&#8221; _builder_version=&#8221;4.18.0&#8243; _module_preset=&#8221;default&#8221; custom_button=&#8221;on&#8221; button_text_size=&#8221;28px&#8221; button_text_color=&#8221;#FFFFFF&#8221; button_bg_color=&#8221;#4b4b4d&#8221; button_bg_enable_image=&#8221;off&#8221; button_border_width=&#8221;1px&#8221; button_border_color=&#8221;#FFFFFF&#8221; button_border_radius=&#8221;42px&#8221; button_use_icon=&#8221;off&#8221; positioning=&#8221;absolute&#8221; position_origin_a=&#8221;bottom_left&#8221; vertical_offset=&#8221;25px&#8221; horizontal_offset=&#8221;-24px&#8221; z_index=&#8221;99999999&#8243; background_layout=&#8221;dark&#8221; custom_margin=&#8221;-42px|||0px|false|false&#8221; custom_padding=&#8221;0px||2px|12px|false|false&#8221; custom_css_main_element=&#8221;width: 50px;||max-width: 50px;&#8221; global_colors_info=&#8221;{}&#8221; button_text__hover_enabled=&#8221;on|desktop&#8221; button_text__hover=&#8221;C O N T A C T @&#8221;][\/et_pb_button][\/et_pb_column][et_pb_column type=&#8221;1_5&#8243; module_id=&#8221;brain&#8221; _builder_version=&#8221;4.18.0&#8243; _module_preset=&#8221;default&#8221; background_enable_image=&#8221;off&#8221; background_position=&#8221;top_center&#8221; custom_padding=&#8221;6vh|||0px|false|false&#8221; custom_css_main_element=&#8221;width: 28% !important;&#8221; global_colors_info=&#8221;{}&#8221;][et_pb_text disabled_on=&#8221;off|off|off&#8221; _builder_version=&#8221;4.27.5&#8243; _module_preset=&#8221;default&#8221; background_color=&#8221;#606062&#8243; positioning=&#8221;absolute&#8221; position_origin_a=&#8221;bottom_center&#8221; z_index=&#8221;99999&#8243; text_orientation=&#8221;center&#8221; background_layout=&#8221;dark&#8221; width=&#8221;120%&#8221; height=&#8221;50px&#8221; overflow-x=&#8221;visible&#8221; custom_margin=&#8221;0px||||false|false&#8221; custom_padding=&#8221;12px||||false|false&#8221; hover_enabled=&#8221;0&#8243; global_colors_info=&#8221;{}&#8221; sticky_enabled=&#8221;0&#8243;]<\/p>\n<p>Copyright \u00a9 Godinci 2026 All Rights Reserved<\/p>\n<p>[\/et_pb_text][\/et_pb_column][et_pb_column type=&#8221;1_5&#8243; module_id=&#8221;brain&#8221; _builder_version=&#8221;4.18.0&#8243; _module_preset=&#8221;default&#8221; background_enable_image=&#8221;off&#8221; background_position=&#8221;top_center&#8221; custom_padding=&#8221;6vh|||0px|false|false&#8221; custom_css_main_element=&#8221;width: 10% !important;&#8221; global_colors_info=&#8221;{}&#8221;][et_pb_text disabled_on=&#8221;off|off|off&#8221; _builder_version=&#8221;4.18.0&#8243; _module_preset=&#8221;default&#8221; text_font=&#8221;||||on||||&#8221; link_text_color=&#8221;#FFFFFF&#8221; background_color=&#8221;#606062&#8243; positioning=&#8221;absolute&#8221; position_origin_a=&#8221;bottom_center&#8221; z_index=&#8221;99999&#8243; text_orientation=&#8221;center&#8221; background_layout=&#8221;dark&#8221; width=&#8221;100%&#8221; height=&#8221;50px&#8221; max_height=&#8221;50px&#8221; overflow-x=&#8221;visible&#8221; custom_margin=&#8221;0px||||false|false&#8221; custom_padding=&#8221;12px||||false|false&#8221; border_color_all=&#8221;RGBA(255,255,255,0)&#8221; global_colors_info=&#8221;{}&#8221; link_text_color__hover_enabled=&#8221;on|hover&#8221; link_text_color__hover=&#8221;#660101&#8243;]<a href=\"https:\/\/godinci.org\/ro\/copyright\/\">Copyright<\/a>[\/et_pb_text][\/et_pb_column][et_pb_column type=&#8221;1_5&#8243; module_id=&#8221;brain&#8221; _builder_version=&#8221;4.18.0&#8243; _module_preset=&#8221;default&#8221; background_enable_image=&#8221;off&#8221; background_position=&#8221;top_center&#8221; custom_padding=&#8221;6vh|||0px|false|false&#8221; custom_css_main_element=&#8221;width: 10% !important;&#8221; global_colors_info=&#8221;{}&#8221;][et_pb_menu menu_id=&#8221;36&#8243; menu_style=&#8221;centered&#8221; submenu_direction=&#8221;upwards&#8221; active_link_color=&#8221;#E09900&#8243; dropdown_menu_bg_color=&#8221;#4b4b4d&#8221; dropdown_menu_line_color=&#8221;RGBA(255,255,255,0)&#8221; dropdown_menu_text_color=&#8221;#FFFFFF&#8221; dropdown_menu_active_link_color=&#8221;#660101&#8243; mobile_menu_bg_color=&#8221;RGBA(255,255,255,0)&#8221; mobile_menu_text_color=&#8221;#FFFFFF&#8221; menu_icon_color=&#8221;RGBA(255,255,255,0)&#8221; disabled_on=&#8221;off|off|off&#8221; module_class=&#8221;desk&#8221; _builder_version=&#8221;4.18.0&#8243; _module_preset=&#8221;default&#8221; menu_text_color=&#8221;RGBA(255,255,255,0)&#8221; background_color=&#8221;#4b4b4d&#8221; positioning=&#8221;absolute&#8221; position_origin_a=&#8221;bottom_right&#8221; vertical_offset=&#8221;25px&#8221; horizontal_offset=&#8221;14px&#8221; z_index=&#8221;9999999&#8243; background_layout=&#8221;dark&#8221; width=&#8221;46px&#8221; max_width=&#8221;46px&#8221; custom_margin=&#8221;||||false|false&#8221; custom_padding=&#8221;3px|6px|7px|6px|false|true&#8221; custom_css_dropdown_container=&#8221;max-width: 46px !important;&#8221; custom_css_dropdown_links=&#8221;max-width: 102px !important;||margin-left: 0px !important;&#8221; border_radii=&#8221;on|22px|22px|22px|22px&#8221; border_width_all=&#8221;1px&#8221; border_color_all=&#8221;#FFFFFF&#8221; global_colors_info=&#8221;{}&#8221; menu_text_color__hover_enabled=&#8221;on|hover&#8221; menu_text_color__hover=&#8221;RGBA(255,255,255,0)&#8221;][\/et_pb_menu][et_pb_text disabled_on=&#8221;off|off|off&#8221; _builder_version=&#8221;4.18.0&#8243; _module_preset=&#8221;default&#8221; link_font=&#8221;||||on||||&#8221; link_text_color=&#8221;#FFFFFF&#8221; background_color=&#8221;#606062&#8243; positioning=&#8221;absolute&#8221; position_origin_a=&#8221;bottom_center&#8221; z_index=&#8221;99999&#8243; text_orientation=&#8221;center&#8221; background_layout=&#8221;dark&#8221; width=&#8221;100%&#8221; max_width=&#8221;100%&#8221; height=&#8221;50px&#8221; max_height=&#8221;50px&#8221; custom_margin=&#8221;0px||||false|false&#8221; custom_padding=&#8221;12px||||false|false&#8221; global_colors_info=&#8221;{}&#8221; link_text_color__hover_enabled=&#8221;on|hover&#8221; link_text_color__hover=&#8221;#660101&#8243;]<a href=\"https:\/\/godinci.org\/ro\/privacy-policy\/\">Policy<\/a>[\/et_pb_text][\/et_pb_column][\/et_pb_row][\/et_pb_section]<\/p>\n","protected":false},"excerpt":{"rendered":"<p>\u201cCreierul t\u0103u poate mult mai mult dec\u00e2t crezi; doar folose\u0219te-l!\u201d(Leonardo Da Vinci)Despre noi\u201cCreierul t\u0103u poate mult mai mult dec\u00e2t crezi; doar folose\u0219te-l!\u201d(Leonardo Da Vinci)O perspectiv\u0103 asupra holismului Cine suntem? Godinci este o organiza\u021bie independent\u0103 care nu are motiva\u021bii politice, comerciale sau religioase, dar se str\u0103duie\u0219te s\u0103 stabileasc\u0103 directia pentru o Baracra\u021bie care s\u0103 ne permit\u0103 [&hellip;]<\/p>\n","protected":false},"author":1,"featured_media":0,"parent":0,"menu_order":0,"comment_status":"closed","ping_status":"closed","template":"","meta":{"_et_pb_use_builder":"on","_et_pb_old_content":"","_et_gb_content_width":"","footnotes":""},"class_list":["post-3509","page","type-page","status-publish","hentry"],"_links":{"self":[{"href":"https:\/\/godinci.org\/ro\/wp-json\/wp\/v2\/pages\/3509","targetHints":{"allow":["GET"]}}],"collection":[{"href":"https:\/\/godinci.org\/ro\/wp-json\/wp\/v2\/pages"}],"about":[{"href":"https:\/\/godinci.org\/ro\/wp-json\/wp\/v2\/types\/page"}],"author":[{"embeddable":true,"href":"https:\/\/godinci.org\/ro\/wp-json\/wp\/v2\/users\/1"}],"replies":[{"embeddable":true,"href":"https:\/\/godinci.org\/ro\/wp-json\/wp\/v2\/comments?post=3509"}],"version-history":[{"count":86,"href":"https:\/\/godinci.org\/ro\/wp-json\/wp\/v2\/pages\/3509\/revisions"}],"predecessor-version":[{"id":17261,"href":"https:\/\/godinci.org\/ro\/wp-json\/wp\/v2\/pages\/3509\/revisions\/17261"}],"wp:attachment":[{"href":"https:\/\/godinci.org\/ro\/wp-json\/wp\/v2\/media?parent=3509"}],"curies":[{"name":"wp","href":"https:\/\/api.w.org\/{rel}","templated":true}]}}