{"id":15520,"date":"2022-10-20T16:37:44","date_gmt":"2022-10-20T16:37:44","guid":{"rendered":"https:\/\/godinci.org\/glossary\/"},"modified":"2022-11-01T07:30:54","modified_gmt":"2022-11-01T07:30:54","slug":"glossary","status":"publish","type":"page","link":"https:\/\/godinci.org\/ro\/glossary\/","title":{"rendered":"Glosar"},"content":{"rendered":"<p>[et_pb_section fb_built=&#8221;1&#8243; disabled_on=&#8221;off|off|off&#8221; admin_label=&#8221;Desktop good page&#8221; _builder_version=&#8221;4.18.0&#8243; _module_preset=&#8221;default&#8221; background_enable_color=&#8221;off&#8221; background_enable_image=&#8221;off&#8221; background_position=&#8221;top_right&#8221; background_horizontal_offset=&#8221;0%&#8221; z_index=&#8221;10000&#8243; height=&#8221;100%&#8221; custom_margin=&#8221;0px||0px|0px|false|false&#8221; custom_padding=&#8221;0px||0px|0px|false|false&#8221; global_colors_info=&#8221;{}&#8221;][et_pb_row disabled_on=&#8221;on|on|off&#8221; _builder_version=&#8221;4.18.0&#8243; _module_preset=&#8221;default&#8221; positioning=&#8221;fixed&#8221; z_index=&#8221;999999999&#8243; global_colors_info=&#8221;{}&#8221;][et_pb_column type=&#8221;4_4&#8243; _builder_version=&#8221;4.18.0&#8243; _module_preset=&#8221;default&#8221; global_colors_info=&#8221;{}&#8221;][et_pb_menu menu_id=&#8221;38&#8243; menu_style=&#8221;centered&#8221; active_link_color=&#8221;#FFFFFF&#8221; dropdown_menu_bg_color=&#8221;RGBA(255,255,255,0)&#8221; dropdown_menu_text_color=&#8221;#FFFFFF&#8221; dropdown_menu_active_link_color=&#8221;#FFFFFF&#8221; mobile_menu_bg_color=&#8221;#606062&#8243; mobile_menu_text_color=&#8221;#FFFFFF&#8221; menu_icon_font_size=&#8221;48px&#8221; disabled_on=&#8221;on|on|off&#8221; module_class=&#8221;hambdesk&#8221; _builder_version=&#8221;4.18.0&#8243; _module_preset=&#8221;default&#8221; menu_font_size=&#8221;18px&#8221; background_color=&#8221;#4b4b4d&#8221; positioning=&#8221;absolute&#8221; vertical_offset=&#8221;67px&#8221; z_index=&#8221;9999999999&#8243; background_layout=&#8221;dark&#8221; width=&#8221;100%&#8221; height=&#8221;80px&#8221; max_height=&#8221;80px&#8221; custom_margin=&#8221;-74px|||37.2vw|false|false&#8221; custom_padding=&#8221;20px|14px|14px|15px|false|false&#8221; sticky_position=&#8221;top&#8221; custom_css_main_element=&#8221;display: flex;||width: 80px;&#8221; border_radii=&#8221;on|50%|50%|50%|50%&#8221; border_width_all=&#8221;1px&#8221; border_color_all=&#8221;#FFFFFF&#8221; global_colors_info=&#8221;{}&#8221; dropdown_menu_bg_color__sticky_enabled=&#8221;off|desktop&#8221; dropdown_menu_bg_color__hover_enabled=&#8221;off|desktop&#8221; background__hover_enabled=&#8221;on|hover&#8221; background_color__hover=&#8221;#aa0022&#8243; background_enable_color__hover=&#8221;on&#8221;][\/et_pb_menu][\/et_pb_column][\/et_pb_row][et_pb_row column_structure=&#8221;2_5,3_5&#8243; use_custom_gutter=&#8221;on&#8221; make_equal=&#8221;on&#8221; disabled_on=&#8221;off|off|off&#8221; admin_label=&#8221;Row&#8221; module_class=&#8221;patru-col&#8221; _builder_version=&#8221;4.18.1&#8243; _module_preset=&#8221;default&#8221; background_enable_image=&#8221;off&#8221; positioning=&#8221;none&#8221; horizontal_offset=&#8221;12%&#8221; width=&#8221;100%&#8221; max_width=&#8221;100%&#8221; module_alignment=&#8221;center&#8221; overflow-y=&#8221;visible&#8221; custom_margin=&#8221;0px||0px|0px|false|false&#8221; custom_padding=&#8221;0px||0px|0px|false|false&#8221; custom_css_main_element=&#8221;height: 100%&#8221; global_colors_info=&#8221;{}&#8221; background__hover_enabled=&#8221;on|desktop&#8221;][et_pb_column type=&#8221;2_5&#8243; module_class=&#8221;col1&#8243; disabled_on=&#8221;on|on|off&#8221; _builder_version=&#8221;4.18.1&#8243; _module_preset=&#8221;default&#8221; background_enable_color=&#8221;off&#8221; background_image=&#8221;https:\/\/godinci.org\/wp-content\/uploads\/2022\/09\/godinci3.jpg&#8221; background_position=&#8221;top_left&#8221; positioning=&#8221;fixed&#8221; custom_padding=&#8221;40px||||false|false&#8221; global_colors_info=&#8221;{}&#8221; background__hover_enabled=&#8221;off|hover&#8221; background_image__hover=&#8221;https:\/\/godinci.org\/wp-content\/uploads\/2022\/10\/articles2veryshort-2-scaled.jpg&#8221; background_enable_image__hover=&#8221;on&#8221; background_position__hover=&#8221;top_left&#8221;][et_pb_text disabled_on=&#8221;on|on|off&#8221; _builder_version=&#8221;4.18.1&#8243; _module_preset=&#8221;default&#8221; header_font=&#8221;Roboto|700|||||||&#8221; header_text_align=&#8221;center&#8221; header_text_color=&#8221;#FFFFFF&#8221; header_font_size=&#8221;36px&#8221; z_index=&#8221;99999&#8243; custom_margin=&#8221;-20px||||false|false&#8221; custom_padding=&#8221;0px||7vh||false|false&#8221; global_colors_info=&#8221;{}&#8221;]<\/p>\n<h1 style=\"text-align: center;\">Glosar Godinci<\/h1>\n<p>[\/et_pb_text][\/et_pb_column][et_pb_column type=&#8221;3_5&#8243; module_class=&#8221;col2&#8243; admin_label=&#8221;Column&#8221; _builder_version=&#8221;4.18.0&#8243; _module_preset=&#8221;default&#8221; background_enable_image=&#8221;off&#8221; background_size=&#8221;initial&#8221; background_position=&#8221;top_left&#8221; z_index=&#8221;99999&#8243; overflow-y=&#8221;auto&#8221; custom_padding=&#8221;6vh|||0px|false|false&#8221; custom_padding_tablet=&#8221;0vh||||false|false&#8221; custom_padding_phone=&#8221;0vh||||false|false&#8221; custom_padding_last_edited=&#8221;on|phone&#8221; global_colors_info=&#8221;{}&#8221;][et_pb_text ul_item_indent=&#8221;20px&#8221; ol_item_indent=&#8221;20px&#8221; admin_label=&#8221;List of words &#8211; here you edit to add your definitions&#8221; module_class=&#8221;artbody maintext&#8221; _builder_version=&#8221;4.18.1&#8243; text_font_size=&#8221;17px&#8221; ol_text_align=&#8221;left&#8221; header_text_align=&#8221;center&#8221; header_text_color=&#8221;#660101&#8243; header_2_text_align=&#8221;center&#8221; header_2_text_color=&#8221;#660101&#8243; header_2_font_size=&#8221;28px&#8221; header_2_line_height=&#8221;1.5em&#8221; header_6_text_align=&#8221;center&#8221; header_6_text_color=&#8221;#666666&#8243; header_6_font_size=&#8221;28px&#8221; background_size=&#8221;initial&#8221; background_position=&#8221;top_left&#8221; background_repeat=&#8221;repeat&#8221; width=&#8221;100%&#8221; custom_margin=&#8221;160px|0px||0px|false|true&#8221; custom_margin_tablet=&#8221;20px||||false|true&#8221; custom_margin_phone=&#8221;20px||||false|true&#8221; custom_margin_last_edited=&#8221;on|desktop&#8221; custom_padding=&#8221;|16px||16px|false|true&#8221; hover_enabled=&#8221;0&#8243; global_colors_info=&#8221;{}&#8221; sticky_enabled=&#8221;0&#8243;]<\/p>\n<p><strong>Verolation<\/strong>: investigarea naturii prin procesul de fapte observabile, lucruri cunoscute \u0219i ra\u021bionament legate de bun-sim\u021b.<\/p>\n<p><strong>Baracra\u021bie:<\/strong> o societate (Lumea) care func\u021bioneaz\u0103 \u00een conformitate cu principiul Armoniz\u0103rii \u0219i \u00een care institu\u021biile, legile \u0219i tehnologiile ne faciliteaz\u0103 devenirea c\u0103tre scopul nostru cosmic \u0219i permite umanit\u0103\u021bii, \u00een ansamblu, cre\u0219terea adev\u0103rat\u0103.<\/p>\n<p><strong>Armonare<\/strong>: Zona din cadrul evolu\u021biei, \u00een care entit\u0103\u021bile autonome, \u00eentr-un fel sau altul, ac\u021bioneaz\u0103 \u00een a\u0219a fel \u00eenc\u00e2t comportamentul lor s\u0103 fie nu numai benefic pentru ele, ci \u0219i pentru mediul lor \u00een ansamblu \u0219i primordial \u0219i\/sau mai departe al PAPOS. scopurile subiacente.<\/p>\n<p>&nbsp;<\/p>\n<p>[\/et_pb_text][et_pb_divider color=&#8221;#960101&#8243; divider_position=&#8221;center&#8221; divider_weight=&#8221;3px&#8221; _builder_version=&#8221;4.18.0&#8243; _module_preset=&#8221;default&#8221; width=&#8221;30%&#8221; max_width=&#8221;30%&#8221; custom_margin=&#8221;-40px||20px||false|false&#8221; custom_margin_tablet=&#8221;0px||||false|false&#8221; custom_margin_phone=&#8221;0px||||false|false&#8221; custom_margin_last_edited=&#8221;on|phone&#8221; custom_padding=&#8221;0px|||0px|false|false&#8221; custom_padding_tablet=&#8221;|||10px|false|false&#8221; custom_padding_phone=&#8221;&#8221; custom_padding_last_edited=&#8221;on|phone&#8221; global_colors_info=&#8221;{}&#8221;][\/et_pb_divider][\/et_pb_column][\/et_pb_row][et_pb_row column_structure=&#8221;1_5,1_5,1_5,1_5,1_5&#8243; use_custom_gutter=&#8221;on&#8221; make_equal=&#8221;on&#8221; disabled_on=&#8221;on|on|off&#8221; admin_label=&#8221;footer pages&#8221; module_class=&#8221;patru-col&#8221; _builder_version=&#8221;4.18.0&#8243; _module_preset=&#8221;default&#8221; background_enable_image=&#8221;off&#8221; positioning=&#8221;fixed&#8221; position_origin_f=&#8221;bottom_left&#8221; z_index=&#8221;9999999&#8243; width=&#8221;100%&#8221; max_width=&#8221;100%&#8221; overflow-y=&#8221;visible&#8221; custom_margin=&#8221;0px|auto|0px|auto|false|false&#8221; custom_padding=&#8221;0px||0px||false|false&#8221; saved_tabs=&#8221;all&#8221; global_colors_info=&#8221;{}&#8221; background__hover_enabled=&#8221;on|desktop&#8221;][et_pb_column type=&#8221;1_5&#8243; _builder_version=&#8221;4.18.0&#8243; _module_preset=&#8221;default&#8221; background_enable_color=&#8221;off&#8221; background_enable_image=&#8221;off&#8221; background_position=&#8221;top_left&#8221; custom_padding=&#8221;40px||||false|false&#8221; custom_css_main_element=&#8221;width: 40% !important;&#8221; global_colors_info=&#8221;{}&#8221; background__hover_enabled=&#8221;on|hover&#8221; background_image__hover=&#8221;&#8221; background_enable_image__hover=&#8221;off&#8221; background_position__hover=&#8221;top_left&#8221;][\/et_pb_column][et_pb_column type=&#8221;1_5&#8243; module_id=&#8221;brain&#8221; admin_label=&#8221;Column&#8221; _builder_version=&#8221;4.18.0&#8243; _module_preset=&#8221;default&#8221; background_enable_image=&#8221;off&#8221; background_size=&#8221;initial&#8221; background_position=&#8221;top_left&#8221; z_index=&#8221;99999&#8243; custom_padding=&#8221;6vh|||0px|false|false&#8221; custom_css_main_element=&#8221;width: 12% !important;&#8221; global_colors_info=&#8221;{}&#8221;][et_pb_image src=&#8221;https:\/\/godinci.org\/wp-content\/uploads\/2022\/10\/godincilogo60.png&#8221; title_text=&#8221;godinci&#8221; url=&#8221;\/&#8221; _builder_version=&#8221;4.18.1&#8243; _module_preset=&#8221;default&#8221; background_color=&#8221;#606062&#8243; module_alignment=&#8221;center&#8221; height=&#8221;50px&#8221; max_height=&#8221;50px&#8221; custom_margin=&#8221;||||false|false&#8221; custom_padding=&#8221;0px|||26px|false|false&#8221; global_colors_info=&#8221;{}&#8221;][\/et_pb_image][et_pb_button button_url=&#8221;https:\/\/godinci.org\/ro\/contact\/&#8221; button_text=&#8221; @&#8221; button_alignment=&#8221;center&#8221; disabled_on=&#8221;off|off|off&#8221; admin_label=&#8221;Button&#8221; _builder_version=&#8221;4.18.0&#8243; _module_preset=&#8221;default&#8221; custom_button=&#8221;on&#8221; button_text_size=&#8221;28px&#8221; button_text_color=&#8221;#FFFFFF&#8221; button_bg_color=&#8221;#4b4b4d&#8221; button_bg_enable_image=&#8221;off&#8221; button_border_width=&#8221;1px&#8221; button_border_color=&#8221;#FFFFFF&#8221; button_border_radius=&#8221;42px&#8221; button_use_icon=&#8221;off&#8221; positioning=&#8221;absolute&#8221; position_origin_a=&#8221;bottom_left&#8221; vertical_offset=&#8221;25px&#8221; horizontal_offset=&#8221;-24px&#8221; z_index=&#8221;99999999&#8243; background_layout=&#8221;dark&#8221; custom_margin=&#8221;-42px|||0px|false|false&#8221; custom_padding=&#8221;0px||2px|12px|false|false&#8221; custom_css_main_element=&#8221;width: 50px;||max-width: 50px;&#8221; global_colors_info=&#8221;{}&#8221; button_text__hover_enabled=&#8221;on|desktop&#8221; button_text__hover=&#8221;C O N T A C T @&#8221;][\/et_pb_button][\/et_pb_column][et_pb_column type=&#8221;1_5&#8243; module_id=&#8221;brain&#8221; _builder_version=&#8221;4.18.0&#8243; _module_preset=&#8221;default&#8221; background_enable_image=&#8221;off&#8221; background_position=&#8221;top_center&#8221; custom_padding=&#8221;6vh|||0px|false|false&#8221; custom_css_main_element=&#8221;width: 28% !important;&#8221; global_colors_info=&#8221;{}&#8221;][et_pb_text disabled_on=&#8221;off|off|off&#8221; _builder_version=&#8221;4.18.0&#8243; _module_preset=&#8221;default&#8221; background_color=&#8221;#606062&#8243; positioning=&#8221;absolute&#8221; position_origin_a=&#8221;bottom_center&#8221; z_index=&#8221;99999&#8243; text_orientation=&#8221;center&#8221; background_layout=&#8221;dark&#8221; width=&#8221;100%&#8221; max_width=&#8221;100%&#8221; height=&#8221;50px&#8221; overflow-x=&#8221;visible&#8221; custom_margin=&#8221;0px||||false|false&#8221; custom_padding=&#8221;12px||||false|false&#8221; global_colors_info=&#8221;{}&#8221;]Copyright \u00a9 Godinci 2022 All Rights Reserved[\/et_pb_text][\/et_pb_column][et_pb_column type=&#8221;1_5&#8243; module_id=&#8221;brain&#8221; _builder_version=&#8221;4.18.0&#8243; _module_preset=&#8221;default&#8221; background_enable_image=&#8221;off&#8221; background_position=&#8221;top_center&#8221; custom_padding=&#8221;6vh|||0px|false|false&#8221; custom_css_main_element=&#8221;width: 10.2% !important;&#8221; global_colors_info=&#8221;{}&#8221;][et_pb_text disabled_on=&#8221;off|off|off&#8221; _builder_version=&#8221;4.18.0&#8243; _module_preset=&#8221;default&#8221; text_font=&#8221;||||on||||&#8221; link_text_color=&#8221;#FFFFFF&#8221; background_color=&#8221;#606062&#8243; positioning=&#8221;absolute&#8221; position_origin_a=&#8221;bottom_center&#8221; z_index=&#8221;99999&#8243; text_orientation=&#8221;center&#8221; background_layout=&#8221;dark&#8221; width=&#8221;100%&#8221; height=&#8221;50px&#8221; max_height=&#8221;50px&#8221; overflow-x=&#8221;visible&#8221; custom_margin=&#8221;0px||||false|false&#8221; custom_padding=&#8221;12px||||false|false&#8221; border_color_all=&#8221;RGBA(255,255,255,0)&#8221; global_colors_info=&#8221;{}&#8221; link_text_color__hover_enabled=&#8221;on|hover&#8221; link_text_color__hover=&#8221;#660101&#8243;]<a href=\"https:\/\/godinci.org\/ro\/copyright\/\">Copyright<\/a>[\/et_pb_text][\/et_pb_column][et_pb_column type=&#8221;1_5&#8243; module_id=&#8221;brain&#8221; _builder_version=&#8221;4.18.0&#8243; _module_preset=&#8221;default&#8221; background_enable_image=&#8221;off&#8221; background_position=&#8221;top_center&#8221; custom_padding=&#8221;6vh|||0px|false|false&#8221; custom_css_main_element=&#8221;width: 9.8% !important;&#8221; global_colors_info=&#8221;{}&#8221;][et_pb_menu menu_id=&#8221;36&#8243; menu_style=&#8221;centered&#8221; submenu_direction=&#8221;upwards&#8221; active_link_color=&#8221;#E09900&#8243; dropdown_menu_bg_color=&#8221;#4b4b4d&#8221; dropdown_menu_line_color=&#8221;RGBA(255,255,255,0)&#8221; dropdown_menu_text_color=&#8221;#FFFFFF&#8221; dropdown_menu_active_link_color=&#8221;#660101&#8243; mobile_menu_bg_color=&#8221;RGBA(255,255,255,0)&#8221; mobile_menu_text_color=&#8221;#FFFFFF&#8221; menu_icon_color=&#8221;RGBA(255,255,255,0)&#8221; disabled_on=&#8221;off|off|off&#8221; module_class=&#8221;desk&#8221; _builder_version=&#8221;4.18.0&#8243; _module_preset=&#8221;default&#8221; menu_text_color=&#8221;RGBA(255,255,255,0)&#8221; background_color=&#8221;#4b4b4d&#8221; positioning=&#8221;absolute&#8221; position_origin_a=&#8221;bottom_right&#8221; vertical_offset=&#8221;25px&#8221; horizontal_offset=&#8221;14px&#8221; z_index=&#8221;9999999&#8243; background_layout=&#8221;dark&#8221; width=&#8221;46px&#8221; max_width=&#8221;46px&#8221; custom_margin=&#8221;||||false|false&#8221; custom_padding=&#8221;3px|6px|7px|6px|false|true&#8221; custom_css_dropdown_container=&#8221;max-width: 46px !important;&#8221; custom_css_dropdown_links=&#8221;max-width: 102px !important;||margin-left: 0px !important;&#8221; border_radii=&#8221;on|22px|22px|22px|22px&#8221; border_width_all=&#8221;1px&#8221; border_color_all=&#8221;#FFFFFF&#8221; global_colors_info=&#8221;{}&#8221; menu_text_color__hover_enabled=&#8221;on|hover&#8221; menu_text_color__hover=&#8221;RGBA(255,255,255,0)&#8221;][\/et_pb_menu][et_pb_text disabled_on=&#8221;off|off|off&#8221; _builder_version=&#8221;4.18.0&#8243; _module_preset=&#8221;default&#8221; link_font=&#8221;||||on||||&#8221; link_text_color=&#8221;#FFFFFF&#8221; background_color=&#8221;#606062&#8243; positioning=&#8221;absolute&#8221; position_origin_a=&#8221;bottom_center&#8221; z_index=&#8221;99999&#8243; text_orientation=&#8221;center&#8221; background_layout=&#8221;dark&#8221; width=&#8221;100%&#8221; max_width=&#8221;100%&#8221; height=&#8221;50px&#8221; max_height=&#8221;50px&#8221; custom_margin=&#8221;0px||||false|false&#8221; custom_padding=&#8221;12px||||false|false&#8221; global_colors_info=&#8221;{}&#8221; link_text_color__hover_enabled=&#8221;on|hover&#8221; link_text_color__hover=&#8221;#660101&#8243;]<a href=\"https:\/\/godinci.org\/ro\/privacy-policy\/\">Policy<\/a>[\/et_pb_text][\/et_pb_column][\/et_pb_row][\/et_pb_section]<\/p>\n","protected":false},"excerpt":{"rendered":"<p>Glosar GodinciVerolation: investigarea naturii prin procesul de fapte observabile, lucruri cunoscute \u0219i ra\u021bionament legate de bun-sim\u021b. Baracra\u021bie: o societate (Lumea) care func\u021bioneaz\u0103 \u00een conformitate cu principiul Armoniz\u0103rii \u0219i \u00een care institu\u021biile, legile \u0219i tehnologiile ne faciliteaz\u0103 devenirea c\u0103tre scopul nostru cosmic \u0219i permite umanit\u0103\u021bii, \u00een ansamblu, cre\u0219terea adev\u0103rat\u0103. Armonare: Zona din cadrul evolu\u021biei, \u00een care [&hellip;]<\/p>\n","protected":false},"author":1,"featured_media":0,"parent":0,"menu_order":0,"comment_status":"closed","ping_status":"closed","template":"","meta":{"_et_pb_use_builder":"on","_et_pb_old_content":"","_et_gb_content_width":"","footnotes":""},"class_list":["post-15520","page","type-page","status-publish","hentry"],"_links":{"self":[{"href":"https:\/\/godinci.org\/ro\/wp-json\/wp\/v2\/pages\/15520","targetHints":{"allow":["GET"]}}],"collection":[{"href":"https:\/\/godinci.org\/ro\/wp-json\/wp\/v2\/pages"}],"about":[{"href":"https:\/\/godinci.org\/ro\/wp-json\/wp\/v2\/types\/page"}],"author":[{"embeddable":true,"href":"https:\/\/godinci.org\/ro\/wp-json\/wp\/v2\/users\/1"}],"replies":[{"embeddable":true,"href":"https:\/\/godinci.org\/ro\/wp-json\/wp\/v2\/comments?post=15520"}],"version-history":[{"count":46,"href":"https:\/\/godinci.org\/ro\/wp-json\/wp\/v2\/pages\/15520\/revisions"}],"predecessor-version":[{"id":15810,"href":"https:\/\/godinci.org\/ro\/wp-json\/wp\/v2\/pages\/15520\/revisions\/15810"}],"wp:attachment":[{"href":"https:\/\/godinci.org\/ro\/wp-json\/wp\/v2\/media?parent=15520"}],"curies":[{"name":"wp","href":"https:\/\/api.w.org\/{rel}","templated":true}]}}