{"id":15510,"date":"2022-10-20T16:37:44","date_gmt":"2022-10-20T16:37:44","guid":{"rendered":"https:\/\/godinci.org\/glossary\/"},"modified":"2022-11-01T07:31:39","modified_gmt":"2022-11-01T07:31:39","slug":"glossary","status":"publish","type":"page","link":"https:\/\/godinci.org\/fr\/glossary\/","title":{"rendered":"Glossaire"},"content":{"rendered":"<p>[et_pb_section fb_built=\u00a0\u00bb1&Prime; disabled_on=\u00a0\u00bboff|off|off\u00a0\u00bb admin_label=\u00a0\u00bbDesktop good page\u00a0\u00bb _builder_version=\u00a0\u00bb4.18.0&Prime; _module_preset=\u00a0\u00bbdefault\u00a0\u00bb background_enable_color=\u00a0\u00bboff\u00a0\u00bb background_enable_image=\u00a0\u00bboff\u00a0\u00bb background_position=\u00a0\u00bbtop_right\u00a0\u00bb background_horizontal_offset=\u00a0\u00bb0%\u00a0\u00bb z_index=\u00a0\u00bb10000&Prime; height=\u00a0\u00bb100%\u00a0\u00bb custom_margin=\u00a0\u00bb0px||0px|0px|false|false\u00a0\u00bb custom_padding=\u00a0\u00bb0px||0px|0px|false|false\u00a0\u00bb global_colors_info=\u00a0\u00bb{}\u00a0\u00bb][et_pb_row disabled_on=\u00a0\u00bbon|on|off\u00a0\u00bb _builder_version=\u00a0\u00bb4.18.0&Prime; _module_preset=\u00a0\u00bbdefault\u00a0\u00bb positioning=\u00a0\u00bbfixed\u00a0\u00bb z_index=\u00a0\u00bb999999999&Prime; global_colors_info=\u00a0\u00bb{}\u00a0\u00bb][et_pb_column type=\u00a0\u00bb4_4&Prime; _builder_version=\u00a0\u00bb4.18.0&Prime; _module_preset=\u00a0\u00bbdefault\u00a0\u00bb global_colors_info=\u00a0\u00bb{}\u00a0\u00bb][et_pb_menu menu_id=\u00a0\u00bb38&Prime; menu_style=\u00a0\u00bbcentered\u00a0\u00bb active_link_color=\u00a0\u00bb#FFFFFF\u00a0\u00bb dropdown_menu_bg_color=\u00a0\u00bbRGBA(255,255,255,0)\u00a0\u00bb dropdown_menu_text_color=\u00a0\u00bb#FFFFFF\u00a0\u00bb dropdown_menu_active_link_color=\u00a0\u00bb#FFFFFF\u00a0\u00bb mobile_menu_bg_color=\u00a0\u00bb#606062&Prime; mobile_menu_text_color=\u00a0\u00bb#FFFFFF\u00a0\u00bb menu_icon_font_size=\u00a0\u00bb48px\u00a0\u00bb disabled_on=\u00a0\u00bbon|on|off\u00a0\u00bb module_class=\u00a0\u00bbhambdesk\u00a0\u00bb _builder_version=\u00a0\u00bb4.18.0&Prime; _module_preset=\u00a0\u00bbdefault\u00a0\u00bb menu_font_size=\u00a0\u00bb18px\u00a0\u00bb background_color=\u00a0\u00bb#4b4b4d\u00a0\u00bb positioning=\u00a0\u00bbabsolute\u00a0\u00bb vertical_offset=\u00a0\u00bb67px\u00a0\u00bb z_index=\u00a0\u00bb9999999999&Prime; background_layout=\u00a0\u00bbdark\u00a0\u00bb width=\u00a0\u00bb100%\u00a0\u00bb height=\u00a0\u00bb80px\u00a0\u00bb max_height=\u00a0\u00bb80px\u00a0\u00bb custom_margin=\u00a0\u00bb-74px|||37.2vw|false|false\u00a0\u00bb custom_padding=\u00a0\u00bb20px|14px|14px|15px|false|false\u00a0\u00bb sticky_position=\u00a0\u00bbtop\u00a0\u00bb custom_css_main_element=\u00a0\u00bbdisplay: flex;||width: 80px;\u00a0\u00bb border_radii=\u00a0\u00bbon|50%|50%|50%|50%\u00a0\u00bb border_width_all=\u00a0\u00bb1px\u00a0\u00bb border_color_all=\u00a0\u00bb#FFFFFF\u00a0\u00bb global_colors_info=\u00a0\u00bb{}\u00a0\u00bb dropdown_menu_bg_color__sticky_enabled=\u00a0\u00bboff|desktop\u00a0\u00bb dropdown_menu_bg_color__hover_enabled=\u00a0\u00bboff|desktop\u00a0\u00bb background__hover_enabled=\u00a0\u00bbon|hover\u00a0\u00bb background_color__hover=\u00a0\u00bb#aa0022&Prime; background_enable_color__hover=\u00a0\u00bbon\u00a0\u00bb][\/et_pb_menu][\/et_pb_column][\/et_pb_row][et_pb_row column_structure=\u00a0\u00bb2_5,3_5&Prime; use_custom_gutter=\u00a0\u00bbon\u00a0\u00bb make_equal=\u00a0\u00bbon\u00a0\u00bb disabled_on=\u00a0\u00bboff|off|off\u00a0\u00bb admin_label=\u00a0\u00bbRow\u00a0\u00bb module_class=\u00a0\u00bbpatru-col\u00a0\u00bb _builder_version=\u00a0\u00bb4.18.1&Prime; _module_preset=\u00a0\u00bbdefault\u00a0\u00bb background_enable_image=\u00a0\u00bboff\u00a0\u00bb positioning=\u00a0\u00bbnone\u00a0\u00bb horizontal_offset=\u00a0\u00bb12%\u00a0\u00bb width=\u00a0\u00bb100%\u00a0\u00bb max_width=\u00a0\u00bb100%\u00a0\u00bb module_alignment=\u00a0\u00bbcenter\u00a0\u00bb overflow-y=\u00a0\u00bbvisible\u00a0\u00bb custom_margin=\u00a0\u00bb0px||0px|0px|false|false\u00a0\u00bb custom_padding=\u00a0\u00bb0px||0px|0px|false|false\u00a0\u00bb custom_css_main_element=\u00a0\u00bbheight: 100%\u00a0\u00bb global_colors_info=\u00a0\u00bb{}\u00a0\u00bb background__hover_enabled=\u00a0\u00bbon|desktop\u00a0\u00bb][et_pb_column type=\u00a0\u00bb2_5&Prime; module_class=\u00a0\u00bbcol1&Prime; disabled_on=\u00a0\u00bbon|on|off\u00a0\u00bb _builder_version=\u00a0\u00bb4.18.1&Prime; _module_preset=\u00a0\u00bbdefault\u00a0\u00bb background_enable_color=\u00a0\u00bboff\u00a0\u00bb background_image=\u00a0\u00bbhttps:\/\/godinci.org\/wp-content\/uploads\/2022\/09\/godinci3.jpg\u00a0\u00bb background_position=\u00a0\u00bbtop_left\u00a0\u00bb positioning=\u00a0\u00bbfixed\u00a0\u00bb custom_padding=\u00a0\u00bb40px||||false|false\u00a0\u00bb global_colors_info=\u00a0\u00bb{}\u00a0\u00bb background__hover_enabled=\u00a0\u00bboff|hover\u00a0\u00bb background_image__hover=\u00a0\u00bbhttps:\/\/godinci.org\/wp-content\/uploads\/2022\/10\/articles2veryshort-2-scaled.jpg\u00a0\u00bb background_enable_image__hover=\u00a0\u00bbon\u00a0\u00bb background_position__hover=\u00a0\u00bbtop_left\u00a0\u00bb][et_pb_text disabled_on=\u00a0\u00bbon|on|off\u00a0\u00bb _builder_version=\u00a0\u00bb4.18.1&Prime; _module_preset=\u00a0\u00bbdefault\u00a0\u00bb header_font=\u00a0\u00bbRoboto|700|||||||\u00a0\u00bb header_text_align=\u00a0\u00bbcenter\u00a0\u00bb header_text_color=\u00a0\u00bb#FFFFFF\u00a0\u00bb header_font_size=\u00a0\u00bb36px\u00a0\u00bb z_index=\u00a0\u00bb99999&Prime; custom_margin=\u00a0\u00bb-20px||||false|false\u00a0\u00bb custom_padding=\u00a0\u00bb0px||7vh||false|false\u00a0\u00bb global_colors_info=\u00a0\u00bb{}\u00a0\u00bb]<\/p>\n<h1 style=\"text-align: center;\">Godinci Glossaire<\/h1>\n<p>[\/et_pb_text][\/et_pb_column][et_pb_column type=\u00a0\u00bb3_5&Prime; module_class=\u00a0\u00bbcol2&Prime; admin_label=\u00a0\u00bbColumn\u00a0\u00bb _builder_version=\u00a0\u00bb4.18.0&Prime; _module_preset=\u00a0\u00bbdefault\u00a0\u00bb background_enable_image=\u00a0\u00bboff\u00a0\u00bb background_size=\u00a0\u00bbinitial\u00a0\u00bb background_position=\u00a0\u00bbtop_left\u00a0\u00bb z_index=\u00a0\u00bb99999&Prime; overflow-y=\u00a0\u00bbauto\u00a0\u00bb custom_padding=\u00a0\u00bb6vh|||0px|false|false\u00a0\u00bb custom_padding_tablet=\u00a0\u00bb0vh||||false|false\u00a0\u00bb custom_padding_phone=\u00a0\u00bb0vh||||false|false\u00a0\u00bb custom_padding_last_edited=\u00a0\u00bbon|phone\u00a0\u00bb global_colors_info=\u00a0\u00bb{}\u00a0\u00bb][et_pb_text ul_item_indent=\u00a0\u00bb20px\u00a0\u00bb ol_item_indent=\u00a0\u00bb20px\u00a0\u00bb admin_label=\u00a0\u00bbList of words &#8211; here you edit to add your definitions\u00a0\u00bb module_class=\u00a0\u00bbartbody maintext\u00a0\u00bb _builder_version=\u00a0\u00bb4.18.1&Prime; text_font_size=\u00a0\u00bb17px\u00a0\u00bb ol_text_align=\u00a0\u00bbleft\u00a0\u00bb header_text_align=\u00a0\u00bbcenter\u00a0\u00bb header_text_color=\u00a0\u00bb#660101&Prime; header_2_text_align=\u00a0\u00bbcenter\u00a0\u00bb header_2_text_color=\u00a0\u00bb#660101&Prime; header_2_font_size=\u00a0\u00bb28px\u00a0\u00bb header_2_line_height=\u00a0\u00bb1.5em\u00a0\u00bb header_6_text_align=\u00a0\u00bbcenter\u00a0\u00bb header_6_text_color=\u00a0\u00bb#666666&Prime; header_6_font_size=\u00a0\u00bb28px\u00a0\u00bb background_size=\u00a0\u00bbinitial\u00a0\u00bb background_position=\u00a0\u00bbtop_left\u00a0\u00bb background_repeat=\u00a0\u00bbrepeat\u00a0\u00bb width=\u00a0\u00bb100%\u00a0\u00bb custom_margin=\u00a0\u00bb160px|0px||0px|false|true\u00a0\u00bb custom_margin_tablet=\u00a0\u00bb20px||||false|true\u00a0\u00bb custom_margin_phone=\u00a0\u00bb20px||||false|true\u00a0\u00bb custom_margin_last_edited=\u00a0\u00bbon|desktop\u00a0\u00bb custom_padding=\u00a0\u00bb|16px||16px|false|true\u00a0\u00bb global_colors_info=\u00a0\u00bb{}\u00a0\u00bb]<\/p>\n<p><strong>Verolation<\/strong>: enqu\u00eater sur la nature \u00e0 travers le processus de faits observables, de choses connues et de raisonnements li\u00e9s au bon sens.<br \/>Source: Godinci<\/p>\n<p><strong>Baracratie<\/strong>: une soci\u00e9t\u00e9 (mondiale) qui fonctionne selon le principe d&rsquo;Harmonisation et o\u00f9 les institutions, les lois et les technologies facilitent notre devenir vers notre but cosmique, et permettent \u00e0 l&rsquo;humanit\u00e9, dans son ensemble, de v\u00e9ritable croissance.<br \/><em>Source: Godinci<\/em><\/p>\n<p><strong>Harmonisation<\/strong>: La zone au sein de l&rsquo;\u00e9volution, o\u00f9 les entit\u00e9s autonomes, d&rsquo;une mani\u00e8re ou d&rsquo;une autre, agissent de telle mani\u00e8re que leur comportement est non seulement b\u00e9n\u00e9fique pour elles, mais aussi pour leur environnement dans son ensemble et le PAPOS primordial et\/ou ult\u00e9rieur. objectifs sous-jacents.<br \/><em>Source: Godinci<\/em><\/p>\n<p>&nbsp;<\/p>\n<p>[\/et_pb_text][et_pb_divider color=\u00a0\u00bb#960101&Prime; divider_position=\u00a0\u00bbcenter\u00a0\u00bb divider_weight=\u00a0\u00bb3px\u00a0\u00bb _builder_version=\u00a0\u00bb4.18.0&Prime; _module_preset=\u00a0\u00bbdefault\u00a0\u00bb width=\u00a0\u00bb30%\u00a0\u00bb max_width=\u00a0\u00bb30%\u00a0\u00bb custom_margin=\u00a0\u00bb-40px||20px||false|false\u00a0\u00bb custom_margin_tablet=\u00a0\u00bb0px||||false|false\u00a0\u00bb custom_margin_phone=\u00a0\u00bb0px||||false|false\u00a0\u00bb custom_margin_last_edited=\u00a0\u00bbon|phone\u00a0\u00bb custom_padding=\u00a0\u00bb0px|||0px|false|false\u00a0\u00bb custom_padding_tablet=\u00a0\u00bb|||10px|false|false\u00a0\u00bb custom_padding_phone=\u00a0\u00bb\u00a0\u00bb custom_padding_last_edited=\u00a0\u00bbon|phone\u00a0\u00bb global_colors_info=\u00a0\u00bb{}\u00a0\u00bb][\/et_pb_divider][\/et_pb_column][\/et_pb_row][et_pb_row column_structure=\u00a0\u00bb1_5,1_5,1_5,1_5,1_5&Prime; use_custom_gutter=\u00a0\u00bbon\u00a0\u00bb make_equal=\u00a0\u00bbon\u00a0\u00bb disabled_on=\u00a0\u00bbon|on|off\u00a0\u00bb admin_label=\u00a0\u00bbfooter pages\u00a0\u00bb module_class=\u00a0\u00bbpatru-col\u00a0\u00bb _builder_version=\u00a0\u00bb4.18.0&Prime; _module_preset=\u00a0\u00bbdefault\u00a0\u00bb background_enable_image=\u00a0\u00bboff\u00a0\u00bb positioning=\u00a0\u00bbfixed\u00a0\u00bb position_origin_f=\u00a0\u00bbbottom_left\u00a0\u00bb z_index=\u00a0\u00bb9999999&Prime; width=\u00a0\u00bb100%\u00a0\u00bb max_width=\u00a0\u00bb100%\u00a0\u00bb overflow-y=\u00a0\u00bbvisible\u00a0\u00bb custom_margin=\u00a0\u00bb0px|auto|0px|auto|false|false\u00a0\u00bb custom_padding=\u00a0\u00bb0px||0px||false|false\u00a0\u00bb saved_tabs=\u00a0\u00bball\u00a0\u00bb global_colors_info=\u00a0\u00bb{}\u00a0\u00bb background__hover_enabled=\u00a0\u00bbon|desktop\u00a0\u00bb][et_pb_column type=\u00a0\u00bb1_5&Prime; _builder_version=\u00a0\u00bb4.18.0&Prime; _module_preset=\u00a0\u00bbdefault\u00a0\u00bb background_enable_color=\u00a0\u00bboff\u00a0\u00bb background_enable_image=\u00a0\u00bboff\u00a0\u00bb background_position=\u00a0\u00bbtop_left\u00a0\u00bb custom_padding=\u00a0\u00bb40px||||false|false\u00a0\u00bb custom_css_main_element=\u00a0\u00bbwidth: 40% !important;\u00a0\u00bb global_colors_info=\u00a0\u00bb{}\u00a0\u00bb background__hover_enabled=\u00a0\u00bbon|hover\u00a0\u00bb background_image__hover=\u00a0\u00bb\u00a0\u00bb background_enable_image__hover=\u00a0\u00bboff\u00a0\u00bb background_position__hover=\u00a0\u00bbtop_left\u00a0\u00bb][\/et_pb_column][et_pb_column type=\u00a0\u00bb1_5&Prime; module_id=\u00a0\u00bbbrain\u00a0\u00bb admin_label=\u00a0\u00bbColumn\u00a0\u00bb _builder_version=\u00a0\u00bb4.18.0&Prime; _module_preset=\u00a0\u00bbdefault\u00a0\u00bb background_enable_image=\u00a0\u00bboff\u00a0\u00bb background_size=\u00a0\u00bbinitial\u00a0\u00bb background_position=\u00a0\u00bbtop_left\u00a0\u00bb z_index=\u00a0\u00bb99999&Prime; custom_padding=\u00a0\u00bb6vh|||0px|false|false\u00a0\u00bb custom_css_main_element=\u00a0\u00bbwidth: 12% !important;\u00a0\u00bb global_colors_info=\u00a0\u00bb{}\u00a0\u00bb][et_pb_image src=\u00a0\u00bbhttps:\/\/godinci.org\/wp-content\/uploads\/2022\/10\/godincilogo60.png\u00a0\u00bb title_text=\u00a0\u00bbgodinci\u00a0\u00bb url=\u00a0\u00bb\/\u00a0\u00bb _builder_version=\u00a0\u00bb4.18.1&Prime; _module_preset=\u00a0\u00bbdefault\u00a0\u00bb background_color=\u00a0\u00bb#606062&Prime; module_alignment=\u00a0\u00bbcenter\u00a0\u00bb height=\u00a0\u00bb50px\u00a0\u00bb max_height=\u00a0\u00bb50px\u00a0\u00bb custom_margin=\u00a0\u00bb||||false|false\u00a0\u00bb custom_padding=\u00a0\u00bb0px|||26px|false|false\u00a0\u00bb global_colors_info=\u00a0\u00bb{}\u00a0\u00bb][\/et_pb_image][et_pb_button button_url=\u00a0\u00bbhttps:\/\/godinci.org\/fr\/contact\/\u00a0\u00bb button_text=\u00a0\u00bb @\u00a0\u00bb button_alignment=\u00a0\u00bbcenter\u00a0\u00bb disabled_on=\u00a0\u00bboff|off|off\u00a0\u00bb admin_label=\u00a0\u00bbButton\u00a0\u00bb _builder_version=\u00a0\u00bb4.18.0&Prime; _module_preset=\u00a0\u00bbdefault\u00a0\u00bb custom_button=\u00a0\u00bbon\u00a0\u00bb button_text_size=\u00a0\u00bb28px\u00a0\u00bb button_text_color=\u00a0\u00bb#FFFFFF\u00a0\u00bb button_bg_color=\u00a0\u00bb#4b4b4d\u00a0\u00bb button_bg_enable_image=\u00a0\u00bboff\u00a0\u00bb button_border_width=\u00a0\u00bb1px\u00a0\u00bb button_border_color=\u00a0\u00bb#FFFFFF\u00a0\u00bb button_border_radius=\u00a0\u00bb42px\u00a0\u00bb button_use_icon=\u00a0\u00bboff\u00a0\u00bb positioning=\u00a0\u00bbabsolute\u00a0\u00bb position_origin_a=\u00a0\u00bbbottom_left\u00a0\u00bb vertical_offset=\u00a0\u00bb25px\u00a0\u00bb horizontal_offset=\u00a0\u00bb-24px\u00a0\u00bb z_index=\u00a0\u00bb99999999&Prime; background_layout=\u00a0\u00bbdark\u00a0\u00bb custom_margin=\u00a0\u00bb-42px|||0px|false|false\u00a0\u00bb custom_padding=\u00a0\u00bb0px||2px|12px|false|false\u00a0\u00bb custom_css_main_element=\u00a0\u00bbwidth: 50px;||max-width: 50px;\u00a0\u00bb global_colors_info=\u00a0\u00bb{}\u00a0\u00bb button_text__hover_enabled=\u00a0\u00bbon|desktop\u00a0\u00bb button_text__hover=\u00a0\u00bbC O N T A C T @\u00a0\u00bb][\/et_pb_button][\/et_pb_column][et_pb_column type=\u00a0\u00bb1_5&Prime; module_id=\u00a0\u00bbbrain\u00a0\u00bb _builder_version=\u00a0\u00bb4.18.0&Prime; _module_preset=\u00a0\u00bbdefault\u00a0\u00bb background_enable_image=\u00a0\u00bboff\u00a0\u00bb background_position=\u00a0\u00bbtop_center\u00a0\u00bb custom_padding=\u00a0\u00bb6vh|||0px|false|false\u00a0\u00bb custom_css_main_element=\u00a0\u00bbwidth: 28% !important;\u00a0\u00bb global_colors_info=\u00a0\u00bb{}\u00a0\u00bb][et_pb_text disabled_on=\u00a0\u00bboff|off|off\u00a0\u00bb _builder_version=\u00a0\u00bb4.18.0&Prime; _module_preset=\u00a0\u00bbdefault\u00a0\u00bb background_color=\u00a0\u00bb#606062&Prime; positioning=\u00a0\u00bbabsolute\u00a0\u00bb position_origin_a=\u00a0\u00bbbottom_center\u00a0\u00bb z_index=\u00a0\u00bb99999&Prime; text_orientation=\u00a0\u00bbcenter\u00a0\u00bb background_layout=\u00a0\u00bbdark\u00a0\u00bb width=\u00a0\u00bb100%\u00a0\u00bb max_width=\u00a0\u00bb100%\u00a0\u00bb height=\u00a0\u00bb50px\u00a0\u00bb overflow-x=\u00a0\u00bbvisible\u00a0\u00bb custom_margin=\u00a0\u00bb0px||||false|false\u00a0\u00bb custom_padding=\u00a0\u00bb12px||||false|false\u00a0\u00bb global_colors_info=\u00a0\u00bb{}\u00a0\u00bb]Copyright \u00a9 Godinci 2022 All Rights Reserved[\/et_pb_text][\/et_pb_column][et_pb_column type=\u00a0\u00bb1_5&Prime; module_id=\u00a0\u00bbbrain\u00a0\u00bb _builder_version=\u00a0\u00bb4.18.0&Prime; _module_preset=\u00a0\u00bbdefault\u00a0\u00bb background_enable_image=\u00a0\u00bboff\u00a0\u00bb background_position=\u00a0\u00bbtop_center\u00a0\u00bb custom_padding=\u00a0\u00bb6vh|||0px|false|false\u00a0\u00bb custom_css_main_element=\u00a0\u00bbwidth: 10.2% !important;\u00a0\u00bb global_colors_info=\u00a0\u00bb{}\u00a0\u00bb][et_pb_text disabled_on=\u00a0\u00bboff|off|off\u00a0\u00bb _builder_version=\u00a0\u00bb4.18.0&Prime; _module_preset=\u00a0\u00bbdefault\u00a0\u00bb text_font=\u00a0\u00bb||||on||||\u00a0\u00bb link_text_color=\u00a0\u00bb#FFFFFF\u00a0\u00bb background_color=\u00a0\u00bb#606062&Prime; positioning=\u00a0\u00bbabsolute\u00a0\u00bb position_origin_a=\u00a0\u00bbbottom_center\u00a0\u00bb z_index=\u00a0\u00bb99999&Prime; text_orientation=\u00a0\u00bbcenter\u00a0\u00bb background_layout=\u00a0\u00bbdark\u00a0\u00bb width=\u00a0\u00bb100%\u00a0\u00bb height=\u00a0\u00bb50px\u00a0\u00bb max_height=\u00a0\u00bb50px\u00a0\u00bb overflow-x=\u00a0\u00bbvisible\u00a0\u00bb custom_margin=\u00a0\u00bb0px||||false|false\u00a0\u00bb custom_padding=\u00a0\u00bb12px||||false|false\u00a0\u00bb border_color_all=\u00a0\u00bbRGBA(255,255,255,0)\u00a0\u00bb global_colors_info=\u00a0\u00bb{}\u00a0\u00bb link_text_color__hover_enabled=\u00a0\u00bbon|hover\u00a0\u00bb link_text_color__hover=\u00a0\u00bb#660101&Prime;]<a href=\"https:\/\/godinci.org\/fr\/copyright\/\">Copyright<\/a>[\/et_pb_text][\/et_pb_column][et_pb_column type=\u00a0\u00bb1_5&Prime; module_id=\u00a0\u00bbbrain\u00a0\u00bb _builder_version=\u00a0\u00bb4.18.0&Prime; _module_preset=\u00a0\u00bbdefault\u00a0\u00bb background_enable_image=\u00a0\u00bboff\u00a0\u00bb background_position=\u00a0\u00bbtop_center\u00a0\u00bb custom_padding=\u00a0\u00bb6vh|||0px|false|false\u00a0\u00bb custom_css_main_element=\u00a0\u00bbwidth: 9.8% !important;\u00a0\u00bb global_colors_info=\u00a0\u00bb{}\u00a0\u00bb][et_pb_menu menu_id=\u00a0\u00bb36&Prime; menu_style=\u00a0\u00bbcentered\u00a0\u00bb submenu_direction=\u00a0\u00bbupwards\u00a0\u00bb active_link_color=\u00a0\u00bb#E09900&Prime; dropdown_menu_bg_color=\u00a0\u00bb#4b4b4d\u00a0\u00bb dropdown_menu_line_color=\u00a0\u00bbRGBA(255,255,255,0)\u00a0\u00bb dropdown_menu_text_color=\u00a0\u00bb#FFFFFF\u00a0\u00bb dropdown_menu_active_link_color=\u00a0\u00bb#660101&Prime; mobile_menu_bg_color=\u00a0\u00bbRGBA(255,255,255,0)\u00a0\u00bb mobile_menu_text_color=\u00a0\u00bb#FFFFFF\u00a0\u00bb menu_icon_color=\u00a0\u00bbRGBA(255,255,255,0)\u00a0\u00bb disabled_on=\u00a0\u00bboff|off|off\u00a0\u00bb module_class=\u00a0\u00bbdesk\u00a0\u00bb _builder_version=\u00a0\u00bb4.18.0&Prime; _module_preset=\u00a0\u00bbdefault\u00a0\u00bb menu_text_color=\u00a0\u00bbRGBA(255,255,255,0)\u00a0\u00bb background_color=\u00a0\u00bb#4b4b4d\u00a0\u00bb positioning=\u00a0\u00bbabsolute\u00a0\u00bb position_origin_a=\u00a0\u00bbbottom_right\u00a0\u00bb vertical_offset=\u00a0\u00bb25px\u00a0\u00bb horizontal_offset=\u00a0\u00bb14px\u00a0\u00bb z_index=\u00a0\u00bb9999999&Prime; background_layout=\u00a0\u00bbdark\u00a0\u00bb width=\u00a0\u00bb46px\u00a0\u00bb max_width=\u00a0\u00bb46px\u00a0\u00bb custom_margin=\u00a0\u00bb||||false|false\u00a0\u00bb custom_padding=\u00a0\u00bb3px|6px|7px|6px|false|true\u00a0\u00bb custom_css_dropdown_container=\u00a0\u00bbmax-width: 46px !important;\u00a0\u00bb custom_css_dropdown_links=\u00a0\u00bbmax-width: 102px !important;||margin-left: 0px !important;\u00a0\u00bb border_radii=\u00a0\u00bbon|22px|22px|22px|22px\u00a0\u00bb border_width_all=\u00a0\u00bb1px\u00a0\u00bb border_color_all=\u00a0\u00bb#FFFFFF\u00a0\u00bb global_colors_info=\u00a0\u00bb{}\u00a0\u00bb menu_text_color__hover_enabled=\u00a0\u00bbon|hover\u00a0\u00bb menu_text_color__hover=\u00a0\u00bbRGBA(255,255,255,0)\u00a0\u00bb][\/et_pb_menu][et_pb_text disabled_on=\u00a0\u00bboff|off|off\u00a0\u00bb _builder_version=\u00a0\u00bb4.18.0&Prime; _module_preset=\u00a0\u00bbdefault\u00a0\u00bb link_font=\u00a0\u00bb||||on||||\u00a0\u00bb link_text_color=\u00a0\u00bb#FFFFFF\u00a0\u00bb background_color=\u00a0\u00bb#606062&Prime; positioning=\u00a0\u00bbabsolute\u00a0\u00bb position_origin_a=\u00a0\u00bbbottom_center\u00a0\u00bb z_index=\u00a0\u00bb99999&Prime; text_orientation=\u00a0\u00bbcenter\u00a0\u00bb background_layout=\u00a0\u00bbdark\u00a0\u00bb width=\u00a0\u00bb100%\u00a0\u00bb max_width=\u00a0\u00bb100%\u00a0\u00bb height=\u00a0\u00bb50px\u00a0\u00bb max_height=\u00a0\u00bb50px\u00a0\u00bb custom_margin=\u00a0\u00bb0px||||false|false\u00a0\u00bb custom_padding=\u00a0\u00bb12px||||false|false\u00a0\u00bb global_colors_info=\u00a0\u00bb{}\u00a0\u00bb link_text_color__hover_enabled=\u00a0\u00bbon|hover\u00a0\u00bb link_text_color__hover=\u00a0\u00bb#660101&Prime;]<a href=\"https:\/\/godinci.org\/fr\/privacy-policy\/\">Policy<\/a>[\/et_pb_text][\/et_pb_column][\/et_pb_row][\/et_pb_section]<\/p>\n","protected":false},"excerpt":{"rendered":"<p>Godinci GlossaireVerolation: enqu\u00eater sur la nature \u00e0 travers le processus de faits observables, de choses connues et de raisonnements li\u00e9s au bon sens.Source: Godinci Baracratie: une soci\u00e9t\u00e9 (mondiale) qui fonctionne selon le principe d&rsquo;Harmonisation et o\u00f9 les institutions, les lois et les technologies facilitent notre devenir vers notre but cosmique, et permettent \u00e0 l&rsquo;humanit\u00e9, dans [&hellip;]<\/p>\n","protected":false},"author":1,"featured_media":0,"parent":0,"menu_order":0,"comment_status":"closed","ping_status":"closed","template":"","meta":{"_et_pb_use_builder":"on","_et_pb_old_content":"","_et_gb_content_width":"","footnotes":""},"class_list":["post-15510","page","type-page","status-publish","hentry"],"_links":{"self":[{"href":"https:\/\/godinci.org\/fr\/wp-json\/wp\/v2\/pages\/15510","targetHints":{"allow":["GET"]}}],"collection":[{"href":"https:\/\/godinci.org\/fr\/wp-json\/wp\/v2\/pages"}],"about":[{"href":"https:\/\/godinci.org\/fr\/wp-json\/wp\/v2\/types\/page"}],"author":[{"embeddable":true,"href":"https:\/\/godinci.org\/fr\/wp-json\/wp\/v2\/users\/1"}],"replies":[{"embeddable":true,"href":"https:\/\/godinci.org\/fr\/wp-json\/wp\/v2\/comments?post=15510"}],"version-history":[{"count":47,"href":"https:\/\/godinci.org\/fr\/wp-json\/wp\/v2\/pages\/15510\/revisions"}],"predecessor-version":[{"id":15812,"href":"https:\/\/godinci.org\/fr\/wp-json\/wp\/v2\/pages\/15510\/revisions\/15812"}],"wp:attachment":[{"href":"https:\/\/godinci.org\/fr\/wp-json\/wp\/v2\/media?parent=15510"}],"curies":[{"name":"wp","href":"https:\/\/api.w.org\/{rel}","templated":true}]}}