{"id":3612,"date":"2022-08-02T07:09:23","date_gmt":"2022-08-02T07:09:23","guid":{"rendered":"https:\/\/godinci.org\/godinciologia\/"},"modified":"2024-07-26T06:24:48","modified_gmt":"2024-07-26T06:24:48","slug":"godinciologia","status":"publish","type":"page","link":"https:\/\/godinci.org\/es\/godinciologia\/","title":{"rendered":"Godinciolog\u00eda"},"content":{"rendered":"<p>[et_pb_section fb_built=\u00bb1&#8243; disabled_on=\u00bboff|off|on\u00bb admin_label=\u00bbsection\u00bb _builder_version=\u00bb4.18.0&#8243; width=\u00bb100%\u00bb max_width=\u00bb100%\u00bb custom_margin=\u00bb0px|0px||0px|false|true\u00bb custom_padding=\u00bb0px|0px|0px|0px|true|true\u00bb global_colors_info=\u00bb{}\u00bb][et_pb_row admin_label=\u00bbrow\u00bb _builder_version=\u00bb4.18.0&#8243; background_size=\u00bbinitial\u00bb background_position=\u00bbtop_left\u00bb background_repeat=\u00bbrepeat\u00bb width=\u00bb100%\u00bb max_width=\u00bb100%\u00bb custom_margin=\u00bb0px||||false|false\u00bb custom_padding=\u00bb15px|15px|0px|15px|false|true\u00bb global_colors_info=\u00bb{}\u00bb][et_pb_column type=\u00bb4_4&#8243; _builder_version=\u00bb4.18.0&#8243; custom_padding=\u00bb||||false|false\u00bb global_colors_info=\u00bb{}\u00bb custom_padding__hover=\u00bb|||\u00bb][et_pb_text module_class=\u00bbcitat\u00bb _builder_version=\u00bb4.18.0&#8243; _module_preset=\u00bbdefault\u00bb text_font=\u00bbKalam||||||||\u00bb text_text_color=\u00bb#660101&#8243; text_font_size=\u00bb13px\u00bb text_line_height=\u00bb1.5em\u00bb link_text_color=\u00bb#660101&#8243; text_orientation=\u00bbright\u00bb custom_margin=\u00bb||||false|false\u00bb custom_padding=\u00bb10px||10px|90px|true|false\u00bb global_colors_info=\u00bb{}\u00bb]<\/p>\n<p>\u201cNada no se puede querer u odiar si no es entendido desde el principio\u201d.<br \/>(Leonardo Da Vinci)<\/p>\n<p>[\/et_pb_text][\/et_pb_column][\/et_pb_row][\/et_pb_section][et_pb_section fb_built=\u00bb1&#8243; disabled_on=\u00bboff|off|off\u00bb admin_label=\u00bbDesktop good page\u00bb _builder_version=\u00bb4.18.0&#8243; _module_preset=\u00bbdefault\u00bb background_enable_color=\u00bboff\u00bb background_enable_image=\u00bboff\u00bb background_position=\u00bbtop_right\u00bb background_horizontal_offset=\u00bb0%\u00bb z_index=\u00bb10000&#8243; height=\u00bb100%\u00bb custom_margin=\u00bb0px||0px|0px|false|false\u00bb custom_padding=\u00bb0px||0px|0px|false|false\u00bb global_colors_info=\u00bb{}\u00bb][et_pb_row disabled_on=\u00bbon|on|off\u00bb _builder_version=\u00bb4.18.0&#8243; _module_preset=\u00bbdefault\u00bb positioning=\u00bbfixed\u00bb z_index=\u00bb999999999&#8243; global_colors_info=\u00bb{}\u00bb][et_pb_column type=\u00bb4_4&#8243; _builder_version=\u00bb4.18.0&#8243; _module_preset=\u00bbdefault\u00bb global_colors_info=\u00bb{}\u00bb][et_pb_menu menu_id=\u00bb38&#8243; menu_style=\u00bbcentered\u00bb active_link_color=\u00bb#FFFFFF\u00bb dropdown_menu_bg_color=\u00bbRGBA(255,255,255,0)\u00bb dropdown_menu_text_color=\u00bb#FFFFFF\u00bb dropdown_menu_active_link_color=\u00bb#FFFFFF\u00bb mobile_menu_bg_color=\u00bb#606062&#8243; mobile_menu_text_color=\u00bb#FFFFFF\u00bb menu_icon_font_size=\u00bb48px\u00bb disabled_on=\u00bbon|on|off\u00bb module_class=\u00bbhambdesk\u00bb _builder_version=\u00bb4.18.0&#8243; _module_preset=\u00bbdefault\u00bb menu_font_size=\u00bb18px\u00bb background_color=\u00bb#4b4b4d\u00bb positioning=\u00bbabsolute\u00bb vertical_offset=\u00bb67px\u00bb z_index=\u00bb9999999999&#8243; background_layout=\u00bbdark\u00bb width=\u00bb100%\u00bb height=\u00bb80px\u00bb max_height=\u00bb80px\u00bb custom_margin=\u00bb-74px|||37.2vw|false|false\u00bb custom_padding=\u00bb20px|14px|14px|15px|false|false\u00bb sticky_position=\u00bbtop\u00bb custom_css_main_element=\u00bbdisplay: flex;||width: 80px;\u00bb border_radii=\u00bbon|50%|50%|50%|50%\u00bb border_width_all=\u00bb1px\u00bb border_color_all=\u00bb#FFFFFF\u00bb global_colors_info=\u00bb{}\u00bb dropdown_menu_bg_color__sticky_enabled=\u00bboff|desktop\u00bb dropdown_menu_bg_color__hover_enabled=\u00bboff|desktop\u00bb background__hover_enabled=\u00bbon|hover\u00bb background_color__hover=\u00bb#aa0022&#8243; background_enable_color__hover=\u00bbon\u00bb][\/et_pb_menu][\/et_pb_column][\/et_pb_row][et_pb_row column_structure=\u00bb2_5,3_5&#8243; use_custom_gutter=\u00bbon\u00bb make_equal=\u00bbon\u00bb disabled_on=\u00bboff|off|off\u00bb admin_label=\u00bbRow\u00bb module_class=\u00bbpatru-col\u00bb _builder_version=\u00bb4.18.0&#8243; _module_preset=\u00bbdefault\u00bb background_enable_image=\u00bboff\u00bb positioning=\u00bbnone\u00bb horizontal_offset=\u00bb12%\u00bb width=\u00bb100%\u00bb max_width=\u00bb100%\u00bb module_alignment=\u00bbcenter\u00bb overflow-y=\u00bbvisible\u00bb custom_margin=\u00bb0px||0px|0px|false|false\u00bb custom_padding=\u00bb0px||0px|0px|false|false\u00bb custom_css_main_element=\u00bbheight: 100%\u00bb global_colors_info=\u00bb{}\u00bb background__hover_enabled=\u00bbon|desktop\u00bb][et_pb_column type=\u00bb2_5&#8243; module_class=\u00bbcol1&#8243; disabled_on=\u00bbon|on|off\u00bb _builder_version=\u00bb4.18.0&#8243; _module_preset=\u00bbdefault\u00bb background_enable_color=\u00bboff\u00bb background_image=\u00bbhttps:\/\/godinci.org\/wp-content\/uploads\/2022\/10\/godincilogy1veryshort-scaled.jpg\u00bb background_position=\u00bbtop_left\u00bb positioning=\u00bbfixed\u00bb custom_padding=\u00bb40px||||false|false\u00bb global_colors_info=\u00bb{}\u00bb background__hover_enabled=\u00bbon|hover\u00bb background_image__hover=\u00bbhttps:\/\/godinci.org\/wp-content\/uploads\/2022\/10\/godincilogy2veryshort-scaled.jpg\u00bb background_enable_image__hover=\u00bbon\u00bb background_position__hover=\u00bbtop_left\u00bb][et_pb_text disabled_on=\u00bbon|on|off\u00bb _builder_version=\u00bb4.18.0&#8243; _module_preset=\u00bbdefault\u00bb header_font=\u00bbRoboto|700|||||||\u00bb header_text_align=\u00bbcenter\u00bb header_text_color=\u00bb#FFFFFF\u00bb header_font_size=\u00bb36px\u00bb z_index=\u00bb99999&#8243; custom_margin=\u00bb-20px||||false|false\u00bb custom_padding=\u00bb0px||7vh||false|false\u00bb global_colors_info=\u00bb{}\u00bb]<\/p>\n<h1 style=\"text-align: center;\">Godinciolog\u00eda<\/h1>\n<p>[\/et_pb_text][et_pb_blurb alt=\u00bbGodinci\u00bb image_icon_width=\u00bb100%\u00bb icon_alignment=\u00bbleft\u00bb content_max_width=\u00bb30vw\u00bb disabled_on=\u00bbon|on|off\u00bb _builder_version=\u00bb4.18.0&#8243; _module_preset=\u00bbdefault\u00bb background_color=\u00bbRGBA(255,255,255,0)\u00bb background_enable_image=\u00bboff\u00bb positioning=\u00bbabsolute\u00bb z_index=\u00bb99000&#8243; width=\u00bb30vw\u00bb min_height=\u00bb30vw\u00bb height=\u00bb30vw\u00bb max_height=\u00bb30vw\u00bb custom_margin=\u00bb10vw|||4vw|false|false\u00bb custom_padding=\u00bb0px|0px|20px|0px|false|true\u00bb animation=\u00bboff\u00bb hover_transition_duration=\u00bb0ms\u00bb border_radii=\u00bbon|50%|50%|50%|50%\u00bb border_color_all=\u00bbRGBA(255,255,255,0)\u00bb global_colors_info=\u00bb{}\u00bb background__hover_enabled=\u00bbon|hover\u00bb background_image__hover=\u00bbhttps:\/\/godinci.org\/wp-content\/uploads\/2022\/10\/godincilogy3veryshort-scaled.jpg\u00bb background_enable_image__hover=\u00bbon\u00bb background_color__hover=\u00bb\u00bb background_enable_color__hover=\u00bboff\u00bb custom_css_main_element__hover_enabled=\u00bbon|hover\u00bb custom_css_main_element__hover=\u00bbborder-radius: 0px;||margin: 0px;||height: 100%;||width: 100%;\u00bb background_position__hover=\u00bbtop_left\u00bb custom_margin__hover_enabled=\u00bbon|hover\u00bb custom_margin__hover=\u00bb0px|||0px|false|false\u00bb min_height__hover_enabled=\u00bbon|hover\u00bb min_height__hover=\u00bb100%\u00bb height__hover_enabled=\u00bbon|hover\u00bb height__hover=\u00bb100%\u00bb max_height__hover_enabled=\u00bbon|hover\u00bb max_height__hover=\u00bb100%\u00bb background_size__hover=\u00bbcover\u00bb image__hover_enabled=\u00bbon|hover\u00bb image__hover=\u00bb\u00bb transform_styles__hover_enabled=\u00bbon|hover\u00bb transform_scale__hover_enabled=\u00bbon|hover\u00bb transform_translate__hover_enabled=\u00bbon|hover\u00bb transform_rotate__hover_enabled=\u00bbon|hover\u00bb transform_skew__hover_enabled=\u00bbon|hover\u00bb transform_origin__hover_enabled=\u00bbon|hover\u00bb content_max_width__hover_enabled=\u00bbon|hover\u00bb content_max_width__hover=\u00bb100%\u00bb width__hover_enabled=\u00bbon|hover\u00bb width__hover=\u00bb100%\u00bb max_width__hover_enabled=\u00bbon|hover\u00bb max_width__hover=\u00bb100%\u00bb][\/et_pb_blurb][et_pb_text disabled_on=\u00bboff|off|off\u00bb module_class=\u00bbquo\u00bb _builder_version=\u00bb4.18.0&#8243; _module_preset=\u00bbdefault\u00bb text_font=\u00bbKalam||||||||\u00bb text_text_color=\u00bb#FFFFFF\u00bb text_font_size=\u00bb19px\u00bb text_line_height=\u00bb1.3em\u00bb positioning=\u00bbabsolute\u00bb position_origin_a=\u00bbbottom_center\u00bb vertical_offset=\u00bb50px\u00bb z_index=\u00bb99999&#8243; text_orientation=\u00bbcenter\u00bb background_layout=\u00bbdark\u00bb width=\u00bb80%\u00bb custom_margin=\u00bb||||false|false\u00bb custom_padding=\u00bb||0px||false|true\u00bb global_colors_info=\u00bb{}\u00bb]<\/p>\n<p style=\"text-align: center;\">\u201cNada no se puede querer u odiar si no es entendido desde el principio\u201d.<\/p>\n<p>[\/et_pb_text][et_pb_text disabled_on=\u00bboff|off|off\u00bb module_class=\u00bbquo\u00bb _builder_version=\u00bb4.18.0&#8243; _module_preset=\u00bbdefault\u00bb text_font=\u00bbKalam||||||||\u00bb text_text_color=\u00bb#FFFFFF\u00bb text_font_size=\u00bb19px\u00bb text_line_height=\u00bb1.3em\u00bb positioning=\u00bbabsolute\u00bb position_origin_a=\u00bbbottom_center\u00bb vertical_offset=\u00bb0px\u00bb z_index=\u00bb99999&#8243; text_orientation=\u00bbcenter\u00bb background_layout=\u00bbdark\u00bb width=\u00bb80%\u00bb custom_margin=\u00bb||||false|false\u00bb custom_padding=\u00bb||0px||false|true\u00bb global_colors_info=\u00bb{}\u00bb]<\/p>\n<p style=\"text-align: right;\">(Leonardo Da Vinci)<\/p>\n<p>[\/et_pb_text][\/et_pb_column][et_pb_column type=\u00bb3_5&#8243; module_class=\u00bbcol2&#8243; admin_label=\u00bbColumn\u00bb _builder_version=\u00bb4.18.0&#8243; _module_preset=\u00bbdefault\u00bb background_enable_image=\u00bboff\u00bb background_size=\u00bbinitial\u00bb background_position=\u00bbtop_left\u00bb z_index=\u00bb99999&#8243; overflow-y=\u00bbauto\u00bb custom_padding=\u00bb6vh|||0px|false|false\u00bb custom_padding_tablet=\u00bb0vh||||false|false\u00bb custom_padding_phone=\u00bb0vh||||false|false\u00bb custom_padding_last_edited=\u00bbon|phone\u00bb global_colors_info=\u00bb{}\u00bb][et_pb_text ol_position=\u00bboutside\u00bb ol_item_indent=\u00bb30px\u00bb admin_label=\u00bbMain text &#8211; here you can edit\u00bb module_class=\u00bbmaintext\u00bb _builder_version=\u00bb4.18.1&#8243; ul_text_align=\u00bbleft\u00bb ol_text_align=\u00bbleft\u00bb header_text_color=\u00bb#660101&#8243; header_2_text_color=\u00bb#660101&#8243; background_size=\u00bbinitial\u00bb background_position=\u00bbtop_left\u00bb background_repeat=\u00bbrepeat\u00bb custom_margin=\u00bb160px||||false|false\u00bb custom_margin_tablet=\u00bb0px||||false|false\u00bb custom_margin_phone=\u00bb0px||||false|false\u00bb custom_margin_last_edited=\u00bbon|tablet\u00bb custom_padding=\u00bb||60px||false|false\u00bb custom_padding_tablet=\u00bb15px|15px|15px|15px|true|true\u00bb custom_padding_phone=\u00bb15px|15px|15px|15px|true|true\u00bb custom_padding_last_edited=\u00bbon|phone\u00bb global_colors_info=\u00bb{}\u00bb]<\/p>\n<p style=\"text-align: right;\"><strong><u>La revelaci\u00f3n de la quintaesencia de la Naturaleza<\/u><\/strong><\/p>\n<h2>\u00bfPor qu\u00e9 Godinciolog\u00eda?<\/h2>\n<p>Desde los principios de la humanidad, hemos intentado entender y describir al mundo en el cual \u201chabitamos\u201d, de tal forma que podamos conducir nuestra vida y moldear a la sociedad.<\/p>\n<p>Para vivir la vida al m\u00e1ximo, es importante que nuestra percepci\u00f3n sea una ver\u00eddica. <br \/>Desafortunadamente, hoy en d\u00eda la \u201cverdad\u201d depende del \u201cc\u00f3mo\u201d y de \u201cd\u00f3nde\u201d miramos a los hechos, como si un perro se convierte en una silla porque lo miramos de abajo hacia arriba.<\/p>\n<p>En una tal visi\u00f3n del mundo, lo irreversible se convierte en cambiante, y lo sin sentido se convierte en razonable.<\/p>\n<p>Esta falta de una visi\u00f3n consecuente y ver\u00eddica lleva a lo que llamamos el <strong>s\u00edndrome camale\u00f3n<\/strong> y nos aleja del \u201cverdadero crecimiento\u201d.<\/p>\n<p>Por ejemplo, la gente del pasado no era nada m\u00e1s que una ilusi\u00f3n, el hombre de hoy, un desv\u00edo de Lucy, es el producto final de una singularidad ansiosa que no tiene dimensiones en absoluto, y el hombre del ma\u00f1ana es una reencarnaci\u00f3n hologr\u00e1fica de un Marciano que se cre\u00f3 a s\u00ed mismo.<\/p>\n<p>Evidentemente, \u00a1s\u00f3lo el hombre, y no el Universo, puede ser tan delirante!<\/p>\n<h2>\u00bfC\u00f3mo aclararlo?<\/h2>\n<p>Leonardo da Vinci puso al hombre en el centro del Universo y consider\u00f3 la observaci\u00f3n de lo perceptible y su sometimiento a experimentos como elementos esenciales para aclarar los <strong>Mecanismos de Funcionamiento<\/strong> de la Naturaleza y del Ello.<\/p>\n<p>Su bater\u00eda simple de instrumentos de observaci\u00f3n, experimentaci\u00f3n, matem\u00e1ticas y razonamiento de buen sentido le han permitido, como a nadie otro en su tiempo, a transformar los conocimientos adquiridos en una multitud de aplicaciones pr\u00e1cticas para servir a las aspiraciones del hombre.<\/p>\n<p>No obstante, Da Vinci, a finales de su vida, se dio cuenta de que la investigaci\u00f3n y el entendimiento de la Naturaleza solamente desde el objeto, no puede ayudar a la revelaci\u00f3n de la naturaleza subyacente m\u00e1s profunda de las cosas, de igual manera a los obreros que no pueden trabajar otra cosa m\u00e1s que sus herramientas les permiten hacer.<\/p>\n<p>Nosotros, <a href=\"https:\/\/godinci.org\/es\/quienes-somos\/\">Godinci,<\/a> hemos continuado la obra de Da Vinci, y con el transcurso de los a\u00f1os hemos desarrollado y ajustado su m\u00e9todo, para crear una metodolog\u00eda de alineaci\u00f3n a la verdad, que hemos nombrado <a href=\"https:\/\/godinci.org\/es\/godinciologia\/\">Godinciolog\u00eda,<\/a> y que representa nuestro regalo para la humanidad.<\/p>\n<p>[\/et_pb_text][et_pb_divider color=\u00bb#960101&#8243; divider_position=\u00bbcenter\u00bb divider_weight=\u00bb3px\u00bb _builder_version=\u00bb4.18.0&#8243; _module_preset=\u00bbdefault\u00bb width=\u00bb30%\u00bb max_width=\u00bb30%\u00bb custom_margin=\u00bb-40px||20px||false|false\u00bb custom_margin_tablet=\u00bb0px||||false|false\u00bb custom_margin_phone=\u00bb0px||||false|false\u00bb custom_margin_last_edited=\u00bbon|phone\u00bb custom_padding=\u00bb0px|||0px|false|false\u00bb custom_padding_tablet=\u00bb|||10px|false|false\u00bb custom_padding_phone=\u00bb|||10px|false|false\u00bb custom_padding_last_edited=\u00bbon|phone\u00bb global_colors_info=\u00bb{}\u00bb][\/et_pb_divider][\/et_pb_column][\/et_pb_row][et_pb_row column_structure=\u00bb1_5,1_5,1_5,1_5,1_5&#8243; use_custom_gutter=\u00bbon\u00bb make_equal=\u00bbon\u00bb disabled_on=\u00bbon|on|off\u00bb admin_label=\u00bbRow\u00bb module_class=\u00bbpatru-col\u00bb _builder_version=\u00bb4.18.0&#8243; _module_preset=\u00bbdefault\u00bb background_enable_image=\u00bboff\u00bb positioning=\u00bbfixed\u00bb position_origin_f=\u00bbbottom_left\u00bb z_index=\u00bb99999&#8243; width=\u00bb100%\u00bb max_width=\u00bb100%\u00bb overflow-y=\u00bbvisible\u00bb custom_margin=\u00bb0px|auto|0px|auto|false|false\u00bb custom_padding=\u00bb0px||0px||false|false\u00bb global_module=\u00bb14168&#8243; saved_tabs=\u00bball\u00bb global_colors_info=\u00bb{}\u00bb background__hover_enabled=\u00bbon|desktop\u00bb][et_pb_column type=\u00bb1_5&#8243; _builder_version=\u00bb4.18.0&#8243; _module_preset=\u00bbdefault\u00bb background_enable_color=\u00bboff\u00bb background_enable_image=\u00bboff\u00bb background_position=\u00bbtop_left\u00bb custom_padding=\u00bb40px||||false|false\u00bb custom_css_main_element=\u00bbwidth: 40% !important;\u00bb global_colors_info=\u00bb{}\u00bb background__hover_enabled=\u00bbon|hover\u00bb background_image__hover=\u00bb\u00bb background_enable_image__hover=\u00bboff\u00bb background_position__hover=\u00bbtop_left\u00bb][\/et_pb_column][et_pb_column type=\u00bb1_5&#8243; module_id=\u00bbbrain\u00bb admin_label=\u00bbColumn\u00bb _builder_version=\u00bb4.18.0&#8243; _module_preset=\u00bbdefault\u00bb background_enable_image=\u00bboff\u00bb background_size=\u00bbinitial\u00bb background_position=\u00bbtop_left\u00bb z_index=\u00bb99999&#8243; custom_padding=\u00bb6vh|||0px|false|false\u00bb custom_css_main_element=\u00bbwidth: 12% !important;\u00bb global_colors_info=\u00bb{}\u00bb][et_pb_image src=\u00bbhttps:\/\/godinci.org\/wp-content\/uploads\/2022\/10\/godinci-logo-1-300&#215;99-1.png\u00bb title_text=\u00bbgodinci\u00bb url=\u00bb\/es\/\u00bb _builder_version=\u00bb4.18.1&#8243; _module_preset=\u00bbdefault\u00bb background_color=\u00bb#606062&#8243; module_alignment=\u00bbcenter\u00bb height=\u00bb50px\u00bb max_height=\u00bb50px\u00bb custom_margin=\u00bb||||false|false\u00bb custom_padding=\u00bb0px|||26px|false|false\u00bb global_colors_info=\u00bb{}\u00bb][\/et_pb_image][et_pb_button button_url=\u00bb\/es\/contact\/\u00bb button_text=\u00bb @\u00bb button_alignment=\u00bbcenter\u00bb disabled_on=\u00bboff|off|off\u00bb admin_label=\u00bbButton\u00bb _builder_version=\u00bb4.27.0&#8243; _module_preset=\u00bbdefault\u00bb custom_button=\u00bbon\u00bb button_text_size=\u00bb28px\u00bb button_text_color=\u00bb#FFFFFF\u00bb button_bg_color=\u00bb#4b4b4d\u00bb button_bg_enable_image=\u00bboff\u00bb button_border_width=\u00bb1px\u00bb button_border_color=\u00bb#FFFFFF\u00bb button_border_radius=\u00bb42px\u00bb button_use_icon=\u00bboff\u00bb positioning=\u00bbabsolute\u00bb position_origin_a=\u00bbbottom_left\u00bb vertical_offset=\u00bb25px\u00bb horizontal_offset=\u00bb-24px\u00bb z_index=\u00bb99999999&#8243; background_layout=\u00bbdark\u00bb custom_margin=\u00bb-42px|||0px|false|false\u00bb custom_padding=\u00bb0px||2px|12px|false|false\u00bb hover_enabled=\u00bb0&#8243; custom_css_main_element=\u00bbwidth: 50px;||max-width: 50px;\u00bb global_colors_info=\u00bb{}\u00bb button_text__hover_enabled=\u00bbon|desktop\u00bb button_text__hover=\u00bbC O N T A C T @\u00bb sticky_enabled=\u00bb0&#8243;][\/et_pb_button][\/et_pb_column][et_pb_column type=\u00bb1_5&#8243; module_id=\u00bbbrain\u00bb _builder_version=\u00bb4.18.0&#8243; _module_preset=\u00bbdefault\u00bb background_enable_image=\u00bboff\u00bb background_position=\u00bbtop_center\u00bb custom_padding=\u00bb6vh|||0px|false|false\u00bb custom_css_main_element=\u00bbwidth: 28% !important;\u00bb global_colors_info=\u00bb{}\u00bb][et_pb_text disabled_on=\u00bboff|off|off\u00bb _builder_version=\u00bb4.25.2&#8243; _module_preset=\u00bbdefault\u00bb background_color=\u00bb#606062&#8243; positioning=\u00bbabsolute\u00bb position_origin_a=\u00bbbottom_center\u00bb z_index=\u00bb99999&#8243; text_orientation=\u00bbcenter\u00bb background_layout=\u00bbdark\u00bb width=\u00bb120%\u00bb height=\u00bb50px\u00bb overflow-x=\u00bbvisible\u00bb custom_margin=\u00bb0px||||false|false\u00bb custom_padding=\u00bb12px||||false|false\u00bb global_colors_info=\u00bb{}\u00bb]<\/p>\n<p>Copyright \u00a9 Godinci 2024 All Rights Reserved<\/p>\n<p>[\/et_pb_text][\/et_pb_column][et_pb_column type=\u00bb1_5&#8243; module_id=\u00bbbrain\u00bb _builder_version=\u00bb4.18.0&#8243; _module_preset=\u00bbdefault\u00bb background_enable_image=\u00bboff\u00bb background_position=\u00bbtop_center\u00bb custom_padding=\u00bb6vh|||0px|false|false\u00bb custom_css_main_element=\u00bbwidth: 10% !important;\u00bb global_colors_info=\u00bb{}\u00bb][et_pb_text disabled_on=\u00bboff|off|off\u00bb _builder_version=\u00bb4.18.0&#8243; _module_preset=\u00bbdefault\u00bb text_font=\u00bb||||on||||\u00bb link_text_color=\u00bb#FFFFFF\u00bb background_color=\u00bb#606062&#8243; positioning=\u00bbabsolute\u00bb position_origin_a=\u00bbbottom_center\u00bb z_index=\u00bb99999&#8243; text_orientation=\u00bbcenter\u00bb background_layout=\u00bbdark\u00bb width=\u00bb100%\u00bb height=\u00bb50px\u00bb max_height=\u00bb50px\u00bb overflow-x=\u00bbvisible\u00bb custom_margin=\u00bb0px||||false|false\u00bb custom_padding=\u00bb12px||||false|false\u00bb border_color_all=\u00bbRGBA(255,255,255,0)\u00bb global_colors_info=\u00bb{}\u00bb link_text_color__hover_enabled=\u00bbon|hover\u00bb link_text_color__hover=\u00bb#660101&#8243;]<a href=\"\/es\/?page_id=1667\">Copyright<\/a>[\/et_pb_text][\/et_pb_column][et_pb_column type=\u00bb1_5&#8243; module_id=\u00bbbrain\u00bb _builder_version=\u00bb4.18.0&#8243; _module_preset=\u00bbdefault\u00bb background_enable_image=\u00bboff\u00bb background_position=\u00bbtop_center\u00bb custom_padding=\u00bb6vh|||0px|false|false\u00bb custom_css_main_element=\u00bbwidth: 10% !important;\u00bb global_colors_info=\u00bb{}\u00bb][et_pb_menu menu_id=\u00bb36&#8243; menu_style=\u00bbcentered\u00bb submenu_direction=\u00bbupwards\u00bb active_link_color=\u00bb#E09900&#8243; dropdown_menu_bg_color=\u00bb#4b4b4d\u00bb dropdown_menu_line_color=\u00bbRGBA(255,255,255,0)\u00bb dropdown_menu_text_color=\u00bb#FFFFFF\u00bb dropdown_menu_active_link_color=\u00bb#660101&#8243; mobile_menu_bg_color=\u00bbRGBA(255,255,255,0)\u00bb mobile_menu_text_color=\u00bb#FFFFFF\u00bb menu_icon_color=\u00bbRGBA(255,255,255,0)\u00bb disabled_on=\u00bboff|off|off\u00bb module_class=\u00bbdesk\u00bb _builder_version=\u00bb4.18.0&#8243; _module_preset=\u00bbdefault\u00bb menu_text_color=\u00bbRGBA(255,255,255,0)\u00bb background_color=\u00bb#4b4b4d\u00bb positioning=\u00bbabsolute\u00bb position_origin_a=\u00bbbottom_right\u00bb vertical_offset=\u00bb25px\u00bb horizontal_offset=\u00bb14px\u00bb z_index=\u00bb9999999&#8243; background_layout=\u00bbdark\u00bb width=\u00bb46px\u00bb max_width=\u00bb46px\u00bb custom_margin=\u00bb||||false|false\u00bb custom_padding=\u00bb3px|6px|7px|6px|false|true\u00bb custom_css_dropdown_container=\u00bbmax-width: 46px !important;\u00bb custom_css_dropdown_links=\u00bbmax-width: 102px !important;||margin-left: 0px !important;\u00bb border_radii=\u00bbon|22px|22px|22px|22px\u00bb border_width_all=\u00bb1px\u00bb border_color_all=\u00bb#FFFFFF\u00bb global_colors_info=\u00bb{}\u00bb menu_text_color__hover_enabled=\u00bbon|hover\u00bb menu_text_color__hover=\u00bbRGBA(255,255,255,0)\u00bb][\/et_pb_menu][et_pb_text disabled_on=\u00bboff|off|off\u00bb _builder_version=\u00bb4.18.0&#8243; _module_preset=\u00bbdefault\u00bb link_font=\u00bb||||on||||\u00bb link_text_color=\u00bb#FFFFFF\u00bb background_color=\u00bb#606062&#8243; positioning=\u00bbabsolute\u00bb position_origin_a=\u00bbbottom_center\u00bb z_index=\u00bb99999&#8243; text_orientation=\u00bbcenter\u00bb background_layout=\u00bbdark\u00bb width=\u00bb100%\u00bb max_width=\u00bb100%\u00bb height=\u00bb50px\u00bb max_height=\u00bb50px\u00bb custom_margin=\u00bb0px||||false|false\u00bb custom_padding=\u00bb12px||||false|false\u00bb global_colors_info=\u00bb{}\u00bb link_text_color__hover_enabled=\u00bbon|hover\u00bb link_text_color__hover=\u00bb#660101&#8243;]<a href=\"\/es\/?page_id=3\">Policy<\/a>[\/et_pb_text][\/et_pb_column][\/et_pb_row][\/et_pb_section]<\/p>\n","protected":false},"excerpt":{"rendered":"<p>\u201cNada no se puede querer u odiar si no es entendido desde el principio\u201d.(Leonardo Da Vinci)Godinciolog\u00eda\u201cNada no se puede querer u odiar si no es entendido desde el principio\u201d.(Leonardo Da Vinci)La revelaci\u00f3n de la quintaesencia de la Naturaleza \u00bfPor qu\u00e9 Godinciolog\u00eda? Desde los principios de la humanidad, hemos intentado entender y describir al mundo en [&hellip;]<\/p>\n","protected":false},"author":1,"featured_media":0,"parent":0,"menu_order":0,"comment_status":"closed","ping_status":"closed","template":"","meta":{"_et_pb_use_builder":"on","_et_pb_old_content":"<p style=\"text-align: right;\"><strong><u>Unravelling the nature of Nature<\/u><\/strong><\/p>\r\nSince the dawn of mankind, we\u2019ve been trying to understand and depict \u2018the world we live in\u2019 such to figure out how to conduct our lives and mould societies with.\r\n\r\nTo live our life to the best of its potential it\u2019s important that our insights are truth related. Unfortunately, these days \u2018truth\u2019 seemingly depends on the way \u2018how\u2019 and \u2018from where\u2019 we look to things, as if a dog becomes a chair because we look to it upside-down.\r\n\r\nIn such a worldview the unchangeable becomes changeable and the nonsensical reasonable.\r\n\r\nThis lack of a consistent and truth-related worldview leads to what we call <strong>chameleon syndrome,<\/strong> and depart us from \u2018true growth \u2013 e.g., yesterday people where nothing more than an illusion, today man, a deviate of Lucy, is the end-product of an anxious singularity having no dimensions at all, and tomorrow man is a holographic reincarnation of a Martian that thought itself into being.\r\n\r\nEvidently, only men, not the Universe, can be that delusional!\r\n<h3>How to unravel?<\/h3>\r\nLeonardo da Vinci saw men at the center of the universe and considered observation of the perceptible and its subjection to experimentation essential to unravel the work-mechanisms of Nature and Self.\r\n\r\nHis simple toolbox of observation, experimentation, mathematics, and common-sense related reasoning, allowed him, as no one else of his time, to transform the acquisitioned knowledge into a multitude of practical application to serve man\u2019s aspirations.\r\n\r\nHowever, Da Vinci at the end of his life realized that investigating and understanding Nature from object without more, could not help us to unravel the deeper underlying nature of things, as craftsmen can only do what\u00a0their tools allow\u00a0them of doing.\r\n\r\nWe, at Godinci, have picked-up were Da Vinci left-off, and over the years have refined and adjusted Da Vinci\u2019s method to develop a truth-alignment methodology, we came to call\u00a0Godincilogy, and is our gift to humanity.","_et_gb_content_width":"","footnotes":""},"class_list":["post-3612","page","type-page","status-publish","hentry"],"_links":{"self":[{"href":"https:\/\/godinci.org\/es\/wp-json\/wp\/v2\/pages\/3612","targetHints":{"allow":["GET"]}}],"collection":[{"href":"https:\/\/godinci.org\/es\/wp-json\/wp\/v2\/pages"}],"about":[{"href":"https:\/\/godinci.org\/es\/wp-json\/wp\/v2\/types\/page"}],"author":[{"embeddable":true,"href":"https:\/\/godinci.org\/es\/wp-json\/wp\/v2\/users\/1"}],"replies":[{"embeddable":true,"href":"https:\/\/godinci.org\/es\/wp-json\/wp\/v2\/comments?post=3612"}],"version-history":[{"count":62,"href":"https:\/\/godinci.org\/es\/wp-json\/wp\/v2\/pages\/3612\/revisions"}],"predecessor-version":[{"id":16500,"href":"https:\/\/godinci.org\/es\/wp-json\/wp\/v2\/pages\/3612\/revisions\/16500"}],"wp:attachment":[{"href":"https:\/\/godinci.org\/es\/wp-json\/wp\/v2\/media?parent=3612"}],"curies":[{"name":"wp","href":"https:\/\/api.w.org\/{rel}","templated":true}]}}