{"id":3526,"date":"2022-09-05T11:53:44","date_gmt":"2022-09-05T11:53:44","guid":{"rendered":"https:\/\/godinci.org\/quienes-somos\/"},"modified":"2026-01-05T08:29:30","modified_gmt":"2026-01-05T08:29:30","slug":"quienes-somos","status":"publish","type":"page","link":"https:\/\/godinci.org\/es\/quienes-somos\/","title":{"rendered":"Qui\u00e9nes somos"},"content":{"rendered":"<p>[et_pb_section fb_built=\u00bb1&#8243; disabled_on=\u00bboff|off|on\u00bb admin_label=\u00bbsection\u00bb _builder_version=\u00bb4.18.0&#8243; width=\u00bb100%\u00bb max_width=\u00bb100%\u00bb custom_margin=\u00bb0px|0px||0px|false|true\u00bb custom_padding=\u00bb0px|0px|0px|0px|true|true\u00bb global_colors_info=\u00bb{}\u00bb][et_pb_row admin_label=\u00bbrow\u00bb _builder_version=\u00bb4.18.0&#8243; background_size=\u00bbinitial\u00bb background_position=\u00bbtop_left\u00bb background_repeat=\u00bbrepeat\u00bb width=\u00bb100%\u00bb max_width=\u00bb100%\u00bb custom_margin=\u00bb0px||||false|false\u00bb custom_padding=\u00bb15px|15px||15px|false|true\u00bb global_colors_info=\u00bb{}\u00bb][et_pb_column type=\u00bb4_4&#8243; _builder_version=\u00bb4.18.0&#8243; custom_padding=\u00bb||||false|false\u00bb global_colors_info=\u00bb{}\u00bb custom_padding__hover=\u00bb|||\u00bb][et_pb_text module_class=\u00bbcitat\u00bb _builder_version=\u00bb4.18.0&#8243; _module_preset=\u00bbdefault\u00bb text_font=\u00bbKalam||||||||\u00bb text_text_color=\u00bb#660101&#8243; text_font_size=\u00bb13px\u00bb text_line_height=\u00bb1.5em\u00bb link_text_color=\u00bb#660101&#8243; text_orientation=\u00bbright\u00bb custom_margin=\u00bb||||false|false\u00bb custom_padding=\u00bb10px||10px|90px|true|false\u00bb global_colors_info=\u00bb{}\u00bb]<\/p>\n<p>\u201c<a href=\"https:\/\/www.azquotes.com\/quote\/1223545\">Tu cerebro puede m\u00e1s de lo que uno cree; solamente tiene que utilizarlo!<\/a>\u201d<br \/>(Leonardo Da Vinci)<\/p>\n<p>[\/et_pb_text][\/et_pb_column][\/et_pb_row][\/et_pb_section][et_pb_section fb_built=\u00bb1&#8243; disabled_on=\u00bboff|off|off\u00bb admin_label=\u00bbDesktop good page\u00bb _builder_version=\u00bb4.18.0&#8243; _module_preset=\u00bbdefault\u00bb background_enable_color=\u00bboff\u00bb background_enable_image=\u00bboff\u00bb background_position=\u00bbtop_right\u00bb background_horizontal_offset=\u00bb0%\u00bb z_index=\u00bb10000&#8243; height=\u00bb100%\u00bb custom_margin=\u00bb0px||0px|0px|false|false\u00bb custom_padding=\u00bb0px||0px|0px|false|false\u00bb global_colors_info=\u00bb{}\u00bb][et_pb_row disabled_on=\u00bbon|on|off\u00bb _builder_version=\u00bb4.18.0&#8243; _module_preset=\u00bbdefault\u00bb positioning=\u00bbfixed\u00bb z_index=\u00bb999999999&#8243; global_colors_info=\u00bb{}\u00bb][et_pb_column type=\u00bb4_4&#8243; _builder_version=\u00bb4.18.0&#8243; _module_preset=\u00bbdefault\u00bb global_colors_info=\u00bb{}\u00bb][et_pb_menu menu_id=\u00bb38&#8243; menu_style=\u00bbcentered\u00bb active_link_color=\u00bb#FFFFFF\u00bb dropdown_menu_bg_color=\u00bbRGBA(255,255,255,0)\u00bb dropdown_menu_text_color=\u00bb#FFFFFF\u00bb dropdown_menu_active_link_color=\u00bb#FFFFFF\u00bb mobile_menu_bg_color=\u00bb#606062&#8243; mobile_menu_text_color=\u00bb#FFFFFF\u00bb menu_icon_font_size=\u00bb48px\u00bb disabled_on=\u00bbon|on|off\u00bb module_class=\u00bbhambdesk\u00bb _builder_version=\u00bb4.18.0&#8243; _module_preset=\u00bbdefault\u00bb menu_font_size=\u00bb18px\u00bb background_color=\u00bb#4b4b4d\u00bb positioning=\u00bbabsolute\u00bb vertical_offset=\u00bb67px\u00bb z_index=\u00bb9999999999&#8243; background_layout=\u00bbdark\u00bb width=\u00bb100%\u00bb height=\u00bb80px\u00bb max_height=\u00bb80px\u00bb custom_margin=\u00bb-74px|||37.2vw|false|false\u00bb custom_padding=\u00bb20px|14px|14px|15px|false|false\u00bb sticky_position=\u00bbtop\u00bb custom_css_main_element=\u00bbdisplay: flex;||width: 80px;\u00bb border_radii=\u00bbon|50%|50%|50%|50%\u00bb border_width_all=\u00bb1px\u00bb border_color_all=\u00bb#FFFFFF\u00bb global_colors_info=\u00bb{}\u00bb dropdown_menu_bg_color__sticky_enabled=\u00bboff|desktop\u00bb dropdown_menu_bg_color__hover_enabled=\u00bboff|desktop\u00bb background__hover_enabled=\u00bbon|hover\u00bb background_color__hover=\u00bb#aa0022&#8243; background_enable_color__hover=\u00bbon\u00bb][\/et_pb_menu][\/et_pb_column][\/et_pb_row][et_pb_row column_structure=\u00bb2_5,3_5&#8243; use_custom_gutter=\u00bbon\u00bb make_equal=\u00bbon\u00bb disabled_on=\u00bboff|off|off\u00bb admin_label=\u00bbRow\u00bb module_class=\u00bbpatru-col\u00bb _builder_version=\u00bb4.18.0&#8243; _module_preset=\u00bbdefault\u00bb background_enable_image=\u00bboff\u00bb positioning=\u00bbnone\u00bb horizontal_offset=\u00bb12%\u00bb width=\u00bb100%\u00bb max_width=\u00bb100%\u00bb module_alignment=\u00bbcenter\u00bb overflow-y=\u00bbvisible\u00bb custom_margin=\u00bb0px||0px|0px|false|false\u00bb custom_padding=\u00bb0px||0px|0px|false|false\u00bb custom_css_main_element=\u00bbheight: 100%\u00bb global_colors_info=\u00bb{}\u00bb background__hover_enabled=\u00bbon|desktop\u00bb][et_pb_column type=\u00bb2_5&#8243; module_class=\u00bbcol1&#8243; disabled_on=\u00bbon|on|off\u00bb _builder_version=\u00bb4.18.0&#8243; _module_preset=\u00bbdefault\u00bb background_enable_color=\u00bboff\u00bb background_image=\u00bbhttps:\/\/godinci.org\/wp-content\/uploads\/2022\/10\/aboutus1veryshort-scaled.jpg\u00bb background_position=\u00bbtop_left\u00bb positioning=\u00bbfixed\u00bb custom_padding=\u00bb40px||||false|false\u00bb global_colors_info=\u00bb{}\u00bb background__hover_enabled=\u00bbon|hover\u00bb background_image__hover=\u00bbhttps:\/\/godinci.org\/wp-content\/uploads\/2022\/10\/aboutus2veryshort-scaled.jpg\u00bb background_enable_image__hover=\u00bbon\u00bb background_position__hover=\u00bbtop_left\u00bb][et_pb_text disabled_on=\u00bbon|on|off\u00bb _builder_version=\u00bb4.18.0&#8243; _module_preset=\u00bbdefault\u00bb header_font=\u00bbRoboto|700|||||||\u00bb header_text_align=\u00bbcenter\u00bb header_text_color=\u00bb#FFFFFF\u00bb header_font_size=\u00bb36px\u00bb z_index=\u00bb99999&#8243; custom_margin=\u00bb-20px||||false|false\u00bb custom_padding=\u00bb0px||7vh||false|false\u00bb global_colors_info=\u00bb{}\u00bb]<\/p>\n<h1 style=\"text-align: center;\">Qui\u00e9nes somos<\/h1>\n<p>[\/et_pb_text][et_pb_blurb alt=\u00bbGodinci\u00bb image_icon_width=\u00bb100%\u00bb icon_alignment=\u00bbleft\u00bb content_max_width=\u00bb30vw\u00bb disabled_on=\u00bbon|on|off\u00bb _builder_version=\u00bb4.18.0&#8243; _module_preset=\u00bbdefault\u00bb background_color=\u00bbRGBA(255,255,255,0)\u00bb background_enable_image=\u00bboff\u00bb positioning=\u00bbabsolute\u00bb z_index=\u00bb99000&#8243; width=\u00bb30vw\u00bb min_height=\u00bb30vw\u00bb height=\u00bb30vw\u00bb max_height=\u00bb30vw\u00bb custom_margin=\u00bb10vw|||4vw|false|false\u00bb custom_padding=\u00bb0px|0px|20px|0px|false|true\u00bb animation=\u00bboff\u00bb hover_transition_duration=\u00bb0ms\u00bb border_radii=\u00bbon|50%|50%|50%|50%\u00bb border_color_all=\u00bbRGBA(255,255,255,0)\u00bb global_colors_info=\u00bb{}\u00bb background__hover_enabled=\u00bbon|hover\u00bb background_image__hover=\u00bbhttps:\/\/godinci.org\/wp-content\/uploads\/2022\/10\/aboutus3veryshort-scaled.jpg\u00bb background_enable_image__hover=\u00bbon\u00bb background_color__hover=\u00bb\u00bb background_enable_color__hover=\u00bboff\u00bb custom_css_main_element__hover_enabled=\u00bbon|hover\u00bb custom_css_main_element__hover=\u00bbborder-radius: 0px;||margin: 0px;||height: 100%;||width: 100%;\u00bb background_position__hover=\u00bbtop_left\u00bb custom_margin__hover_enabled=\u00bbon|hover\u00bb custom_margin__hover=\u00bb0px|||0px|false|false\u00bb min_height__hover_enabled=\u00bbon|hover\u00bb min_height__hover=\u00bb100%\u00bb height__hover_enabled=\u00bbon|hover\u00bb height__hover=\u00bb100%\u00bb max_height__hover_enabled=\u00bbon|hover\u00bb max_height__hover=\u00bb100%\u00bb background_size__hover=\u00bbcover\u00bb image__hover_enabled=\u00bbon|hover\u00bb image__hover=\u00bb\u00bb transform_styles__hover_enabled=\u00bbon|hover\u00bb transform_scale__hover_enabled=\u00bbon|hover\u00bb transform_translate__hover_enabled=\u00bbon|hover\u00bb transform_rotate__hover_enabled=\u00bbon|hover\u00bb transform_skew__hover_enabled=\u00bbon|hover\u00bb transform_origin__hover_enabled=\u00bbon|hover\u00bb content_max_width__hover_enabled=\u00bbon|hover\u00bb content_max_width__hover=\u00bb100%\u00bb width__hover_enabled=\u00bbon|hover\u00bb width__hover=\u00bb100%\u00bb max_width__hover_enabled=\u00bbon|hover\u00bb max_width__hover=\u00bb100%\u00bb][\/et_pb_blurb][et_pb_text disabled_on=\u00bboff|off|off\u00bb module_class=\u00bbquo\u00bb _builder_version=\u00bb4.18.0&#8243; _module_preset=\u00bbdefault\u00bb text_font=\u00bbKalam||||||||\u00bb text_text_color=\u00bb#FFFFFF\u00bb text_font_size=\u00bb19px\u00bb text_line_height=\u00bb1.3em\u00bb positioning=\u00bbabsolute\u00bb position_origin_a=\u00bbbottom_center\u00bb vertical_offset=\u00bb50px\u00bb z_index=\u00bb99999&#8243; text_orientation=\u00bbcenter\u00bb background_layout=\u00bbdark\u00bb width=\u00bb80%\u00bb custom_margin=\u00bb||||false|false\u00bb custom_padding=\u00bb||0px||false|true\u00bb global_colors_info=\u00bb{}\u00bb]<\/p>\n<p style=\"text-align: center;\">\u201cTu cerebro puede m\u00e1s de lo que uno cree; solamente tiene que utilizarlo!\u201d<\/p>\n<p>[\/et_pb_text][et_pb_text disabled_on=\u00bboff|off|off\u00bb module_class=\u00bbquo\u00bb _builder_version=\u00bb4.18.0&#8243; _module_preset=\u00bbdefault\u00bb text_font=\u00bbKalam||||||||\u00bb text_text_color=\u00bb#FFFFFF\u00bb text_font_size=\u00bb19px\u00bb text_line_height=\u00bb1.3em\u00bb positioning=\u00bbabsolute\u00bb position_origin_a=\u00bbbottom_center\u00bb vertical_offset=\u00bb0px\u00bb z_index=\u00bb99999&#8243; text_orientation=\u00bbcenter\u00bb background_layout=\u00bbdark\u00bb width=\u00bb80%\u00bb custom_margin=\u00bb||||false|false\u00bb custom_padding=\u00bb||0px||false|true\u00bb global_colors_info=\u00bb{}\u00bb]<\/p>\n<p style=\"text-align: right;\">(Leonardo Da Vinci)<\/p>\n<p>[\/et_pb_text][\/et_pb_column][et_pb_column type=\u00bb3_5&#8243; module_class=\u00bbcol2&#8243; admin_label=\u00bbColumn\u00bb _builder_version=\u00bb4.18.0&#8243; _module_preset=\u00bbdefault\u00bb background_enable_image=\u00bboff\u00bb background_size=\u00bbinitial\u00bb background_position=\u00bbtop_left\u00bb z_index=\u00bb99999&#8243; overflow-y=\u00bbauto\u00bb custom_padding=\u00bb6vh|||0px|false|false\u00bb custom_padding_tablet=\u00bb0vh||||false|false\u00bb custom_padding_phone=\u00bb0vh||||false|false\u00bb custom_padding_last_edited=\u00bbon|phone\u00bb global_colors_info=\u00bb{}\u00bb][et_pb_text ol_position=\u00bboutside\u00bb ol_item_indent=\u00bb30px\u00bb admin_label=\u00bbMain text &#8211; here you can edit\u00bb module_class=\u00bbmaintext\u00bb _builder_version=\u00bb4.18.1&#8243; ul_text_align=\u00bbleft\u00bb ol_text_align=\u00bbleft\u00bb header_text_color=\u00bb#660101&#8243; header_2_text_color=\u00bb#660101&#8243; background_size=\u00bbinitial\u00bb background_position=\u00bbtop_left\u00bb background_repeat=\u00bbrepeat\u00bb custom_margin=\u00bb160px||||false|false\u00bb custom_margin_tablet=\u00bb0px||||false|false\u00bb custom_margin_phone=\u00bb0px||||false|false\u00bb custom_margin_last_edited=\u00bbon|tablet\u00bb custom_padding=\u00bb||60px||false|false\u00bb custom_padding_tablet=\u00bb15px|15px|15px|15px|true|true\u00bb custom_padding_phone=\u00bb15px|15px|15px|15px|true|true\u00bb custom_padding_last_edited=\u00bbon|phone\u00bb global_colors_info=\u00bb{}\u00bb]<\/p>\n<p style=\"text-align: right;\"><strong><u>Una perspectiva sobre el Holismo<br \/><\/u><\/strong><\/p>\n<h2>\u00bfQui\u00e9nes somos?<\/h2>\n<p><strong>Godinci<\/strong> es una organizaci\u00f3n independiente, que no tiene motivaciones pol\u00edticas, comerciales o religiosas, pero se cuida de establecer la direcci\u00f3n para una <strong>Baracr\u00e1cia<\/strong> que nos permita crecer en conformidad con nuestra \u00abverdadera\u00bb esencia.<\/p>\n<p>Nuestra misi\u00f3n es <strong>triple<\/strong>:<\/p>\n<ol>\n<li>Rehacer una imagen hol\u00edstica ver\u00eddica de la Naturaleza y del Ello, que nos ayude a cultivar en nosotros la capacidad de clarificar la incertidumbre respecto elementos como:<br \/>Esencia y Ente, Devenir y Prop\u00f3sito, Bara y Evoluci\u00f3n, Conceptos y Hechos, DIOS y la Naturaleza\u2026 Ciencia y ficci\u00f3n. <a href=\"https:\/\/godinci.org\/es\/godinciologia\/\">(Godinciolog\u00eda)<\/a><\/li>\n<li>El desarrollo y la implementaci\u00f3n de todos los medios tangibles para facilitar y maximizar la evoluci\u00f3n hacia nuestro prop\u00f3sito c\u00f3smico. <a href=\"https:\/\/godinci.org\/es\/baraneria\/\">(Baraner\u00eda)<\/a><\/li>\n<li>La transferencia de los conocimientos adquiridos hacia la sociedad, mostrando a la gente de todos los \u00e1mbitos sociales c\u00f3mo pueden llegar a ser actores participativos, cada uno en conformidad con las propias calidades y capacidades mentales, en vistas de construir y preservar a la <a href=\"https:\/\/godinci.org\/es\/glossary\/\"><strong>Baracr\u00e1cia<\/strong>.<\/a> <a href=\"https:\/\/godinci.org\/es\/libros\/\">(Medios)<\/a><\/li>\n<\/ol>\n<p>En este sitio web van a encontrar informaciones b\u00e1sicas sobre cada uno de los siguientes temas.<\/p>\n<p>[\/et_pb_text][et_pb_divider color=\u00bb#960101&#8243; divider_position=\u00bbcenter\u00bb divider_weight=\u00bb3px\u00bb _builder_version=\u00bb4.18.0&#8243; _module_preset=\u00bbdefault\u00bb width=\u00bb30%\u00bb max_width=\u00bb30%\u00bb custom_margin=\u00bb-40px||20px||false|false\u00bb custom_margin_tablet=\u00bb0px||||false|false\u00bb custom_margin_phone=\u00bb0px||||false|false\u00bb custom_margin_last_edited=\u00bbon|phone\u00bb custom_padding=\u00bb0px|||0px|false|false\u00bb custom_padding_tablet=\u00bb|||10px|false|false\u00bb custom_padding_phone=\u00bb|||10px|false|false\u00bb custom_padding_last_edited=\u00bbon|phone\u00bb global_colors_info=\u00bb{}\u00bb][\/et_pb_divider][\/et_pb_column][\/et_pb_row][et_pb_row column_structure=\u00bb1_5,1_5,1_5,1_5,1_5&#8243; use_custom_gutter=\u00bbon\u00bb make_equal=\u00bbon\u00bb disabled_on=\u00bbon|on|off\u00bb admin_label=\u00bbRow\u00bb module_class=\u00bbpatru-col\u00bb _builder_version=\u00bb4.18.0&#8243; _module_preset=\u00bbdefault\u00bb background_enable_image=\u00bboff\u00bb positioning=\u00bbfixed\u00bb position_origin_f=\u00bbbottom_left\u00bb z_index=\u00bb99999&#8243; width=\u00bb100%\u00bb max_width=\u00bb100%\u00bb overflow-y=\u00bbvisible\u00bb custom_margin=\u00bb0px|auto|0px|auto|false|false\u00bb custom_padding=\u00bb0px||0px||false|false\u00bb global_module=\u00bb14168&#8243; saved_tabs=\u00bball\u00bb global_colors_info=\u00bb{}\u00bb background__hover_enabled=\u00bbon|desktop\u00bb][et_pb_column type=\u00bb1_5&#8243; _builder_version=\u00bb4.18.0&#8243; _module_preset=\u00bbdefault\u00bb background_enable_color=\u00bboff\u00bb background_enable_image=\u00bboff\u00bb background_position=\u00bbtop_left\u00bb custom_padding=\u00bb40px||||false|false\u00bb custom_css_main_element=\u00bbwidth: 40% !important;\u00bb global_colors_info=\u00bb{}\u00bb background__hover_enabled=\u00bbon|hover\u00bb background_image__hover=\u00bb\u00bb background_enable_image__hover=\u00bboff\u00bb background_position__hover=\u00bbtop_left\u00bb][\/et_pb_column][et_pb_column type=\u00bb1_5&#8243; module_id=\u00bbbrain\u00bb admin_label=\u00bbColumn\u00bb _builder_version=\u00bb4.18.0&#8243; _module_preset=\u00bbdefault\u00bb background_enable_image=\u00bboff\u00bb background_size=\u00bbinitial\u00bb background_position=\u00bbtop_left\u00bb z_index=\u00bb99999&#8243; custom_padding=\u00bb6vh|||0px|false|false\u00bb custom_css_main_element=\u00bbwidth: 12% !important;\u00bb global_colors_info=\u00bb{}\u00bb][et_pb_image src=\u00bbhttps:\/\/godinci.org\/wp-content\/uploads\/2022\/10\/godinci-logo-1-300&#215;99-1.png\u00bb title_text=\u00bbgodinci\u00bb url=\u00bb\/es\/\u00bb _builder_version=\u00bb4.18.1&#8243; _module_preset=\u00bbdefault\u00bb background_color=\u00bb#606062&#8243; module_alignment=\u00bbcenter\u00bb height=\u00bb50px\u00bb max_height=\u00bb50px\u00bb custom_margin=\u00bb||||false|false\u00bb custom_padding=\u00bb0px|||26px|false|false\u00bb global_colors_info=\u00bb{}\u00bb][\/et_pb_image][et_pb_button button_url=\u00bb\/es\/contact\/\u00bb button_text=\u00bb @\u00bb button_alignment=\u00bbcenter\u00bb disabled_on=\u00bboff|off|off\u00bb admin_label=\u00bbButton\u00bb _builder_version=\u00bb4.27.0&#8243; _module_preset=\u00bbdefault\u00bb custom_button=\u00bbon\u00bb button_text_size=\u00bb28px\u00bb button_text_color=\u00bb#FFFFFF\u00bb button_bg_color=\u00bb#4b4b4d\u00bb button_bg_enable_image=\u00bboff\u00bb button_border_width=\u00bb1px\u00bb button_border_color=\u00bb#FFFFFF\u00bb button_border_radius=\u00bb42px\u00bb button_use_icon=\u00bboff\u00bb positioning=\u00bbabsolute\u00bb position_origin_a=\u00bbbottom_left\u00bb vertical_offset=\u00bb25px\u00bb horizontal_offset=\u00bb-24px\u00bb z_index=\u00bb99999999&#8243; background_layout=\u00bbdark\u00bb custom_margin=\u00bb-42px|||0px|false|false\u00bb custom_padding=\u00bb0px||2px|12px|false|false\u00bb custom_css_main_element=\u00bbwidth: 50px;||max-width: 50px;\u00bb global_colors_info=\u00bb{}\u00bb button_text__hover_enabled=\u00bbon|desktop\u00bb button_text__hover=\u00bbC O N T A C T @\u00bb][\/et_pb_button][\/et_pb_column][et_pb_column type=\u00bb1_5&#8243; module_id=\u00bbbrain\u00bb _builder_version=\u00bb4.18.0&#8243; _module_preset=\u00bbdefault\u00bb background_enable_image=\u00bboff\u00bb background_position=\u00bbtop_center\u00bb custom_padding=\u00bb6vh|||0px|false|false\u00bb custom_css_main_element=\u00bbwidth: 28% !important;\u00bb global_colors_info=\u00bb{}\u00bb][et_pb_text disabled_on=\u00bboff|off|off\u00bb _builder_version=\u00bb4.27.5&#8243; _module_preset=\u00bbdefault\u00bb background_color=\u00bb#606062&#8243; positioning=\u00bbabsolute\u00bb position_origin_a=\u00bbbottom_center\u00bb z_index=\u00bb99999&#8243; text_orientation=\u00bbcenter\u00bb background_layout=\u00bbdark\u00bb width=\u00bb120%\u00bb height=\u00bb50px\u00bb overflow-x=\u00bbvisible\u00bb custom_margin=\u00bb0px||||false|false\u00bb custom_padding=\u00bb12px||||false|false\u00bb hover_enabled=\u00bb0&#8243; global_colors_info=\u00bb{}\u00bb sticky_enabled=\u00bb0&#8243;]<\/p>\n<p>Copyright \u00a9 Godinci 2026 All Rights Reserved<\/p>\n<p>[\/et_pb_text][\/et_pb_column][et_pb_column type=\u00bb1_5&#8243; module_id=\u00bbbrain\u00bb _builder_version=\u00bb4.18.0&#8243; _module_preset=\u00bbdefault\u00bb background_enable_image=\u00bboff\u00bb background_position=\u00bbtop_center\u00bb custom_padding=\u00bb6vh|||0px|false|false\u00bb custom_css_main_element=\u00bbwidth: 10% !important;\u00bb global_colors_info=\u00bb{}\u00bb][et_pb_text disabled_on=\u00bboff|off|off\u00bb _builder_version=\u00bb4.18.0&#8243; _module_preset=\u00bbdefault\u00bb text_font=\u00bb||||on||||\u00bb link_text_color=\u00bb#FFFFFF\u00bb background_color=\u00bb#606062&#8243; positioning=\u00bbabsolute\u00bb position_origin_a=\u00bbbottom_center\u00bb z_index=\u00bb99999&#8243; text_orientation=\u00bbcenter\u00bb background_layout=\u00bbdark\u00bb width=\u00bb100%\u00bb height=\u00bb50px\u00bb max_height=\u00bb50px\u00bb overflow-x=\u00bbvisible\u00bb custom_margin=\u00bb0px||||false|false\u00bb custom_padding=\u00bb12px||||false|false\u00bb border_color_all=\u00bbRGBA(255,255,255,0)\u00bb global_colors_info=\u00bb{}\u00bb link_text_color__hover_enabled=\u00bbon|hover\u00bb link_text_color__hover=\u00bb#660101&#8243;]<a href=\"\/es\/?page_id=1667\">Copyright<\/a>[\/et_pb_text][\/et_pb_column][et_pb_column type=\u00bb1_5&#8243; module_id=\u00bbbrain\u00bb _builder_version=\u00bb4.18.0&#8243; _module_preset=\u00bbdefault\u00bb background_enable_image=\u00bboff\u00bb background_position=\u00bbtop_center\u00bb custom_padding=\u00bb6vh|||0px|false|false\u00bb custom_css_main_element=\u00bbwidth: 10% !important;\u00bb global_colors_info=\u00bb{}\u00bb][et_pb_menu menu_id=\u00bb36&#8243; menu_style=\u00bbcentered\u00bb submenu_direction=\u00bbupwards\u00bb active_link_color=\u00bb#E09900&#8243; dropdown_menu_bg_color=\u00bb#4b4b4d\u00bb dropdown_menu_line_color=\u00bbRGBA(255,255,255,0)\u00bb dropdown_menu_text_color=\u00bb#FFFFFF\u00bb dropdown_menu_active_link_color=\u00bb#660101&#8243; mobile_menu_bg_color=\u00bbRGBA(255,255,255,0)\u00bb mobile_menu_text_color=\u00bb#FFFFFF\u00bb menu_icon_color=\u00bbRGBA(255,255,255,0)\u00bb disabled_on=\u00bboff|off|off\u00bb module_class=\u00bbdesk\u00bb _builder_version=\u00bb4.18.0&#8243; _module_preset=\u00bbdefault\u00bb menu_text_color=\u00bbRGBA(255,255,255,0)\u00bb background_color=\u00bb#4b4b4d\u00bb positioning=\u00bbabsolute\u00bb position_origin_a=\u00bbbottom_right\u00bb vertical_offset=\u00bb25px\u00bb horizontal_offset=\u00bb14px\u00bb z_index=\u00bb9999999&#8243; background_layout=\u00bbdark\u00bb width=\u00bb46px\u00bb max_width=\u00bb46px\u00bb custom_margin=\u00bb||||false|false\u00bb custom_padding=\u00bb3px|6px|7px|6px|false|true\u00bb custom_css_dropdown_container=\u00bbmax-width: 46px !important;\u00bb custom_css_dropdown_links=\u00bbmax-width: 102px !important;||margin-left: 0px !important;\u00bb border_radii=\u00bbon|22px|22px|22px|22px\u00bb border_width_all=\u00bb1px\u00bb border_color_all=\u00bb#FFFFFF\u00bb global_colors_info=\u00bb{}\u00bb menu_text_color__hover_enabled=\u00bbon|hover\u00bb menu_text_color__hover=\u00bbRGBA(255,255,255,0)\u00bb][\/et_pb_menu][et_pb_text disabled_on=\u00bboff|off|off\u00bb _builder_version=\u00bb4.18.0&#8243; _module_preset=\u00bbdefault\u00bb link_font=\u00bb||||on||||\u00bb link_text_color=\u00bb#FFFFFF\u00bb background_color=\u00bb#606062&#8243; positioning=\u00bbabsolute\u00bb position_origin_a=\u00bbbottom_center\u00bb z_index=\u00bb99999&#8243; text_orientation=\u00bbcenter\u00bb background_layout=\u00bbdark\u00bb width=\u00bb100%\u00bb max_width=\u00bb100%\u00bb height=\u00bb50px\u00bb max_height=\u00bb50px\u00bb custom_margin=\u00bb0px||||false|false\u00bb custom_padding=\u00bb12px||||false|false\u00bb global_colors_info=\u00bb{}\u00bb link_text_color__hover_enabled=\u00bbon|hover\u00bb link_text_color__hover=\u00bb#660101&#8243;]<a href=\"\/es\/?page_id=3\">Policy<\/a>[\/et_pb_text][\/et_pb_column][\/et_pb_row][\/et_pb_section]<\/p>\n","protected":false},"excerpt":{"rendered":"<p>\u201cTu cerebro puede m\u00e1s de lo que uno cree; solamente tiene que utilizarlo!\u201d(Leonardo Da Vinci)Qui\u00e9nes somos\u201cTu cerebro puede m\u00e1s de lo que uno cree; solamente tiene que utilizarlo!\u201d(Leonardo Da Vinci)Una perspectiva sobre el Holismo \u00bfQui\u00e9nes somos? Godinci es una organizaci\u00f3n independiente, que no tiene motivaciones pol\u00edticas, comerciales o religiosas, pero se cuida de establecer la [&hellip;]<\/p>\n","protected":false},"author":1,"featured_media":0,"parent":0,"menu_order":0,"comment_status":"closed","ping_status":"closed","template":"","meta":{"_et_pb_use_builder":"on","_et_pb_old_content":"","_et_gb_content_width":"","footnotes":""},"class_list":["post-3526","page","type-page","status-publish","hentry"],"_links":{"self":[{"href":"https:\/\/godinci.org\/es\/wp-json\/wp\/v2\/pages\/3526","targetHints":{"allow":["GET"]}}],"collection":[{"href":"https:\/\/godinci.org\/es\/wp-json\/wp\/v2\/pages"}],"about":[{"href":"https:\/\/godinci.org\/es\/wp-json\/wp\/v2\/types\/page"}],"author":[{"embeddable":true,"href":"https:\/\/godinci.org\/es\/wp-json\/wp\/v2\/users\/1"}],"replies":[{"embeddable":true,"href":"https:\/\/godinci.org\/es\/wp-json\/wp\/v2\/comments?post=3526"}],"version-history":[{"count":76,"href":"https:\/\/godinci.org\/es\/wp-json\/wp\/v2\/pages\/3526\/revisions"}],"predecessor-version":[{"id":17268,"href":"https:\/\/godinci.org\/es\/wp-json\/wp\/v2\/pages\/3526\/revisions\/17268"}],"wp:attachment":[{"href":"https:\/\/godinci.org\/es\/wp-json\/wp\/v2\/media?parent=3526"}],"curies":[{"name":"wp","href":"https:\/\/api.w.org\/{rel}","templated":true}]}}