{"id":3722,"date":"2022-08-02T07:09:34","date_gmt":"2022-08-02T07:09:34","guid":{"rendered":"https:\/\/godinci.org\/gott\/"},"modified":"2022-10-26T14:27:12","modified_gmt":"2022-10-26T14:27:12","slug":"gott","status":"publish","type":"page","link":"https:\/\/godinci.org\/de\/gott\/","title":{"rendered":"GOTT"},"content":{"rendered":"<p>[et_pb_section fb_built=&#8220;1&#8243; disabled_on=&#8220;off|off|on&#8220; admin_label=&#8220;section&#8220; _builder_version=&#8220;4.18.0&#8243; width=&#8220;100%&#8220; max_width=&#8220;100%&#8220; custom_margin=&#8220;0px|0px||0px|false|true&#8220; custom_padding=&#8220;0px|0px|0px|0px|false|true&#8220; global_colors_info=&#8220;{}&#8220;][et_pb_row admin_label=&#8220;row&#8220; _builder_version=&#8220;4.18.0&#8243; background_size=&#8220;initial&#8220; background_position=&#8220;top_left&#8220; background_repeat=&#8220;repeat&#8220; width=&#8220;100%&#8220; max_width=&#8220;100%&#8220; custom_margin=&#8220;0px||||false|false&#8220; custom_padding=&#8220;15px|15px|0px|15px|false|true&#8220; global_colors_info=&#8220;{}&#8220;][et_pb_column type=&#8220;4_4&#8243; _builder_version=&#8220;4.18.0&#8243; custom_padding=&#8220;||||false|false&#8220; global_colors_info=&#8220;{}&#8220; custom_padding__hover=&#8220;|||&#8220;][et_pb_text module_class=&#8220;citat&#8220; _builder_version=&#8220;4.18.0&#8243; _module_preset=&#8220;default&#8220; text_font=&#8220;Kalam||||||||&#8220; text_text_color=&#8220;#660101&#8243; text_font_size=&#8220;13px&#8220; text_line_height=&#8220;1.5em&#8220; link_text_color=&#8220;#660101&#8243; text_orientation=&#8220;right&#8220; custom_margin=&#8220;||||false|false&#8220; custom_padding=&#8220;10px||10px|90px|true|false&#8220; global_colors_info=&#8220;{}&#8220;]<\/p>\n<p>&#8222;Unser K\u00f6rper ist abh\u00e4ngig vom Himmel und der Himmel vom Geist.&#8220;<br \/>(Leonardo Da Vinci)<\/p>\n<p>[\/et_pb_text][\/et_pb_column][\/et_pb_row][\/et_pb_section][et_pb_section fb_built=&#8220;1&#8243; disabled_on=&#8220;off|off|off&#8220; admin_label=&#8220;Desktop good page&#8220; _builder_version=&#8220;4.18.0&#8243; _module_preset=&#8220;default&#8220; background_enable_color=&#8220;off&#8220; background_enable_image=&#8220;off&#8220; background_position=&#8220;top_right&#8220; background_horizontal_offset=&#8220;0%&#8220; z_index=&#8220;10000&#8243; height=&#8220;100%&#8220; custom_margin=&#8220;0px||0px|0px|false|false&#8220; custom_padding=&#8220;0px||0px|0px|false|false&#8220; global_colors_info=&#8220;{}&#8220;][et_pb_row disabled_on=&#8220;on|on|off&#8220; _builder_version=&#8220;4.18.0&#8243; _module_preset=&#8220;default&#8220; positioning=&#8220;fixed&#8220; z_index=&#8220;999999999&#8243; global_colors_info=&#8220;{}&#8220;][et_pb_column type=&#8220;4_4&#8243; _builder_version=&#8220;4.18.0&#8243; _module_preset=&#8220;default&#8220; global_colors_info=&#8220;{}&#8220;][et_pb_menu menu_id=&#8220;38&#8243; menu_style=&#8220;centered&#8220; active_link_color=&#8220;#FFFFFF&#8220; dropdown_menu_bg_color=&#8220;RGBA(255,255,255,0)&#8220; dropdown_menu_text_color=&#8220;#FFFFFF&#8220; dropdown_menu_active_link_color=&#8220;#FFFFFF&#8220; mobile_menu_bg_color=&#8220;#606062&#8243; mobile_menu_text_color=&#8220;#FFFFFF&#8220; menu_icon_font_size=&#8220;48px&#8220; disabled_on=&#8220;on|on|off&#8220; module_class=&#8220;hambdesk&#8220; _builder_version=&#8220;4.18.0&#8243; _module_preset=&#8220;default&#8220; menu_font_size=&#8220;18px&#8220; background_color=&#8220;#4b4b4d&#8220; positioning=&#8220;absolute&#8220; vertical_offset=&#8220;67px&#8220; z_index=&#8220;9999999999&#8243; background_layout=&#8220;dark&#8220; width=&#8220;100%&#8220; height=&#8220;80px&#8220; max_height=&#8220;80px&#8220; custom_margin=&#8220;-74px|||37.2vw|false|false&#8220; custom_padding=&#8220;20px|14px|14px|15px|false|false&#8220; sticky_position=&#8220;top&#8220; custom_css_main_element=&#8220;display: flex;||width: 80px;&#8220; border_radii=&#8220;on|50%|50%|50%|50%&#8220; border_width_all=&#8220;1px&#8220; border_color_all=&#8220;#FFFFFF&#8220; global_colors_info=&#8220;{}&#8220; dropdown_menu_bg_color__sticky_enabled=&#8220;off|desktop&#8220; dropdown_menu_bg_color__hover_enabled=&#8220;off|desktop&#8220; background__hover_enabled=&#8220;on|hover&#8220; background_color__hover=&#8220;#aa0022&#8243; background_enable_color__hover=&#8220;on&#8220;][\/et_pb_menu][\/et_pb_column][\/et_pb_row][et_pb_row column_structure=&#8220;2_5,3_5&#8243; use_custom_gutter=&#8220;on&#8220; make_equal=&#8220;on&#8220; disabled_on=&#8220;off|off|off&#8220; admin_label=&#8220;Row&#8220; module_class=&#8220;patru-col&#8220; _builder_version=&#8220;4.18.0&#8243; _module_preset=&#8220;default&#8220; background_enable_image=&#8220;off&#8220; positioning=&#8220;none&#8220; horizontal_offset=&#8220;12%&#8220; width=&#8220;100%&#8220; max_width=&#8220;100%&#8220; module_alignment=&#8220;center&#8220; overflow-y=&#8220;visible&#8220; custom_margin=&#8220;0px||0px|0px|false|false&#8220; custom_padding=&#8220;0px||0px|0px|false|false&#8220; custom_css_main_element=&#8220;height: 100%&#8220; global_colors_info=&#8220;{}&#8220; background__hover_enabled=&#8220;on|desktop&#8220;][et_pb_column type=&#8220;2_5&#8243; module_class=&#8220;col1&#8243; disabled_on=&#8220;on|on|off&#8220; _builder_version=&#8220;4.18.0&#8243; _module_preset=&#8220;default&#8220; background_enable_color=&#8220;off&#8220; background_image=&#8220;https:\/\/godinci.org\/wp-content\/uploads\/2022\/10\/god1veryshort-scaled.jpg&#8220; background_position=&#8220;top_left&#8220; positioning=&#8220;fixed&#8220; custom_padding=&#8220;40px||||false|false&#8220; global_colors_info=&#8220;{}&#8220; background__hover_enabled=&#8220;on|hover&#8220; background_image__hover=&#8220;https:\/\/godinci.org\/wp-content\/uploads\/2022\/10\/god2veryshort-scaled.jpg&#8220; background_enable_image__hover=&#8220;on&#8220; background_position__hover=&#8220;top_left&#8220;][et_pb_text disabled_on=&#8220;on|on|off&#8220; _builder_version=&#8220;4.18.0&#8243; _module_preset=&#8220;default&#8220; header_font=&#8220;Roboto|700|||||||&#8220; header_text_align=&#8220;center&#8220; header_text_color=&#8220;#FFFFFF&#8220; header_font_size=&#8220;36px&#8220; z_index=&#8220;99999&#8243; custom_margin=&#8220;-20px||||false|false&#8220; custom_padding=&#8220;0px||7vh||false|false&#8220; global_colors_info=&#8220;{}&#8220;]<\/p>\n<h1 style=\"text-align: center;\">GOTT<\/h1>\n<p>[\/et_pb_text][et_pb_blurb alt=&#8220;Godinci&#8220; image_icon_width=&#8220;100%&#8220; icon_alignment=&#8220;left&#8220; content_max_width=&#8220;30vw&#8220; disabled_on=&#8220;on|on|off&#8220; _builder_version=&#8220;4.18.0&#8243; _module_preset=&#8220;default&#8220; background_color=&#8220;RGBA(255,255,255,0)&#8220; background_enable_image=&#8220;off&#8220; positioning=&#8220;absolute&#8220; z_index=&#8220;99000&#8243; width=&#8220;30vw&#8220; min_height=&#8220;30vw&#8220; height=&#8220;30vw&#8220; max_height=&#8220;30vw&#8220; custom_margin=&#8220;10vw|||4vw|false|false&#8220; custom_padding=&#8220;0px|0px|20px|0px|false|true&#8220; animation=&#8220;off&#8220; hover_transition_duration=&#8220;0ms&#8220; border_radii=&#8220;on|50%|50%|50%|50%&#8220; border_color_all=&#8220;RGBA(255,255,255,0)&#8220; global_colors_info=&#8220;{}&#8220; background__hover_enabled=&#8220;on|hover&#8220; background_image__hover=&#8220;https:\/\/godinci.org\/wp-content\/uploads\/2022\/10\/god3veryshort-scaled.jpg&#8220; background_enable_image__hover=&#8220;on&#8220; background_color__hover=&#8220;&#8220; background_enable_color__hover=&#8220;off&#8220; custom_css_main_element__hover_enabled=&#8220;on|hover&#8220; custom_css_main_element__hover=&#8220;border-radius: 0px;||margin: 0px;||height: 100%;||width: 100%;&#8220; background_position__hover=&#8220;top_left&#8220; custom_margin__hover_enabled=&#8220;on|hover&#8220; custom_margin__hover=&#8220;0px|||0px|false|false&#8220; min_height__hover_enabled=&#8220;on|hover&#8220; min_height__hover=&#8220;100%&#8220; height__hover_enabled=&#8220;on|hover&#8220; height__hover=&#8220;100%&#8220; max_height__hover_enabled=&#8220;on|hover&#8220; max_height__hover=&#8220;100%&#8220; background_size__hover=&#8220;cover&#8220; image__hover_enabled=&#8220;on|hover&#8220; image__hover=&#8220;&#8220; transform_styles__hover_enabled=&#8220;on|hover&#8220; transform_scale__hover_enabled=&#8220;on|hover&#8220; transform_translate__hover_enabled=&#8220;on|hover&#8220; transform_rotate__hover_enabled=&#8220;on|hover&#8220; transform_skew__hover_enabled=&#8220;on|hover&#8220; transform_origin__hover_enabled=&#8220;on|hover&#8220; content_max_width__hover_enabled=&#8220;on|hover&#8220; content_max_width__hover=&#8220;100%&#8220; width__hover_enabled=&#8220;on|hover&#8220; width__hover=&#8220;100%&#8220; max_width__hover_enabled=&#8220;on|hover&#8220; max_width__hover=&#8220;100%&#8220;][\/et_pb_blurb][et_pb_text disabled_on=&#8220;off|off|off&#8220; module_class=&#8220;quo&#8220; _builder_version=&#8220;4.18.0&#8243; _module_preset=&#8220;default&#8220; text_font=&#8220;Kalam||||||||&#8220; text_text_color=&#8220;#FFFFFF&#8220; text_font_size=&#8220;19px&#8220; text_line_height=&#8220;1.3em&#8220; positioning=&#8220;absolute&#8220; position_origin_a=&#8220;bottom_center&#8220; vertical_offset=&#8220;50px&#8220; z_index=&#8220;99999&#8243; text_orientation=&#8220;center&#8220; background_layout=&#8220;dark&#8220; width=&#8220;80%&#8220; custom_margin=&#8220;||||false|false&#8220; custom_padding=&#8220;||0px||false|true&#8220; global_colors_info=&#8220;{}&#8220;]<\/p>\n<p style=\"text-align: center;\">&#8222;Unser K\u00f6rper ist abh\u00e4ngig vom Himmel und der Himmel vom Geist.&#8220;<\/p>\n<p>[\/et_pb_text][et_pb_text disabled_on=&#8220;off|off|off&#8220; module_class=&#8220;quo&#8220; _builder_version=&#8220;4.18.0&#8243; _module_preset=&#8220;default&#8220; text_font=&#8220;Kalam||||||||&#8220; text_text_color=&#8220;#FFFFFF&#8220; text_font_size=&#8220;19px&#8220; text_line_height=&#8220;1.3em&#8220; positioning=&#8220;absolute&#8220; position_origin_a=&#8220;bottom_center&#8220; vertical_offset=&#8220;0px&#8220; z_index=&#8220;99999&#8243; text_orientation=&#8220;center&#8220; background_layout=&#8220;dark&#8220; width=&#8220;80%&#8220; custom_margin=&#8220;||||false|false&#8220; custom_padding=&#8220;||0px||false|true&#8220; global_colors_info=&#8220;{}&#8220;]<\/p>\n<p style=\"text-align: right;\">(Leonardo Da Vinci)<\/p>\n<p>[\/et_pb_text][\/et_pb_column][et_pb_column type=&#8220;3_5&#8243; module_class=&#8220;col2&#8243; admin_label=&#8220;Column&#8220; _builder_version=&#8220;4.18.0&#8243; _module_preset=&#8220;default&#8220; background_enable_image=&#8220;off&#8220; background_size=&#8220;initial&#8220; background_position=&#8220;top_left&#8220; z_index=&#8220;99999&#8243; overflow-y=&#8220;auto&#8220; custom_padding=&#8220;6vh|||0px|false|false&#8220; custom_padding_tablet=&#8220;0vh||||false|false&#8220; custom_padding_phone=&#8220;0vh||||false|false&#8220; custom_padding_last_edited=&#8220;on|phone&#8220; global_colors_info=&#8220;{}&#8220;][et_pb_text ol_position=&#8220;outside&#8220; ol_item_indent=&#8220;30px&#8220; admin_label=&#8220;Main text &#8211; here you can edit&#8220; _builder_version=&#8220;4.18.0&#8243; ul_text_align=&#8220;left&#8220; ol_text_align=&#8220;left&#8220; header_text_color=&#8220;#660101&#8243; header_2_text_color=&#8220;#660101&#8243; background_size=&#8220;initial&#8220; background_position=&#8220;top_left&#8220; background_repeat=&#8220;repeat&#8220; custom_margin=&#8220;160px||||false|false&#8220; custom_margin_tablet=&#8220;0px||||false|false&#8220; custom_margin_phone=&#8220;0px||||false|false&#8220; custom_margin_last_edited=&#8220;on|tablet&#8220; custom_padding=&#8220;||60px||false|false&#8220; custom_padding_tablet=&#8220;15px|15px|15px|15px|true|true&#8220; custom_padding_phone=&#8220;15px|15px|15px|15px|true|true&#8220; custom_padding_last_edited=&#8220;on|phone&#8220; hover_enabled=&#8220;0&#8243; global_colors_info=&#8220;{}&#8220; module_class=&#8220;maintext&#8220; sticky_enabled=&#8220;0&#8243;]<\/p>\n<p style=\"text-align: right;\"><strong><u>Entmystifizierung des erkennbar Wissenden<br \/><\/u><\/strong><\/p>\n<h2>Gemeinsam handeln<\/h2>\n<p>Wir h\u00f6ren Sie denken: warum erscheint das Thema GOTT auf unserer Webseite, wenn wir doch nicht religi\u00f6s motiviert sind?<\/p>\n<p>Nun, Religion und GOTT sind zwei verschiedene Themen. Einerseits kann man an GOTT glauben, ohne religi\u00f6s zu sein und andererseits kann man auch religi\u00f6s sein, ohne an GOTT zu glauben.<br \/>Es gibt viel Verwirrung \u00fcber das Konzept von GOTT, weil GOTT zahlreiche Bedeutungen und Eigenschaften gegeben wurden und diese Attribute, wie Gotteskraft, die Art seiner Besch\u00e4ftigung und die Art der Beziehungsaufnahme, variieren nicht nur stark von Kultur zu Kultur, sondern sind oft im Widerspruch zueinander. <br \/>Dies macht die , was eine \u00fcbereinstimmende Meinung zu Gott auf diesem Planeten zu einer Utopie werden l\u00e4sst.<\/p>\n<h2>Was haben wir davon?<\/h2>\n<p>Dennoch, wenn GOTT real ist und \u2013 Godinci kam zu dieser Schlussfolgerung &#8211; Eigenschaften mit <strong>Bezug zur Natur<\/strong> hat, dann ist die Untersuchung zur Existenz von GOTT der Erforschung der Natur sehr \u00e4hnlich. Die einzige Ausnahme zur Natur ist, dass GOTT immateriell ist.<\/p>\n<p><a href=\"https:\/\/godinci.org\/de\/godincilogie\/\">Godincilogie<\/a> erm\u00f6glicht es uns, das Unsichtbare durch das Gesehene zu untersuchen und eignet sich daher perfekt f\u00fcr diese Aufgabe. <br \/>Der Grund daf\u00fcr ist, dass <a href=\"https:\/\/godinci.org\/de\/wer-sind-wir\/\">wir<\/a> es als einen integralen Bestandteil unserer Mission ansehen, allen Wahrheitssuchenden aufzuzeigen und zu demonstrieren, wie jeder im Einklang mit seinen geistigen F\u00e4higkeiten und unter Verwendung der Methodik von Godincilogie zu wahren <strong>Erkenntnissen<\/strong> \u00fcber Gott und seine Beziehungen zur Natur und zu SICH kommen kann.<\/p>\n<p>[\/et_pb_text][et_pb_divider color=&#8220;#960101&#8243; divider_position=&#8220;center&#8220; divider_weight=&#8220;3px&#8220; _builder_version=&#8220;4.18.0&#8243; _module_preset=&#8220;default&#8220; width=&#8220;30%&#8220; max_width=&#8220;30%&#8220; custom_margin=&#8220;-40px||20px||false|false&#8220; custom_margin_tablet=&#8220;0px||||false|false&#8220; custom_margin_phone=&#8220;0px||||false|false&#8220; custom_margin_last_edited=&#8220;on|phone&#8220; custom_padding=&#8220;0px|||0px|false|false&#8220; custom_padding_tablet=&#8220;|||10px|false|false&#8220; custom_padding_phone=&#8220;|||10px|false|false&#8220; custom_padding_last_edited=&#8220;on|phone&#8220; global_colors_info=&#8220;{}&#8220;][\/et_pb_divider][\/et_pb_column][\/et_pb_row][et_pb_row column_structure=&#8220;1_5,1_5,1_5,1_5,1_5&#8243; use_custom_gutter=&#8220;on&#8220; make_equal=&#8220;on&#8220; disabled_on=&#8220;on|on|off&#8220; admin_label=&#8220;Row&#8220; module_class=&#8220;patru-col&#8220; _builder_version=&#8220;4.18.0&#8243; _module_preset=&#8220;default&#8220; background_enable_image=&#8220;off&#8220; positioning=&#8220;fixed&#8220; position_origin_f=&#8220;bottom_left&#8220; z_index=&#8220;99999&#8243; width=&#8220;100%&#8220; max_width=&#8220;100%&#8220; overflow-y=&#8220;visible&#8220; custom_margin=&#8220;0px|auto|0px|auto|false|false&#8220; custom_padding=&#8220;0px||0px||false|false&#8220; global_module=&#8220;14083&#8243; global_colors_info=&#8220;{}&#8220; background__hover_enabled=&#8220;on|desktop&#8220;][et_pb_column type=&#8220;1_5&#8243; _builder_version=&#8220;4.18.0&#8243; _module_preset=&#8220;default&#8220; background_enable_color=&#8220;off&#8220; background_enable_image=&#8220;off&#8220; background_position=&#8220;top_left&#8220; custom_padding=&#8220;40px||||false|false&#8220; custom_css_main_element=&#8220;width: 40% !important;&#8220; global_colors_info=&#8220;{}&#8220; background__hover_enabled=&#8220;on|hover&#8220; background_image__hover=&#8220;&#8220; background_enable_image__hover=&#8220;off&#8220; background_position__hover=&#8220;top_left&#8220;][\/et_pb_column][et_pb_column type=&#8220;1_5&#8243; module_id=&#8220;brain&#8220; admin_label=&#8220;Column&#8220; _builder_version=&#8220;4.18.0&#8243; _module_preset=&#8220;default&#8220; background_enable_image=&#8220;off&#8220; background_size=&#8220;initial&#8220; background_position=&#8220;top_left&#8220; z_index=&#8220;99999&#8243; custom_padding=&#8220;6vh|||0px|false|false&#8220; custom_css_main_element=&#8220;width: 12% !important;&#8220; global_colors_info=&#8220;{}&#8220;][et_pb_image src=&#8220;https:\/\/godinci.org\/wp-content\/uploads\/2022\/10\/godinci-logo-1-300&#215;99-1.png&#8220; title_text=&#8220;godinci&#8220; _builder_version=&#8220;4.18.0&#8243; _module_preset=&#8220;default&#8220; background_color=&#8220;#606062&#8243; module_alignment=&#8220;center&#8220; height=&#8220;50px&#8220; max_height=&#8220;50px&#8220; custom_margin=&#8220;||||false|false&#8220; custom_padding=&#8220;0px|||26px|false|false&#8220; global_colors_info=&#8220;{}&#8220;][\/et_pb_image][et_pb_button button_url=&#8220;\/contact\/&#8220; button_text=&#8220; @&#8220; button_alignment=&#8220;center&#8220; disabled_on=&#8220;off|off|off&#8220; admin_label=&#8220;Button&#8220; _builder_version=&#8220;4.18.0&#8243; _module_preset=&#8220;default&#8220; custom_button=&#8220;on&#8220; button_text_size=&#8220;28px&#8220; button_text_color=&#8220;#FFFFFF&#8220; button_bg_color=&#8220;#4b4b4d&#8220; button_bg_enable_image=&#8220;off&#8220; button_border_width=&#8220;1px&#8220; button_border_color=&#8220;#FFFFFF&#8220; button_border_radius=&#8220;42px&#8220; button_use_icon=&#8220;off&#8220; positioning=&#8220;absolute&#8220; position_origin_a=&#8220;bottom_left&#8220; vertical_offset=&#8220;25px&#8220; horizontal_offset=&#8220;-24px&#8220; z_index=&#8220;99999999&#8243; background_layout=&#8220;dark&#8220; custom_margin=&#8220;-42px|||0px|false|false&#8220; custom_padding=&#8220;0px||2px|12px|false|false&#8220; custom_css_main_element=&#8220;width: 50px;||max-width: 50px;&#8220; global_colors_info=&#8220;{}&#8220; button_text__hover_enabled=&#8220;on|desktop&#8220; button_text__hover=&#8220;C O N T A C T @&#8220;][\/et_pb_button][\/et_pb_column][et_pb_column type=&#8220;1_5&#8243; module_id=&#8220;brain&#8220; _builder_version=&#8220;4.18.0&#8243; _module_preset=&#8220;default&#8220; background_enable_image=&#8220;off&#8220; background_position=&#8220;top_center&#8220; custom_padding=&#8220;6vh|||0px|false|false&#8220; custom_css_main_element=&#8220;width: 28% !important;&#8220; global_colors_info=&#8220;{}&#8220;][et_pb_text disabled_on=&#8220;off|off|off&#8220; _builder_version=&#8220;4.18.0&#8243; _module_preset=&#8220;default&#8220; background_color=&#8220;#606062&#8243; positioning=&#8220;absolute&#8220; position_origin_a=&#8220;bottom_center&#8220; z_index=&#8220;99999&#8243; text_orientation=&#8220;center&#8220; background_layout=&#8220;dark&#8220; width=&#8220;120%&#8220; height=&#8220;50px&#8220; overflow-x=&#8220;visible&#8220; custom_margin=&#8220;0px||||false|false&#8220; custom_padding=&#8220;12px||||false|false&#8220; global_colors_info=&#8220;{}&#8220;]Copyright \u00a9 Godinci\u00a02022 All Rights Reserved[\/et_pb_text][\/et_pb_column][et_pb_column type=&#8220;1_5&#8243; module_id=&#8220;brain&#8220; _builder_version=&#8220;4.18.0&#8243; _module_preset=&#8220;default&#8220; background_enable_image=&#8220;off&#8220; background_position=&#8220;top_center&#8220; custom_padding=&#8220;6vh|||0px|false|false&#8220; custom_css_main_element=&#8220;width: 10% !important;&#8220; global_colors_info=&#8220;{}&#8220;][et_pb_text disabled_on=&#8220;off|off|off&#8220; _builder_version=&#8220;4.18.0&#8243; _module_preset=&#8220;default&#8220; text_font=&#8220;||||on||||&#8220; link_text_color=&#8220;#FFFFFF&#8220; background_color=&#8220;#606062&#8243; positioning=&#8220;absolute&#8220; position_origin_a=&#8220;bottom_center&#8220; z_index=&#8220;99999&#8243; text_orientation=&#8220;center&#8220; background_layout=&#8220;dark&#8220; width=&#8220;100%&#8220; height=&#8220;50px&#8220; max_height=&#8220;50px&#8220; overflow-x=&#8220;visible&#8220; custom_margin=&#8220;0px||||false|false&#8220; custom_padding=&#8220;12px||||false|false&#8220; border_color_all=&#8220;RGBA(255,255,255,0)&#8220; global_colors_info=&#8220;{}&#8220; link_text_color__hover_enabled=&#8220;on|hover&#8220; link_text_color__hover=&#8220;#660101&#8243;]<a href=\"https:\/\/godinci.org\/copyright\/\">Copyright<\/a>[\/et_pb_text][\/et_pb_column][et_pb_column type=&#8220;1_5&#8243; module_id=&#8220;brain&#8220; _builder_version=&#8220;4.18.0&#8243; _module_preset=&#8220;default&#8220; background_enable_image=&#8220;off&#8220; background_position=&#8220;top_center&#8220; custom_padding=&#8220;6vh|||0px|false|false&#8220; custom_css_main_element=&#8220;width: 10% !important;&#8220; global_colors_info=&#8220;{}&#8220;][et_pb_menu menu_id=&#8220;36&#8243; menu_style=&#8220;centered&#8220; submenu_direction=&#8220;upwards&#8220; active_link_color=&#8220;#E09900&#8243; dropdown_menu_bg_color=&#8220;#4b4b4d&#8220; dropdown_menu_line_color=&#8220;RGBA(255,255,255,0)&#8220; dropdown_menu_text_color=&#8220;#FFFFFF&#8220; dropdown_menu_active_link_color=&#8220;#660101&#8243; mobile_menu_bg_color=&#8220;RGBA(255,255,255,0)&#8220; mobile_menu_text_color=&#8220;#FFFFFF&#8220; menu_icon_color=&#8220;RGBA(255,255,255,0)&#8220; disabled_on=&#8220;off|off|off&#8220; module_class=&#8220;desk&#8220; _builder_version=&#8220;4.18.0&#8243; _module_preset=&#8220;default&#8220; menu_text_color=&#8220;RGBA(255,255,255,0)&#8220; background_color=&#8220;#4b4b4d&#8220; positioning=&#8220;absolute&#8220; position_origin_a=&#8220;bottom_right&#8220; vertical_offset=&#8220;25px&#8220; horizontal_offset=&#8220;14px&#8220; z_index=&#8220;9999999&#8243; background_layout=&#8220;dark&#8220; width=&#8220;46px&#8220; max_width=&#8220;46px&#8220; custom_margin=&#8220;||||false|false&#8220; custom_padding=&#8220;3px|6px|7px|6px|false|true&#8220; custom_css_dropdown_container=&#8220;max-width: 46px !important;&#8220; custom_css_dropdown_links=&#8220;max-width: 102px !important;||margin-left: 0px !important;&#8220; border_radii=&#8220;on|22px|22px|22px|22px&#8220; border_width_all=&#8220;1px&#8220; border_color_all=&#8220;#FFFFFF&#8220; global_colors_info=&#8220;{}&#8220; menu_text_color__hover_enabled=&#8220;on|hover&#8220; menu_text_color__hover=&#8220;RGBA(255,255,255,0)&#8220;][\/et_pb_menu][et_pb_text disabled_on=&#8220;off|off|off&#8220; _builder_version=&#8220;4.18.0&#8243; _module_preset=&#8220;default&#8220; link_font=&#8220;||||on||||&#8220; link_text_color=&#8220;#FFFFFF&#8220; background_color=&#8220;#606062&#8243; positioning=&#8220;absolute&#8220; position_origin_a=&#8220;bottom_center&#8220; z_index=&#8220;99999&#8243; text_orientation=&#8220;center&#8220; background_layout=&#8220;dark&#8220; width=&#8220;100%&#8220; max_width=&#8220;100%&#8220; height=&#8220;50px&#8220; max_height=&#8220;50px&#8220; custom_margin=&#8220;0px||||false|false&#8220; custom_padding=&#8220;12px||||false|false&#8220; global_colors_info=&#8220;{}&#8220; link_text_color__hover_enabled=&#8220;on|hover&#8220; link_text_color__hover=&#8220;#660101&#8243;]<a href=\"https:\/\/godinci.org\/privacy-policy\/\">Policy<\/a>[\/et_pb_text][\/et_pb_column][\/et_pb_row][\/et_pb_section]<\/p>\n","protected":false},"excerpt":{"rendered":"<p>&#8222;Unser K\u00f6rper ist abh\u00e4ngig vom Himmel und der Himmel vom Geist.&#8220;(Leonardo Da Vinci)GOTT&#8220;Unser K\u00f6rper ist abh\u00e4ngig vom Himmel und der Himmel vom Geist.&#8220;(Leonardo Da Vinci)Entmystifizierung des erkennbar Wissenden Gemeinsam handeln Wir h\u00f6ren Sie denken: warum erscheint das Thema GOTT auf unserer Webseite, wenn wir doch nicht religi\u00f6s motiviert sind? Nun, Religion und GOTT sind zwei [&hellip;]<\/p>\n","protected":false},"author":1,"featured_media":0,"parent":0,"menu_order":0,"comment_status":"closed","ping_status":"closed","template":"","meta":{"_et_pb_use_builder":"on","_et_pb_old_content":"","_et_gb_content_width":"","footnotes":""},"class_list":["post-3722","page","type-page","status-publish","hentry"],"_links":{"self":[{"href":"https:\/\/godinci.org\/de\/wp-json\/wp\/v2\/pages\/3722","targetHints":{"allow":["GET"]}}],"collection":[{"href":"https:\/\/godinci.org\/de\/wp-json\/wp\/v2\/pages"}],"about":[{"href":"https:\/\/godinci.org\/de\/wp-json\/wp\/v2\/types\/page"}],"author":[{"embeddable":true,"href":"https:\/\/godinci.org\/de\/wp-json\/wp\/v2\/users\/1"}],"replies":[{"embeddable":true,"href":"https:\/\/godinci.org\/de\/wp-json\/wp\/v2\/comments?post=3722"}],"version-history":[{"count":47,"href":"https:\/\/godinci.org\/de\/wp-json\/wp\/v2\/pages\/3722\/revisions"}],"predecessor-version":[{"id":15247,"href":"https:\/\/godinci.org\/de\/wp-json\/wp\/v2\/pages\/3722\/revisions\/15247"}],"wp:attachment":[{"href":"https:\/\/godinci.org\/de\/wp-json\/wp\/v2\/media?parent=3722"}],"curies":[{"name":"wp","href":"https:\/\/api.w.org\/{rel}","templated":true}]}}