{"id":3676,"date":"2022-08-02T07:09:49","date_gmt":"2022-08-02T07:09:49","guid":{"rendered":"https:\/\/godinci.org\/baraneering\/"},"modified":"2022-11-01T11:34:51","modified_gmt":"2022-11-01T11:34:51","slug":"baraneering","status":"publish","type":"page","link":"https:\/\/godinci.org\/de\/baraneering\/","title":{"rendered":"Baraneering"},"content":{"rendered":"<p>[et_pb_section fb_built=&#8220;1&#8243; disabled_on=&#8220;off|off|on&#8220; admin_label=&#8220;mobile top quote&#8220; _builder_version=&#8220;4.18.0&#8243; width=&#8220;100%&#8220; max_width=&#8220;100%&#8220; custom_margin=&#8220;0px|0px||0px|false|true&#8220; custom_padding=&#8220;0px|0px|0px|0px|false|true&#8220; global_colors_info=&#8220;{}&#8220;][et_pb_row disabled_on=&#8220;off|off|on&#8220; admin_label=&#8220;row&#8220; _builder_version=&#8220;4.18.0&#8243; background_size=&#8220;initial&#8220; background_position=&#8220;top_left&#8220; background_repeat=&#8220;repeat&#8220; width=&#8220;100%&#8220; max_width=&#8220;100%&#8220; custom_margin=&#8220;0px||||false|false&#8220; custom_padding=&#8220;15px|15px|0px|15px|false|true&#8220; global_colors_info=&#8220;{}&#8220;][et_pb_column type=&#8220;4_4&#8243; _builder_version=&#8220;4.18.0&#8243; custom_padding=&#8220;||||false|false&#8220; global_colors_info=&#8220;{}&#8220; custom_padding__hover=&#8220;|||&#8220;][et_pb_text admin_label=&#8220;Text&#8220; module_class=&#8220;citat&#8220; _builder_version=&#8220;4.18.0&#8243; _module_preset=&#8220;default&#8220; text_font=&#8220;Kalam||||||||&#8220; text_text_color=&#8220;#660101&#8243; text_font_size=&#8220;13px&#8220; text_line_height=&#8220;1.5em&#8220; link_text_color=&#8220;#660101&#8243; text_orientation=&#8220;right&#8220; custom_margin=&#8220;||||false|false&#8220; custom_padding=&#8220;10px||10px|90px|true|false&#8220; global_colors_info=&#8220;{}&#8220;]<\/p>\n<p>\u201eIch war beeindruckt von der Dringlichkeit, etwas zu tun. Wissen ist nicht genug; wir m\u00fcssen es anwenden. Wollen ist nicht genug; wir m\u00fcssen es tun.\u201c<br \/>(Leonardo Da Vinci)<\/p>\n<p>[\/et_pb_text][\/et_pb_column][\/et_pb_row][\/et_pb_section][et_pb_section fb_built=&#8220;1&#8243; disabled_on=&#8220;off|off|off&#8220; admin_label=&#8220;Desktop good page&#8220; _builder_version=&#8220;4.18.0&#8243; _module_preset=&#8220;default&#8220; background_enable_color=&#8220;off&#8220; background_enable_image=&#8220;off&#8220; background_position=&#8220;top_right&#8220; background_horizontal_offset=&#8220;0%&#8220; z_index=&#8220;10000&#8243; height=&#8220;100%&#8220; custom_margin=&#8220;0px||0px|0px|false|false&#8220; custom_padding=&#8220;0px||0px|0px|false|false&#8220; global_colors_info=&#8220;{}&#8220;][et_pb_row disabled_on=&#8220;on|on|off&#8220; _builder_version=&#8220;4.18.0&#8243; _module_preset=&#8220;default&#8220; positioning=&#8220;fixed&#8220; z_index=&#8220;999999999&#8243; global_colors_info=&#8220;{}&#8220;][et_pb_column type=&#8220;4_4&#8243; _builder_version=&#8220;4.18.0&#8243; _module_preset=&#8220;default&#8220; global_colors_info=&#8220;{}&#8220;][et_pb_menu menu_id=&#8220;38&#8243; menu_style=&#8220;centered&#8220; active_link_color=&#8220;#FFFFFF&#8220; dropdown_menu_bg_color=&#8220;RGBA(255,255,255,0)&#8220; dropdown_menu_text_color=&#8220;#FFFFFF&#8220; dropdown_menu_active_link_color=&#8220;#FFFFFF&#8220; mobile_menu_bg_color=&#8220;#606062&#8243; mobile_menu_text_color=&#8220;#FFFFFF&#8220; menu_icon_font_size=&#8220;48px&#8220; disabled_on=&#8220;on|on|off&#8220; module_class=&#8220;hambdesk&#8220; _builder_version=&#8220;4.18.0&#8243; _module_preset=&#8220;default&#8220; menu_font_size=&#8220;18px&#8220; background_color=&#8220;#4b4b4d&#8220; positioning=&#8220;absolute&#8220; vertical_offset=&#8220;67px&#8220; z_index=&#8220;9999999999&#8243; background_layout=&#8220;dark&#8220; width=&#8220;100%&#8220; height=&#8220;80px&#8220; max_height=&#8220;80px&#8220; custom_margin=&#8220;-74px|||37.2vw|false|false&#8220; custom_padding=&#8220;20px|14px|14px|15px|false|false&#8220; sticky_position=&#8220;top&#8220; custom_css_main_element=&#8220;display: flex;||width: 80px;&#8220; border_radii=&#8220;on|50%|50%|50%|50%&#8220; border_width_all=&#8220;1px&#8220; border_color_all=&#8220;#FFFFFF&#8220; global_colors_info=&#8220;{}&#8220; dropdown_menu_bg_color__sticky_enabled=&#8220;off|desktop&#8220; dropdown_menu_bg_color__hover_enabled=&#8220;off|desktop&#8220; background__hover_enabled=&#8220;on|hover&#8220; background_color__hover=&#8220;#aa0022&#8243; background_enable_color__hover=&#8220;on&#8220;][\/et_pb_menu][\/et_pb_column][\/et_pb_row][et_pb_row column_structure=&#8220;2_5,3_5&#8243; use_custom_gutter=&#8220;on&#8220; make_equal=&#8220;on&#8220; disabled_on=&#8220;off|off|off&#8220; admin_label=&#8220;Row&#8220; module_class=&#8220;patru-col&#8220; _builder_version=&#8220;4.18.0&#8243; _module_preset=&#8220;default&#8220; background_enable_image=&#8220;off&#8220; positioning=&#8220;none&#8220; horizontal_offset=&#8220;12%&#8220; width=&#8220;100%&#8220; max_width=&#8220;100%&#8220; module_alignment=&#8220;center&#8220; overflow-y=&#8220;visible&#8220; custom_margin=&#8220;0px||0px|0px|false|false&#8220; custom_padding=&#8220;0px||0px|0px|false|false&#8220; custom_css_main_element=&#8220;height: 100%&#8220; global_colors_info=&#8220;{}&#8220; background__hover_enabled=&#8220;on|desktop&#8220;][et_pb_column type=&#8220;2_5&#8243; module_class=&#8220;col1&#8243; disabled_on=&#8220;on|on|off&#8220; _builder_version=&#8220;4.18.0&#8243; _module_preset=&#8220;default&#8220; background_enable_color=&#8220;off&#8220; background_image=&#8220;https:\/\/godinci.org\/wp-content\/uploads\/2022\/10\/bara1veryshort-scaled.jpg&#8220; background_position=&#8220;top_left&#8220; positioning=&#8220;fixed&#8220; custom_padding=&#8220;40px||||false|false&#8220; global_colors_info=&#8220;{}&#8220; background__hover_enabled=&#8220;on|hover&#8220; background_image__hover=&#8220;https:\/\/godinci.org\/wp-content\/uploads\/2022\/10\/bara2veryshort-scaled.jpg&#8220; background_enable_image__hover=&#8220;on&#8220; background_position__hover=&#8220;top_left&#8220;][et_pb_text disabled_on=&#8220;on|on|off&#8220; _builder_version=&#8220;4.18.0&#8243; _module_preset=&#8220;default&#8220; header_font=&#8220;Roboto|700|||||||&#8220; header_text_align=&#8220;center&#8220; header_text_color=&#8220;#FFFFFF&#8220; header_font_size=&#8220;36px&#8220; z_index=&#8220;99999&#8243; custom_margin=&#8220;-20px||||false|false&#8220; custom_padding=&#8220;0px||7vh||false|false&#8220; global_colors_info=&#8220;{}&#8220;]<\/p>\n<h1 style=\"text-align: center;\">Baraneering<\/h1>\n<p>[\/et_pb_text][et_pb_blurb alt=&#8220;Godinci&#8220; image_icon_width=&#8220;100%&#8220; icon_alignment=&#8220;left&#8220; content_max_width=&#8220;30vw&#8220; disabled_on=&#8220;on|on|off&#8220; _builder_version=&#8220;4.18.0&#8243; _module_preset=&#8220;default&#8220; background_color=&#8220;RGBA(255,255,255,0)&#8220; background_enable_image=&#8220;off&#8220; positioning=&#8220;absolute&#8220; z_index=&#8220;99000&#8243; width=&#8220;30vw&#8220; min_height=&#8220;30vw&#8220; height=&#8220;30vw&#8220; max_height=&#8220;30vw&#8220; custom_margin=&#8220;10vw|||4vw|false|false&#8220; custom_padding=&#8220;0px|0px|20px|0px|false|true&#8220; animation=&#8220;off&#8220; hover_transition_duration=&#8220;0ms&#8220; border_radii=&#8220;on|50%|50%|50%|50%&#8220; border_color_all=&#8220;RGBA(255,255,255,0)&#8220; global_colors_info=&#8220;{}&#8220; background__hover_enabled=&#8220;on|hover&#8220; background_image__hover=&#8220;https:\/\/godinci.org\/wp-content\/uploads\/2022\/10\/bara3veryshort-scaled.jpg&#8220; background_enable_image__hover=&#8220;on&#8220; background_color__hover=&#8220;&#8220; background_enable_color__hover=&#8220;off&#8220; custom_css_main_element__hover_enabled=&#8220;on|hover&#8220; custom_css_main_element__hover=&#8220;border-radius: 0px;||margin: 0px;||height: 100%;||width: 100%;&#8220; background_position__hover=&#8220;top_left&#8220; custom_margin__hover_enabled=&#8220;on|hover&#8220; custom_margin__hover=&#8220;0px|||0px|false|false&#8220; min_height__hover_enabled=&#8220;on|hover&#8220; min_height__hover=&#8220;100%&#8220; height__hover_enabled=&#8220;on|hover&#8220; height__hover=&#8220;100%&#8220; max_height__hover_enabled=&#8220;on|hover&#8220; max_height__hover=&#8220;100%&#8220; background_size__hover=&#8220;cover&#8220; image__hover_enabled=&#8220;on|hover&#8220; image__hover=&#8220;&#8220; transform_styles__hover_enabled=&#8220;on|hover&#8220; transform_scale__hover_enabled=&#8220;on|hover&#8220; transform_translate__hover_enabled=&#8220;on|hover&#8220; transform_rotate__hover_enabled=&#8220;on|hover&#8220; transform_skew__hover_enabled=&#8220;on|hover&#8220; transform_origin__hover_enabled=&#8220;on|hover&#8220; content_max_width__hover_enabled=&#8220;on|hover&#8220; content_max_width__hover=&#8220;100%&#8220; width__hover_enabled=&#8220;on|hover&#8220; width__hover=&#8220;100%&#8220; max_width__hover_enabled=&#8220;on|hover&#8220; max_width__hover=&#8220;100%&#8220;][\/et_pb_blurb][et_pb_text disabled_on=&#8220;off|off|off&#8220; module_class=&#8220;quo&#8220; _builder_version=&#8220;4.18.0&#8243; _module_preset=&#8220;default&#8220; text_font=&#8220;Kalam||||||||&#8220; text_text_color=&#8220;#FFFFFF&#8220; text_font_size=&#8220;19px&#8220; text_line_height=&#8220;1.3em&#8220; positioning=&#8220;absolute&#8220; position_origin_a=&#8220;bottom_center&#8220; vertical_offset=&#8220;50px&#8220; z_index=&#8220;99999&#8243; text_orientation=&#8220;center&#8220; background_layout=&#8220;dark&#8220; width=&#8220;80%&#8220; custom_margin=&#8220;||||false|false&#8220; custom_padding=&#8220;||0px||false|true&#8220; global_colors_info=&#8220;{}&#8220;]<\/p>\n<p>\u201eIch war beeindruckt von der Dringlichkeit, etwas zu tun. Wissen ist nicht genug; wir m\u00fcssen es anwenden. Wollen ist nicht genug; wir m\u00fcssen es tun.\u201c<\/p>\n<p>[\/et_pb_text][et_pb_text disabled_on=&#8220;off|off|off&#8220; module_class=&#8220;quo&#8220; _builder_version=&#8220;4.18.0&#8243; _module_preset=&#8220;default&#8220; text_font=&#8220;Kalam||||||||&#8220; text_text_color=&#8220;#FFFFFF&#8220; text_font_size=&#8220;19px&#8220; text_line_height=&#8220;1.3em&#8220; positioning=&#8220;absolute&#8220; position_origin_a=&#8220;bottom_center&#8220; vertical_offset=&#8220;0px&#8220; z_index=&#8220;99999&#8243; text_orientation=&#8220;center&#8220; background_layout=&#8220;dark&#8220; width=&#8220;80%&#8220; custom_margin=&#8220;||||false|false&#8220; custom_padding=&#8220;||0px||false|true&#8220; global_colors_info=&#8220;{}&#8220;]<\/p>\n<p style=\"text-align: right;\">(Leonardo Da Vinci)<\/p>\n<p>[\/et_pb_text][\/et_pb_column][et_pb_column type=&#8220;3_5&#8243; module_class=&#8220;col2&#8243; admin_label=&#8220;Column&#8220; _builder_version=&#8220;4.18.0&#8243; _module_preset=&#8220;default&#8220; background_enable_image=&#8220;off&#8220; background_size=&#8220;initial&#8220; background_position=&#8220;top_left&#8220; z_index=&#8220;99999&#8243; overflow-y=&#8220;auto&#8220; custom_padding=&#8220;6vh|||0px|false|false&#8220; custom_padding_tablet=&#8220;0vh||||false|false&#8220; custom_padding_phone=&#8220;0vh||||false|false&#8220; custom_padding_last_edited=&#8220;on|phone&#8220; global_colors_info=&#8220;{}&#8220;][et_pb_text ol_position=&#8220;outside&#8220; ol_item_indent=&#8220;30px&#8220; admin_label=&#8220;Main text &#8211; here you can edit&#8220; module_class=&#8220;maintext&#8220; _builder_version=&#8220;4.18.1&#8243; ul_text_align=&#8220;left&#8220; ol_text_align=&#8220;left&#8220; header_text_color=&#8220;#660101&#8243; header_2_text_color=&#8220;#660101&#8243; background_size=&#8220;initial&#8220; background_position=&#8220;top_left&#8220; background_repeat=&#8220;repeat&#8220; custom_margin=&#8220;160px||||false|false&#8220; custom_margin_tablet=&#8220;0px||||false|false&#8220; custom_margin_phone=&#8220;0px||||false|false&#8220; custom_margin_last_edited=&#8220;on|tablet&#8220; custom_padding=&#8220;||60px||false|false&#8220; custom_padding_tablet=&#8220;15px|15px|15px|15px|true|true&#8220; custom_padding_phone=&#8220;15px|15px|15px|15px|true|true&#8220; custom_padding_last_edited=&#8220;on|phone&#8220; hover_enabled=&#8220;0&#8243; global_colors_info=&#8220;{}&#8220; sticky_enabled=&#8220;0&#8243;]<\/p>\n<p style=\"text-align: right;\"><strong><u>Aktiv werden f\u00fcr den Fortschritt der Menschheit<br \/><\/u><\/strong><\/p>\n<h2>Worum geht es?<\/h2>\n<p>Unsere Evolution ist im Gegensatz zu der von Tieren haupts\u00e4chlich ein geistig getriebener Prozess.<br \/>Es ist unsere Anschauung der Welt, die Verhaltensmuster in uns anlegt und uns in bestimmte Vorlieben dr\u00e4ngt. <br \/>Folglich n\u00e4hrt ein falsches Verst\u00e4ndnis der Natur und dem Selbst das Biest in unserem Inneren, indem es unsere falschen Bed\u00fcrfnisse stillt.<\/p>\n<p>Um dies zu vermeiden, m\u00fcssen wir beurteilen, verstehen und definieren, welche Probleme zu beheben und welche Bed\u00fcrfnisse zu befriedigen sind.<\/p>\n<p>Obwohl <a href=\"https:\/\/godinci.org\/de\/godincilogie\/\">Godincilogie<\/a> es uns erm\u00f6glicht, zu wahrheitsgem\u00e4\u00dfen Einsichten \u00fcber die Natur und unser Selbst zu gelangen, m\u00fcssen wir, um wirklich in Einklang mit unserem Wesen wachsen zu k\u00f6nnen, mit Hilfe unseres erworbenen Wissens alle denkbaren Mittel ergreifen, die uns ein solches Wachstum erm\u00f6glichen.<\/p>\n<p>Technologie ist in dieser Hinsicht aufgrund ihrer <a href=\"http:\/\/dictionary.reference.com\/browse\/synergism\">synergetischen<\/a> Beziehung zur Gesellschaft sehr n\u00fctzlich, da sie die gesellschaftspolitischen Ziele f\u00f6rdern kann.<br \/>Um jedoch eine soziale Degeneration zu vermeiden, die durch die Vergewaltigung der Technologie vorangetrieben wird, m\u00fcssen wir die richtigen handfesten Mittel entwickeln und einsetzen, die unser &#8222;wahres&#8220; Wachstum erm\u00f6glichen.<\/p>\n<p>Hier kommt <strong>Baraneering<\/strong> ins Spiel.<\/p>\n<h2>Schlie\u00dfen wir einen Vergleich!<\/h2>\n<p>Um es einfach auszudr\u00fccken, <strong>Baraneering<\/strong> ist f\u00fcr <a href=\"https:\/\/godinci.org\/de\/godincilogie\/\">Godincilogie<\/a> so viel wie Technologie f\u00fcr die Wissenschaft. Mit anderen Worten, <strong>Baraneering<\/strong> ist die angewandte Form der Godincilogie.<\/p>\n<p>Wir bei <a href=\"https:\/\/godinci.org\/de\/wer-sind-wir\/\">Godinci<\/a> sind daher gerne bereit, Ihnen zu helfen Leonardo Da Vinci\u2018s der zweiten Generation zu werden, indem wir Ihnen zeigen, wie Sie das erworbene Wissen in konkrete Werte und Anwendungen umsetzen k\u00f6nnen.<\/p>\n<p>Diese sollen dazu dienen unser Werden als Individuum und Kollektiv zur Erf\u00fcllung unseres kosmischen Zwecks zu erm\u00f6glichen und zu beschleunigen.<br \/>Damit jeder von Ihnen, in \u00dcbereinstimmung mit seinen eigenen geistigen F\u00e4higkeiten und Fertigkeiten, aktiv an der Planung, Entwicklung, Verbesserung und Erhaltung der <a href=\"https:\/\/godinci.org\/de\/glossary\/\"><strong>Bracratie<\/strong><\/a> teilnehmen kann, indem er bei der Erzeugung und Umsetzung aller Wunder der Gl\u00fcckseligkeit mithilft wahres Wachstum zu erm\u00f6glichen.<\/p>\n<p>[\/et_pb_text][et_pb_divider color=&#8220;#960101&#8243; divider_position=&#8220;center&#8220; divider_weight=&#8220;3px&#8220; _builder_version=&#8220;4.18.0&#8243; _module_preset=&#8220;default&#8220; width=&#8220;30%&#8220; max_width=&#8220;30%&#8220; custom_margin=&#8220;-40px||20px||false|false&#8220; custom_margin_tablet=&#8220;0px||||false|false&#8220; custom_margin_phone=&#8220;0px||||false|false&#8220; custom_margin_last_edited=&#8220;on|phone&#8220; custom_padding=&#8220;0px|||0px|false|false&#8220; custom_padding_tablet=&#8220;|||10px|false|false&#8220; custom_padding_phone=&#8220;|||10px|false|false&#8220; custom_padding_last_edited=&#8220;on|phone&#8220; global_colors_info=&#8220;{}&#8220;][\/et_pb_divider][\/et_pb_column][\/et_pb_row][et_pb_row column_structure=&#8220;1_5,1_5,1_5,1_5,1_5&#8243; use_custom_gutter=&#8220;on&#8220; make_equal=&#8220;on&#8220; disabled_on=&#8220;on|on|off&#8220; admin_label=&#8220;Row&#8220; module_class=&#8220;patru-col&#8220; _builder_version=&#8220;4.18.0&#8243; _module_preset=&#8220;default&#8220; background_enable_image=&#8220;off&#8220; positioning=&#8220;fixed&#8220; position_origin_f=&#8220;bottom_left&#8220; z_index=&#8220;99999&#8243; width=&#8220;100%&#8220; max_width=&#8220;100%&#8220; overflow-y=&#8220;visible&#8220; custom_margin=&#8220;0px|auto|0px|auto|false|false&#8220; custom_padding=&#8220;0px||0px||false|false&#8220; global_module=&#8220;14083&#8243; global_colors_info=&#8220;{}&#8220; background__hover_enabled=&#8220;on|desktop&#8220;][et_pb_column type=&#8220;1_5&#8243; _builder_version=&#8220;4.18.0&#8243; _module_preset=&#8220;default&#8220; background_enable_color=&#8220;off&#8220; background_enable_image=&#8220;off&#8220; background_position=&#8220;top_left&#8220; custom_padding=&#8220;40px||||false|false&#8220; custom_css_main_element=&#8220;width: 40% !important;&#8220; global_colors_info=&#8220;{}&#8220; background__hover_enabled=&#8220;on|hover&#8220; background_image__hover=&#8220;&#8220; background_enable_image__hover=&#8220;off&#8220; background_position__hover=&#8220;top_left&#8220;][\/et_pb_column][et_pb_column type=&#8220;1_5&#8243; module_id=&#8220;brain&#8220; admin_label=&#8220;Column&#8220; _builder_version=&#8220;4.18.0&#8243; _module_preset=&#8220;default&#8220; background_enable_image=&#8220;off&#8220; background_size=&#8220;initial&#8220; background_position=&#8220;top_left&#8220; z_index=&#8220;99999&#8243; custom_padding=&#8220;6vh|||0px|false|false&#8220; custom_css_main_element=&#8220;width: 12% !important;&#8220; global_colors_info=&#8220;{}&#8220;][et_pb_image src=&#8220;https:\/\/godinci.org\/wp-content\/uploads\/2022\/10\/godinci-logo-1-300&#215;99-1.png&#8220; title_text=&#8220;godinci&#8220; url=&#8220;\/de\/&#8220; _builder_version=&#8220;4.18.1&#8243; _module_preset=&#8220;default&#8220; background_color=&#8220;#606062&#8243; module_alignment=&#8220;center&#8220; height=&#8220;50px&#8220; max_height=&#8220;50px&#8220; custom_margin=&#8220;||||false|false&#8220; custom_padding=&#8220;0px|||26px|false|false&#8220; global_colors_info=&#8220;{}&#8220;][\/et_pb_image][et_pb_button button_url=&#8220;\/contact\/&#8220; button_text=&#8220; @&#8220; button_alignment=&#8220;center&#8220; disabled_on=&#8220;off|off|off&#8220; admin_label=&#8220;Button&#8220; _builder_version=&#8220;4.18.0&#8243; _module_preset=&#8220;default&#8220; custom_button=&#8220;on&#8220; button_text_size=&#8220;28px&#8220; button_text_color=&#8220;#FFFFFF&#8220; button_bg_color=&#8220;#4b4b4d&#8220; button_bg_enable_image=&#8220;off&#8220; button_border_width=&#8220;1px&#8220; button_border_color=&#8220;#FFFFFF&#8220; button_border_radius=&#8220;42px&#8220; button_use_icon=&#8220;off&#8220; positioning=&#8220;absolute&#8220; position_origin_a=&#8220;bottom_left&#8220; vertical_offset=&#8220;25px&#8220; horizontal_offset=&#8220;-24px&#8220; z_index=&#8220;99999999&#8243; background_layout=&#8220;dark&#8220; custom_margin=&#8220;-42px|||0px|false|false&#8220; custom_padding=&#8220;0px||2px|12px|false|false&#8220; custom_css_main_element=&#8220;width: 50px;||max-width: 50px;&#8220; global_colors_info=&#8220;{}&#8220; button_text__hover_enabled=&#8220;on|desktop&#8220; button_text__hover=&#8220;C O N T A C T @&#8220;][\/et_pb_button][\/et_pb_column][et_pb_column type=&#8220;1_5&#8243; module_id=&#8220;brain&#8220; _builder_version=&#8220;4.18.0&#8243; _module_preset=&#8220;default&#8220; background_enable_image=&#8220;off&#8220; background_position=&#8220;top_center&#8220; custom_padding=&#8220;6vh|||0px|false|false&#8220; custom_css_main_element=&#8220;width: 28% !important;&#8220; global_colors_info=&#8220;{}&#8220;][et_pb_text disabled_on=&#8220;off|off|off&#8220; _builder_version=&#8220;4.18.0&#8243; _module_preset=&#8220;default&#8220; background_color=&#8220;#606062&#8243; positioning=&#8220;absolute&#8220; position_origin_a=&#8220;bottom_center&#8220; z_index=&#8220;99999&#8243; text_orientation=&#8220;center&#8220; background_layout=&#8220;dark&#8220; width=&#8220;120%&#8220; height=&#8220;50px&#8220; overflow-x=&#8220;visible&#8220; custom_margin=&#8220;0px||||false|false&#8220; custom_padding=&#8220;12px||||false|false&#8220; global_colors_info=&#8220;{}&#8220;]Copyright \u00a9 Godinci\u00a02022 All Rights Reserved[\/et_pb_text][\/et_pb_column][et_pb_column type=&#8220;1_5&#8243; module_id=&#8220;brain&#8220; _builder_version=&#8220;4.18.0&#8243; _module_preset=&#8220;default&#8220; background_enable_image=&#8220;off&#8220; background_position=&#8220;top_center&#8220; custom_padding=&#8220;6vh|||0px|false|false&#8220; custom_css_main_element=&#8220;width: 10% !important;&#8220; global_colors_info=&#8220;{}&#8220;][et_pb_text disabled_on=&#8220;off|off|off&#8220; _builder_version=&#8220;4.18.0&#8243; _module_preset=&#8220;default&#8220; text_font=&#8220;||||on||||&#8220; link_text_color=&#8220;#FFFFFF&#8220; background_color=&#8220;#606062&#8243; positioning=&#8220;absolute&#8220; position_origin_a=&#8220;bottom_center&#8220; z_index=&#8220;99999&#8243; text_orientation=&#8220;center&#8220; background_layout=&#8220;dark&#8220; width=&#8220;100%&#8220; height=&#8220;50px&#8220; max_height=&#8220;50px&#8220; overflow-x=&#8220;visible&#8220; custom_margin=&#8220;0px||||false|false&#8220; custom_padding=&#8220;12px||||false|false&#8220; border_color_all=&#8220;RGBA(255,255,255,0)&#8220; global_colors_info=&#8220;{}&#8220; link_text_color__hover_enabled=&#8220;on|hover&#8220; link_text_color__hover=&#8220;#660101&#8243;]<a href=\"https:\/\/godinci.org\/copyright\/\">Copyright<\/a>[\/et_pb_text][\/et_pb_column][et_pb_column type=&#8220;1_5&#8243; module_id=&#8220;brain&#8220; _builder_version=&#8220;4.18.0&#8243; _module_preset=&#8220;default&#8220; background_enable_image=&#8220;off&#8220; background_position=&#8220;top_center&#8220; custom_padding=&#8220;6vh|||0px|false|false&#8220; custom_css_main_element=&#8220;width: 10% !important;&#8220; global_colors_info=&#8220;{}&#8220;][et_pb_menu menu_id=&#8220;36&#8243; menu_style=&#8220;centered&#8220; submenu_direction=&#8220;upwards&#8220; active_link_color=&#8220;#E09900&#8243; dropdown_menu_bg_color=&#8220;#4b4b4d&#8220; dropdown_menu_line_color=&#8220;RGBA(255,255,255,0)&#8220; dropdown_menu_text_color=&#8220;#FFFFFF&#8220; dropdown_menu_active_link_color=&#8220;#660101&#8243; mobile_menu_bg_color=&#8220;RGBA(255,255,255,0)&#8220; mobile_menu_text_color=&#8220;#FFFFFF&#8220; menu_icon_color=&#8220;RGBA(255,255,255,0)&#8220; disabled_on=&#8220;off|off|off&#8220; module_class=&#8220;desk&#8220; _builder_version=&#8220;4.18.0&#8243; _module_preset=&#8220;default&#8220; menu_text_color=&#8220;RGBA(255,255,255,0)&#8220; background_color=&#8220;#4b4b4d&#8220; positioning=&#8220;absolute&#8220; position_origin_a=&#8220;bottom_right&#8220; vertical_offset=&#8220;25px&#8220; horizontal_offset=&#8220;14px&#8220; z_index=&#8220;9999999&#8243; background_layout=&#8220;dark&#8220; width=&#8220;46px&#8220; max_width=&#8220;46px&#8220; custom_margin=&#8220;||||false|false&#8220; custom_padding=&#8220;3px|6px|7px|6px|false|true&#8220; custom_css_dropdown_container=&#8220;max-width: 46px !important;&#8220; custom_css_dropdown_links=&#8220;max-width: 102px !important;||margin-left: 0px !important;&#8220; border_radii=&#8220;on|22px|22px|22px|22px&#8220; border_width_all=&#8220;1px&#8220; border_color_all=&#8220;#FFFFFF&#8220; global_colors_info=&#8220;{}&#8220; menu_text_color__hover_enabled=&#8220;on|hover&#8220; menu_text_color__hover=&#8220;RGBA(255,255,255,0)&#8220;][\/et_pb_menu][et_pb_text disabled_on=&#8220;off|off|off&#8220; _builder_version=&#8220;4.18.0&#8243; _module_preset=&#8220;default&#8220; link_font=&#8220;||||on||||&#8220; link_text_color=&#8220;#FFFFFF&#8220; background_color=&#8220;#606062&#8243; positioning=&#8220;absolute&#8220; position_origin_a=&#8220;bottom_center&#8220; z_index=&#8220;99999&#8243; text_orientation=&#8220;center&#8220; background_layout=&#8220;dark&#8220; width=&#8220;100%&#8220; max_width=&#8220;100%&#8220; height=&#8220;50px&#8220; max_height=&#8220;50px&#8220; custom_margin=&#8220;0px||||false|false&#8220; custom_padding=&#8220;12px||||false|false&#8220; global_colors_info=&#8220;{}&#8220; link_text_color__hover_enabled=&#8220;on|hover&#8220; link_text_color__hover=&#8220;#660101&#8243;]<a href=\"https:\/\/godinci.org\/privacy-policy\/\">Policy<\/a>[\/et_pb_text][\/et_pb_column][\/et_pb_row][\/et_pb_section]<\/p>\n","protected":false},"excerpt":{"rendered":"<p>\u201eIch war beeindruckt von der Dringlichkeit, etwas zu tun. Wissen ist nicht genug; wir m\u00fcssen es anwenden. Wollen ist nicht genug; wir m\u00fcssen es tun.\u201c(Leonardo Da Vinci)Baraneering\u201eIch war beeindruckt von der Dringlichkeit, etwas zu tun. Wissen ist nicht genug; wir m\u00fcssen es anwenden. Wollen ist nicht genug; wir m\u00fcssen es tun.\u201c(Leonardo Da Vinci)Aktiv werden f\u00fcr [&hellip;]<\/p>\n","protected":false},"author":1,"featured_media":0,"parent":0,"menu_order":0,"comment_status":"closed","ping_status":"closed","template":"","meta":{"_et_pb_use_builder":"on","_et_pb_old_content":"","_et_gb_content_width":"","footnotes":""},"class_list":["post-3676","page","type-page","status-publish","hentry"],"_links":{"self":[{"href":"https:\/\/godinci.org\/de\/wp-json\/wp\/v2\/pages\/3676","targetHints":{"allow":["GET"]}}],"collection":[{"href":"https:\/\/godinci.org\/de\/wp-json\/wp\/v2\/pages"}],"about":[{"href":"https:\/\/godinci.org\/de\/wp-json\/wp\/v2\/types\/page"}],"author":[{"embeddable":true,"href":"https:\/\/godinci.org\/de\/wp-json\/wp\/v2\/users\/1"}],"replies":[{"embeddable":true,"href":"https:\/\/godinci.org\/de\/wp-json\/wp\/v2\/comments?post=3676"}],"version-history":[{"count":45,"href":"https:\/\/godinci.org\/de\/wp-json\/wp\/v2\/pages\/3676\/revisions"}],"predecessor-version":[{"id":15845,"href":"https:\/\/godinci.org\/de\/wp-json\/wp\/v2\/pages\/3676\/revisions\/15845"}],"wp:attachment":[{"href":"https:\/\/godinci.org\/de\/wp-json\/wp\/v2\/media?parent=3676"}],"curies":[{"name":"wp","href":"https:\/\/api.w.org\/{rel}","templated":true}]}}